{"id":55196,"date":"2023-11-21T00:48:56","date_gmt":"2023-11-21T00:48:56","guid":{"rendered":"https:\/\/donaulife-new.ogrisdigital.at\/produkt\/empire-glassworks-glaspfeife-spam-musubi-13-cm\/"},"modified":"2024-07-01T01:13:25","modified_gmt":"2024-07-01T01:13:25","slug":"empire-glassworks-glaspfeife-spam-musubi-13-cm","status":"publish","type":"product","link":"https:\/\/donaulife-new.ogrisdigital.at\/en\/empire-glassworks-glaspfeife-spam-musubi-13-cm\/","title":{"rendered":"EMPIRE GLASSWORKS Glaspfeife &#8216;Spam Musubi&#8217; | 13 cm"},"content":{"rendered":"<h2>Empire Glassworks Masubi Glaspfeife<\/h2>\n<div>Suchst du nach einer authentischen Pfeife und bist Sushi-Liebhaber? Die Spam Musubi Pipe von Empire Glassworks ist die sch\u00f6nste Pfeife, die es gibt. Frisches Spam Fleisch auf einer gro\u00dfz\u00fcgigen Portion r\u012bs! Lecker!<\/div>\n<ul>\n<li>L\u00e4nge: 13 cm<\/li>\n<li>Marke: Empire Glassworks<\/li>\n<li>Material: Borosilikatglas<\/li>\n<li>Design: Masubi<\/li>\n<li>Farbe: braun, wei\u00df, schwarz<\/li>\n<\/ul>\n<h3>\u00dcber Empire Glassworks:<\/h3>\n<div>\n<div>Empire Glassworks wurde 2013 gegr\u00fcndet und hat seinen Hauptsitz in Placentia, Kalifornien, USA, s\u00fcd\u00f6stlich von Los Angeles. Die K\u00fcnstler und Eigent\u00fcmer von Empire Glassworks verf\u00fcgen \u00fcber mehr als 40 Jahre Erfahrung in der Herstellung von Glasfiguren, Borosilikatperlen und metallveredelten Schmuckst\u00fccken f\u00fcr die High-End-Schmuckbranche. Mit dieser Erfahrung und diesem Wissen konnten sie ihre F\u00e4higkeiten nutzen, um ein komplettes Sortiment an handgefertigtem Vaping- und Raucherzubeh\u00f6r zu kreieren, einschlie\u00dflich einer begrenzten Auswahl an Designerkreationen, die in den Vereinigten Staaten, Kanada, Australien und Europa vertrieben werden.<\/div>\n<div><\/div>\n<div>Das Team von Empire Glassworks besteht aus hochqualifizierten Glasbl\u00e4sern, die alle St\u00fccke individuell entwerfen und nur das beste importierte Glas aus Europa und den Vereinigten Staaten verwenden. Die meisten der verwendeten Farben werden von ihnen selbst gemischt, um ihr einzigartiges und wundersch\u00f6nes Sortiment an handgefertigtem Vaping- und Raucherzubeh\u00f6r zu kreieren. Alle St\u00fccke werden sorgf\u00e4ltig in einem Ofen bei \u00fcber 1000 Grad Celsius gebacken, was sie st\u00e4rker und haltbarer macht als herk\u00f6mmliche Glasbongs.<\/div>\n<\/div>\n","protected":false},"excerpt":{"rendered":"<p>Empire Glassworks Masubi Glaspfeife Suchst du nach einer authentischen Pfeife und bist Sushi-Liebhaber? Die Spam Musubi Pipe von Empire Glassworks<\/p>\n","protected":false},"featured_media":42681,"comment_status":"open","ping_status":"open","template":"","meta":{"_acf_changed":false},"product_cat":[2459,3745,2502,2451,2463,2501],"product_tag":[],"acf":[],"_links":{"self":[{"href":"https:\/\/donaulife-new.ogrisdigital.at\/en\/wp-json\/wp\/v2\/product\/55196"}],"collection":[{"href":"https:\/\/donaulife-new.ogrisdigital.at\/en\/wp-json\/wp\/v2\/product"}],"about":[{"href":"https:\/\/donaulife-new.ogrisdigital.at\/en\/wp-json\/wp\/v2\/types\/product"}],"replies":[{"embeddable":true,"href":"https:\/\/donaulife-new.ogrisdigital.at\/en\/wp-json\/wp\/v2\/comments?post=55196"}],"wp:featuredmedia":[{"embeddable":true,"href":"https:\/\/donaulife-new.ogrisdigital.at\/en\/wp-json\/wp\/v2\/media\/42681"}],"wp:attachment":[{"href":"https:\/\/donaulife-new.ogrisdigital.at\/en\/wp-json\/wp\/v2\/media?parent=55196"}],"wp:term":[{"taxonomy":"product_cat","embeddable":true,"href":"https:\/\/donaulife-new.ogrisdigital.at\/en\/wp-json\/wp\/v2\/product_cat?post=55196"},{"taxonomy":"product_tag","embeddable":true,"href":"https:\/\/donaulife-new.ogrisdigital.at\/en\/wp-json\/wp\/v2\/product_tag?post=55196"}],"curies":[{"name":"wp","href":"https:\/\/api.w.org\/{rel}","templated":true}]}}