{"id":55191,"date":"2023-11-20T23:58:52","date_gmt":"2023-11-20T23:58:52","guid":{"rendered":"https:\/\/donaulife-new.ogrisdigital.at\/produkt\/empire-glassworks-bongkopf-narzisse-145-mm\/"},"modified":"2024-07-01T01:13:20","modified_gmt":"2024-07-01T01:13:20","slug":"empire-glassworks-bongkopf-narzisse-145-mm","status":"publish","type":"product","link":"https:\/\/donaulife-new.ogrisdigital.at\/en\/empire-glassworks-bongkopf-narzisse-145-mm\/","title":{"rendered":"EMPIRE GLASSWORKS Bongkopf &#8216;Narzisse&#8217; | 14,5 mm"},"content":{"rendered":"<h2>Empire Glassworks Bongkopf Narzisse<\/h2>\n<div>\n<div>Der Narzissen Kopf von Empire ist ein ganz besonderes St\u00fcck. Wundersch\u00f6n von Hand geformt befindet sich als liebevolles Detail ein kleiner Marienk\u00e4fer auf der Bl\u00fcte. Mit dieser Bowl f\u00fchlst du dich der Natur gleich ein gro\u00dfes St\u00fcck verbundener.<\/div>\n<\/div>\n<ul>\n<li>Schliff: 14,5 mm<\/li>\n<li>Marke: Empire Glassworks<\/li>\n<li>Material: Borosilikatglas<\/li>\n<li>Design: Narzisse<\/li>\n<li>Farbe: gelb<\/li>\n<\/ul>\n<h3>\u00dcber Empire Glassworks:<\/h3>\n<div>\n<div>Empire Glassworks wurde 2013 gegr\u00fcndet und hat seinen Hauptsitz in Placentia, Kalifornien, USA, s\u00fcd\u00f6stlich von Los Angeles. Die K\u00fcnstler und Eigent\u00fcmer von Empire Glassworks verf\u00fcgen \u00fcber mehr als 40 Jahre Erfahrung in der Herstellung von Glasfiguren, Borosilikatperlen und metallveredelten Schmuckst\u00fccken f\u00fcr die High-End-Schmuckbranche. Mit dieser Erfahrung und diesem Wissen konnten sie ihre F\u00e4higkeiten nutzen, um ein komplettes Sortiment an handgefertigtem Vaping- und Raucherzubeh\u00f6r zu kreieren, einschlie\u00dflich einer begrenzten Auswahl an Designerkreationen, die in den Vereinigten Staaten, Kanada, Australien und Europa vertrieben werden.<\/div>\n<div><\/div>\n<div>Das Team von Empire Glassworks besteht aus hochqualifizierten Glasbl\u00e4sern, die alle St\u00fccke individuell entwerfen und nur das beste importierte Glas aus Europa und den Vereinigten Staaten verwenden. Die meisten der verwendeten Farben werden von ihnen selbst gemischt, um ihr einzigartiges und wundersch\u00f6nes Sortiment an handgefertigtem Vaping- und Raucherzubeh\u00f6r zu kreieren. Alle St\u00fccke werden sorgf\u00e4ltig in einem Ofen bei \u00fcber 1000 Grad Celsius gebacken, was sie st\u00e4rker und haltbarer macht als herk\u00f6mmliche Glasbongs.<\/div>\n<\/div>\n","protected":false},"excerpt":{"rendered":"<p>Empire Glassworks Bongkopf Narzisse Der Narzissen Kopf von Empire ist ein ganz besonderes St\u00fcck. Wundersch\u00f6n von Hand geformt befindet sich<\/p>\n","protected":false},"featured_media":42626,"comment_status":"open","ping_status":"open","template":"","meta":{"_acf_changed":false},"product_cat":[2473,2459,2461,3745,2463,2460],"product_tag":[],"acf":[],"_links":{"self":[{"href":"https:\/\/donaulife-new.ogrisdigital.at\/en\/wp-json\/wp\/v2\/product\/55191"}],"collection":[{"href":"https:\/\/donaulife-new.ogrisdigital.at\/en\/wp-json\/wp\/v2\/product"}],"about":[{"href":"https:\/\/donaulife-new.ogrisdigital.at\/en\/wp-json\/wp\/v2\/types\/product"}],"replies":[{"embeddable":true,"href":"https:\/\/donaulife-new.ogrisdigital.at\/en\/wp-json\/wp\/v2\/comments?post=55191"}],"wp:featuredmedia":[{"embeddable":true,"href":"https:\/\/donaulife-new.ogrisdigital.at\/en\/wp-json\/wp\/v2\/media\/42626"}],"wp:attachment":[{"href":"https:\/\/donaulife-new.ogrisdigital.at\/en\/wp-json\/wp\/v2\/media?parent=55191"}],"wp:term":[{"taxonomy":"product_cat","embeddable":true,"href":"https:\/\/donaulife-new.ogrisdigital.at\/en\/wp-json\/wp\/v2\/product_cat?post=55191"},{"taxonomy":"product_tag","embeddable":true,"href":"https:\/\/donaulife-new.ogrisdigital.at\/en\/wp-json\/wp\/v2\/product_tag?post=55191"}],"curies":[{"name":"wp","href":"https:\/\/api.w.org\/{rel}","templated":true}]}}