{"id":55156,"date":"2023-10-27T13:23:12","date_gmt":"2023-10-27T13:23:12","guid":{"rendered":"https:\/\/donaulife-new.ogrisdigital.at\/produkt\/bio-glass-barton-schwarz-45-cm\/"},"modified":"2024-07-01T01:13:01","modified_gmt":"2024-07-01T01:13:01","slug":"bio-glass-barton-schwarz-45-cm","status":"publish","type":"product","link":"https:\/\/donaulife-new.ogrisdigital.at\/en\/bio-glass-barton-schwarz-45-cm\/","title":{"rendered":"BIO GLASS &#8216;Barton&#8217; schwarz | 45 cm"},"content":{"rendered":"<h2>Bio Glass Polizei Barton Pfeife<\/h2>\n<p>Dies ist eine 45 cm Polizei Baton Purpfeife in sch\u00f6nen schwarzen gl\u00e4nzenden Glas geblasen. In den USA hergestellt, erm\u00f6glicht die Stabform eine einfache Handhabung und ein sehr einzigartiges Aussehen.<\/p>\n<ul>\n<li>L\u00e4nge: 45 cm<\/li>\n<li>Marke: Bio<\/li>\n<li>Material: Borosilikatglas<\/li>\n<li>Design: Dampfwalze<\/li>\n<li>Farbe: Schwarz mit goldenem Logo<\/li>\n<\/ul>\n<h3>\u00dcber Bio Glass:<\/h3>\n<div>Bei Bio Glass sind wir stolz auf die Arbeit, die wir leisten. Unsere erfahrenen Glasbl\u00e4ser nutzen ihre jahrelange Erfahrung, um innovative und stilvolle St\u00fccke zu kreieren, die mit Sicherheit auffallen. Wir garantieren, dass alle unsere Produkte alles andere als gew\u00f6hnlich sind. In diesem Markt haben wir einen Mangel an neuen Ideen festgestellt und Bio produziert mit dem Ziel, der beste in der Branche zu sein.<\/div>\n","protected":false},"excerpt":{"rendered":"<p>Bio Glass Polizei Barton Pfeife Dies ist eine 45 cm Polizei Baton Purpfeife in sch\u00f6nen schwarzen gl\u00e4nzenden Glas geblasen. In<\/p>\n","protected":false},"featured_media":42378,"comment_status":"open","ping_status":"open","template":"","meta":{"_acf_changed":false},"product_cat":[2963,2459,2502,2451,2463,2501],"product_tag":[],"acf":[],"_links":{"self":[{"href":"https:\/\/donaulife-new.ogrisdigital.at\/en\/wp-json\/wp\/v2\/product\/55156"}],"collection":[{"href":"https:\/\/donaulife-new.ogrisdigital.at\/en\/wp-json\/wp\/v2\/product"}],"about":[{"href":"https:\/\/donaulife-new.ogrisdigital.at\/en\/wp-json\/wp\/v2\/types\/product"}],"replies":[{"embeddable":true,"href":"https:\/\/donaulife-new.ogrisdigital.at\/en\/wp-json\/wp\/v2\/comments?post=55156"}],"wp:featuredmedia":[{"embeddable":true,"href":"https:\/\/donaulife-new.ogrisdigital.at\/en\/wp-json\/wp\/v2\/media\/42378"}],"wp:attachment":[{"href":"https:\/\/donaulife-new.ogrisdigital.at\/en\/wp-json\/wp\/v2\/media?parent=55156"}],"wp:term":[{"taxonomy":"product_cat","embeddable":true,"href":"https:\/\/donaulife-new.ogrisdigital.at\/en\/wp-json\/wp\/v2\/product_cat?post=55156"},{"taxonomy":"product_tag","embeddable":true,"href":"https:\/\/donaulife-new.ogrisdigital.at\/en\/wp-json\/wp\/v2\/product_tag?post=55156"}],"curies":[{"name":"wp","href":"https:\/\/api.w.org\/{rel}","templated":true}]}}