{"id":55152,"date":"2023-10-27T12:10:07","date_gmt":"2023-10-27T12:10:07","guid":{"rendered":"https:\/\/donaulife-new.ogrisdigital.at\/produkt\/lock-n-load-one-hitter-schwarz-9-mm\/"},"modified":"2024-08-06T09:35:54","modified_gmt":"2024-08-06T09:35:54","slug":"lock-n-load-one-hitter-schwarz-9-mm","status":"publish","type":"product","link":"https:\/\/donaulife-new.ogrisdigital.at\/en\/lock-n-load-one-hitter-schwarz-9-mm\/","title":{"rendered":"LOCK N LOAD One Hitter schwarz | 9 mm"},"content":{"rendered":"<h2>Lock n Load One Hitter<\/h2>\n<div>\n<p>Dies ist die neue und innovative 9mm Chillum Lock-N-Load. Exklusiv f\u00fcr Bio Hazard hergestellt, sind diese Einheiten ideal f\u00fcr diejenigen, die immer unterwegs sind. Diese Chillums aus Glas in pharmazeutischer Qualit\u00e4t werden mit einem Drehverschluss geliefert, um die Blumen sicher aufzubewahren, damit sie immer und \u00fcberall bereit sind. Seien Sie Ihrer Konkurrenz einen Schritt voraus und sichern Sie sich Ihr Display mit 48 St\u00fcck Lock-N-Load Chillums.<\/p>\n<ul>\n<li>Marke: Lock-N-Load<\/li>\n<li>Durchmesser: 9mm<\/li>\n<li>Material: Pharmazeutisches Qualit\u00e4tsglas<\/li>\n<li>Eigenschaften: Drehbare Kappe zum Aufbewahren der Bl\u00fcten f\u00fcr unterwegs<\/li>\n<\/ul>\n<\/div>\n<h3>\u00dcber Bio Glass:<\/h3>\n<div>Bei Bio Glass sind wir stolz auf die Arbeit, die wir leisten. Unsere erfahrenen Glasbl\u00e4ser nutzen ihre jahrelange Erfahrung, um innovative und stilvolle St\u00fccke zu kreieren, die mit Sicherheit auffallen. Wir garantieren, dass alle unsere Produkte alles andere als gew\u00f6hnlich sind. In diesem Markt haben wir einen Mangel an neuen Ideen festgestellt und Bio produziert mit dem Ziel, der beste in der Branche zu sein.<\/div>\n","protected":false},"excerpt":{"rendered":"<p>Lock n Load One Hitter Dies ist die neue und innovative 9mm Chillum Lock-N-Load. Exklusiv f\u00fcr Bio Hazard hergestellt, sind<\/p>\n","protected":false},"featured_media":42310,"comment_status":"open","ping_status":"open","template":"","meta":{"_acf_changed":false},"product_cat":[2502,2451,2501],"product_tag":[],"acf":[],"_links":{"self":[{"href":"https:\/\/donaulife-new.ogrisdigital.at\/en\/wp-json\/wp\/v2\/product\/55152"}],"collection":[{"href":"https:\/\/donaulife-new.ogrisdigital.at\/en\/wp-json\/wp\/v2\/product"}],"about":[{"href":"https:\/\/donaulife-new.ogrisdigital.at\/en\/wp-json\/wp\/v2\/types\/product"}],"replies":[{"embeddable":true,"href":"https:\/\/donaulife-new.ogrisdigital.at\/en\/wp-json\/wp\/v2\/comments?post=55152"}],"wp:featuredmedia":[{"embeddable":true,"href":"https:\/\/donaulife-new.ogrisdigital.at\/en\/wp-json\/wp\/v2\/media\/42310"}],"wp:attachment":[{"href":"https:\/\/donaulife-new.ogrisdigital.at\/en\/wp-json\/wp\/v2\/media?parent=55152"}],"wp:term":[{"taxonomy":"product_cat","embeddable":true,"href":"https:\/\/donaulife-new.ogrisdigital.at\/en\/wp-json\/wp\/v2\/product_cat?post=55152"},{"taxonomy":"product_tag","embeddable":true,"href":"https:\/\/donaulife-new.ogrisdigital.at\/en\/wp-json\/wp\/v2\/product_tag?post=55152"}],"curies":[{"name":"wp","href":"https:\/\/api.w.org\/{rel}","templated":true}]}}