{"id":55132,"date":"2023-10-23T11:32:59","date_gmt":"2023-10-23T11:32:59","guid":{"rendered":"https:\/\/donaulife-new.ogrisdigital.at\/produkt\/medusa-filters-aktivkohlefilter-6-mm-sunset-edition-250-filter\/"},"modified":"2024-07-01T01:12:42","modified_gmt":"2024-07-01T01:12:42","slug":"medusa-filters-aktivkohlefilter-6-mm-sunset-edition-250-filter","status":"publish","type":"product","link":"https:\/\/donaulife-new.ogrisdigital.at\/en\/medusa-filters-aktivkohlefilter-6-mm-sunset-edition-250-filter\/","title":{"rendered":"MEDUSA FILTERS Aktivkohlefilter 6 mm &#8216;Sunset Edition&#8217; | 250 Filter"},"content":{"rendered":"<h2>Medusa Aktivkohlefilter mit 6 mm Durchmesser<\/h2>\n<p>Viele Stoner m\u00f6gen keine Aktivkohlefilter, weil sie den Zugwiderstand als zu stark empfinden. Hier schafft der \u2018Medusa\u2018-Aktivkohlefilter Abhilfe.<\/p>\n<p>Dank dem neuartigen Doppelfiltersystem geh\u00f6rt starkes Ziehen an der Sportzigarette der Vergangenheit an. Die Aktivkohle aus Kokosschalen filtert unerw\u00fcnschte Nebenstoffe aus dem Rauch und k\u00fchlt diesen, w\u00e4hrend die zugesetzte Cellulose Feuchtigkeit aufnimmt.<\/p>\n<p>Die im perfekten Verh\u00e4ltnis kombinierten Bestandteile der \u2018Medusa\u2018-Filter sorgen f\u00fcr ein super angenehmes Rauchgef\u00fchl mit gefiltertem, reinerem Geschmack. Und \u00fcberzeugen auch hartgesottene Aktivkohlegegner.<\/p>\n<h3>\u00dcber Medusa Filters:<\/h3>\n<p><strong>Premium\u00a0Aktivkohlefilter mit veganer Faser.<\/strong><\/p>\n<p>Unsere sehr begehrten\u00a0Kokosnuss Aktivkohlefilter werden\u00a0liebevoll in Deutschland von unserem jungen Team hergestellt.<\/p>\n<p>Die Aktivkohlefilter vermindern das Verstopfen und reduzieren die Schadstoffe.<\/p>\n","protected":false},"excerpt":{"rendered":"<p>Medusa Aktivkohlefilter mit 6 mm Durchmesser Viele Stoner m\u00f6gen keine Aktivkohlefilter, weil sie den Zugwiderstand als zu stark empfinden. Hier<\/p>\n","protected":false},"featured_media":42208,"comment_status":"open","ping_status":"open","template":"","meta":{"_acf_changed":false},"product_cat":[2652,2489,2499,2451],"product_tag":[3672],"acf":[],"_links":{"self":[{"href":"https:\/\/donaulife-new.ogrisdigital.at\/en\/wp-json\/wp\/v2\/product\/55132"}],"collection":[{"href":"https:\/\/donaulife-new.ogrisdigital.at\/en\/wp-json\/wp\/v2\/product"}],"about":[{"href":"https:\/\/donaulife-new.ogrisdigital.at\/en\/wp-json\/wp\/v2\/types\/product"}],"replies":[{"embeddable":true,"href":"https:\/\/donaulife-new.ogrisdigital.at\/en\/wp-json\/wp\/v2\/comments?post=55132"}],"wp:featuredmedia":[{"embeddable":true,"href":"https:\/\/donaulife-new.ogrisdigital.at\/en\/wp-json\/wp\/v2\/media\/42208"}],"wp:attachment":[{"href":"https:\/\/donaulife-new.ogrisdigital.at\/en\/wp-json\/wp\/v2\/media?parent=55132"}],"wp:term":[{"taxonomy":"product_cat","embeddable":true,"href":"https:\/\/donaulife-new.ogrisdigital.at\/en\/wp-json\/wp\/v2\/product_cat?post=55132"},{"taxonomy":"product_tag","embeddable":true,"href":"https:\/\/donaulife-new.ogrisdigital.at\/en\/wp-json\/wp\/v2\/product_tag?post=55132"}],"curies":[{"name":"wp","href":"https:\/\/api.w.org\/{rel}","templated":true}]}}