{"id":55105,"date":"2023-10-11T12:45:44","date_gmt":"2023-10-11T12:45:44","guid":{"rendered":"https:\/\/donaulife-new.ogrisdigital.at\/produkt\/cones-cone-ks-cone-inkl-c-tip-aktivkohlefilter-3-stueck\/"},"modified":"2024-07-01T01:12:27","modified_gmt":"2024-07-01T01:12:27","slug":"cones-cone-ks-cone-inkl-c-tip-aktivkohlefilter-3-stueck","status":"publish","type":"product","link":"https:\/\/donaulife-new.ogrisdigital.at\/en\/cones-cone-ks-cone-inkl-c-tip-aktivkohlefilter-3-stueck\/","title":{"rendered":"CONES &#8216;Cone+&#8217; KS Cone inkl C-Tip Aktivkohlefilter | 3 St\u00fcck"},"content":{"rendered":"<h2>CONES Kingsize Cones im 3er Pack + C-Tip<\/h2>\n<p>Die Cone+ Pre-Rolled Cones im 3er Pack. Die Cones kommen in King Size und verf\u00fcgen \u00fcber eingebaute CTIP Aktivkohlefilter. Diese innovative Filtertechnologie sorgt f\u00fcr einen sauberen und klaren Geschmack, indem sie unerw\u00fcnschte Partikel und Verunreinigungen entfernt, ohne die Qualit\u00e4t deines Raucherlebnisses zu beeintr\u00e4chtigen.<\/p>\n<h3>\u00dcber Cones:<\/h3>\n<p>Seit 1994 sind wir an der Spitze der vorgerollten Cones\u00ae.<br \/>\nWir sind der Erfinder der Pre-Rolled Cones\u00ae selbst und der Maschinen, mit denen sie gef\u00fcllt werden.<br \/>\nIn den letzten 25 Jahren haben wir Millionen von Cones\u00ae f\u00fcr Cone-Liebhaber wie Sie auf der ganzen Welt hergestellt.<\/p>\n<p>Wir sind stolz darauf, Cones\u00ae mit dem geringsten Papierverbrauch herzustellen.<br \/>\nNicht nur das Papier selbst, das du an dem Cones\u00ae-Wasserzeichen erkennen kannst, ist d\u00fcnn.<br \/>\nAuch die Spitzen, die wir verwenden, sind gerade lang genug, um ihre Aufgabe zu erf\u00fcllen.<\/p>\n<p>Du wirst buchst\u00e4blich die geringste Menge an Papier verbrauchen. So k\u00f6nnen Sie Ihr Material am meisten genie\u00dfen.<\/p>\n<p>Du kannst aus einer Vielzahl von Vorgerollten Gr\u00f6\u00dfen w\u00e4hlen. Von Giga Cones \u00fcber King-size Cones bis hin zu Singles (Dogwalker) Cones.<\/p>\n<p>Und dann hast du auch die Wahl des Papiers: Original, Natural, oder Bio Organic Hemp Cones.<\/p>\n<p>&nbsp;<\/p>\n","protected":false},"excerpt":{"rendered":"<p>CONES Kingsize Cones im 3er Pack + C-Tip Die Cone+ Pre-Rolled Cones im 3er Pack. Die Cones kommen in King<\/p>\n","protected":false},"featured_media":42103,"comment_status":"open","ping_status":"open","template":"","meta":{"_acf_changed":false},"product_cat":[2499,2451,2968,2452,2724],"product_tag":[],"acf":[],"_links":{"self":[{"href":"https:\/\/donaulife-new.ogrisdigital.at\/en\/wp-json\/wp\/v2\/product\/55105"}],"collection":[{"href":"https:\/\/donaulife-new.ogrisdigital.at\/en\/wp-json\/wp\/v2\/product"}],"about":[{"href":"https:\/\/donaulife-new.ogrisdigital.at\/en\/wp-json\/wp\/v2\/types\/product"}],"replies":[{"embeddable":true,"href":"https:\/\/donaulife-new.ogrisdigital.at\/en\/wp-json\/wp\/v2\/comments?post=55105"}],"wp:featuredmedia":[{"embeddable":true,"href":"https:\/\/donaulife-new.ogrisdigital.at\/en\/wp-json\/wp\/v2\/media\/42103"}],"wp:attachment":[{"href":"https:\/\/donaulife-new.ogrisdigital.at\/en\/wp-json\/wp\/v2\/media?parent=55105"}],"wp:term":[{"taxonomy":"product_cat","embeddable":true,"href":"https:\/\/donaulife-new.ogrisdigital.at\/en\/wp-json\/wp\/v2\/product_cat?post=55105"},{"taxonomy":"product_tag","embeddable":true,"href":"https:\/\/donaulife-new.ogrisdigital.at\/en\/wp-json\/wp\/v2\/product_tag?post=55105"}],"curies":[{"name":"wp","href":"https:\/\/api.w.org\/{rel}","templated":true}]}}