{"id":55088,"date":"2023-09-28T07:52:32","date_gmt":"2023-09-28T07:52:32","guid":{"rendered":"https:\/\/donaulife-new.ogrisdigital.at\/produkt\/clean-u-leerbeutel-80-ml\/"},"modified":"2024-07-01T01:12:13","modified_gmt":"2024-07-01T01:12:13","slug":"clean-u-leerbeutel-80-ml","status":"publish","type":"product","link":"https:\/\/donaulife-new.ogrisdigital.at\/en\/clean-u-leerbeutel-80-ml\/","title":{"rendered":"CLEAN U Leerbeutel | 80 ml"},"content":{"rendered":"<h2>Clean U Leerbeutel<\/h2>\n<p>Mit dem praktischen Leerbeutel kannst du \u00fcben. Oder du brauchst einfach einen Reserve Beutel, dann bist du damit richtig. Das Produkt enth\u00e4lt keine Fl\u00fcssigkeit.<\/p>\n<p><em>Achtung: Nach dem \u00d6ffnen k\u00fchl lagern.<\/em><\/p>\n<p><iframe title=\"Mai von Rotzepiml erkl\u00e4rt den SCREENYWEENY von CleanU\" width=\"500\" height=\"281\" src=\"https:\/\/www.youtube.com\/embed\/vwgOSDxy-fQ?feature=oembed\" frameborder=\"0\" allow=\"accelerometer; autoplay; clipboard-write; encrypted-media; gyroscope; picture-in-picture; web-share\" referrerpolicy=\"strict-origin-when-cross-origin\" allowfullscreen><\/iframe><\/p>\n<div style=\"position: static !important;\"><\/div>\n<div style=\"position: static !important;\"><\/div>\n","protected":false},"excerpt":{"rendered":"<p>Clean U Leerbeutel Mit dem praktischen Leerbeutel kannst du \u00fcben. Oder du brauchst einfach einen Reserve Beutel, dann bist du<\/p>\n","protected":false},"featured_media":42004,"comment_status":"open","ping_status":"open","template":"","meta":{"_acf_changed":false},"product_cat":[2489,2872,2451],"product_tag":[2873,2874],"acf":[],"_links":{"self":[{"href":"https:\/\/donaulife-new.ogrisdigital.at\/en\/wp-json\/wp\/v2\/product\/55088"}],"collection":[{"href":"https:\/\/donaulife-new.ogrisdigital.at\/en\/wp-json\/wp\/v2\/product"}],"about":[{"href":"https:\/\/donaulife-new.ogrisdigital.at\/en\/wp-json\/wp\/v2\/types\/product"}],"replies":[{"embeddable":true,"href":"https:\/\/donaulife-new.ogrisdigital.at\/en\/wp-json\/wp\/v2\/comments?post=55088"}],"wp:featuredmedia":[{"embeddable":true,"href":"https:\/\/donaulife-new.ogrisdigital.at\/en\/wp-json\/wp\/v2\/media\/42004"}],"wp:attachment":[{"href":"https:\/\/donaulife-new.ogrisdigital.at\/en\/wp-json\/wp\/v2\/media?parent=55088"}],"wp:term":[{"taxonomy":"product_cat","embeddable":true,"href":"https:\/\/donaulife-new.ogrisdigital.at\/en\/wp-json\/wp\/v2\/product_cat?post=55088"},{"taxonomy":"product_tag","embeddable":true,"href":"https:\/\/donaulife-new.ogrisdigital.at\/en\/wp-json\/wp\/v2\/product_tag?post=55088"}],"curies":[{"name":"wp","href":"https:\/\/api.w.org\/{rel}","templated":true}]}}