{"id":55083,"date":"2023-09-27T13:35:57","date_gmt":"2023-09-27T13:35:57","guid":{"rendered":"https:\/\/donaulife-new.ogrisdigital.at\/produkt\/purize-geruchsdichte-bauchtasche\/"},"modified":"2025-01-15T07:06:28","modified_gmt":"2025-01-15T07:06:28","slug":"purize-geruchsdichte-bauchtasche","status":"publish","type":"product","link":"https:\/\/donaulife-new.ogrisdigital.at\/en\/purize-geruchsdichte-bauchtasche\/","title":{"rendered":"PURIZE\u00ae Geruchsdichte Bauchtasche | 11 x 20 cm"},"content":{"rendered":"<h2>Purize geruchsdichte Bauchtasche<\/h2>\n<div>\n<p style=\"font-weight: 400;\">Unsere neue PURIZE\u00ae Bauchtasche mit Aktivkohlegewebe! Schlicht &amp; Effektiv &#8211; schlichtes Design &amp; effektive Funktion!<\/p>\n<p style=\"font-weight: 400;\">Unsere neue Beltbag ist mit luftdichten Materialien, einem wasserdichten Rei\u00dfverschluss und einem Aktivkohlefutter verarbeitet, welches Ger\u00fcche sehr gut absorbieren kann. Somit wird das ungew\u00fcnschte Austreten von Ger\u00fcchen mit dieser Tasche bestm\u00f6glich verhindert!<\/p>\n<p style=\"font-weight: 400;\"><b><strong>Vorteile:<\/strong><\/b><\/p>\n<ul>\n<li>Geruchsabsorbierend<\/li>\n<li>Hochqualitativ<\/li>\n<li>Wasserabweisend<\/li>\n<\/ul>\n<p><b><strong>Ma\u00dfe:<\/strong><\/b><\/p>\n<ul>\n<li>Breite: 20 cm<\/li>\n<li>H\u00f6he: 11 cm<\/li>\n<li>Tiefe: 5 cm<\/li>\n<li>Gurt: bis 110 cm<\/li>\n<\/ul>\n<p style=\"font-weight: 400;\">Vorsicht: Es muss unbedingt verhindert werden, dass Fl\u00fcssigkeiten im Inneren auslaufen! Das Auslaufen von Fl\u00fcssigkeiten kann daf\u00fcr sorgen, dass das Aktivkohleflie\u00df nachhaltig besch\u00e4digt wird!<\/p>\n<p style=\"font-weight: 400;\">Das Aktivkohleflie\u00df kann mit der Zeit an Wirkung verlieren. Sollte dies der Fall sein, schlag die Tasche einfach um, sodass die Innenseite au\u00dfen ist. Leg die Tasche anschlie\u00dfend bei geringer Lufttemperatur f\u00fcr 10 Minuten in die Sonne. Alternativ kannst Du sie auch f\u00fcr 10 Minuten bei geringer Temperatur in den Trockner werfen oder mit geringer Temperatur anf\u00f6hnen. Durch erh\u00f6hte Temperaturen werden die Kohleporen wieder frei und aktiviert. Du kannst die Tasche nun normal weiternutzen.<\/p>\n<\/div>\n<h3>\u00dcber Purize:<\/h3>\n<p>PURIZE\u00ae Filters verfolgt die Vision, genussorientierten Rauchern \u2013 mit Hilfe eines PURIZE\u00ae Aktivkohlefilters \u2013 ein deutlich schadstoffreduziertes und angenehmeres Raucherlebnis aufzuzeigen.<\/p>\n<p><a href=\"https:\/\/www.donaulife.com\/beliebte-marken\/purize-filters\/\" target=\"_blank\" rel=\"noopener\"><img decoding=\"async\" class=\"wp-image-31747 alignleft\" src=\"https:\/\/www.donaulife.com\/wp-content\/uploads\/2021\/02\/Purize-filter-300x206.png\" alt=\"\" width=\"262\" height=\"180\" \/><\/a><\/p>\n<p>Mit den zwei Gr\u00f6\u00dfenvarianten und den verschiedenen Farb-Specials kommt jeder auf seine Kosten. Die XTRA Slim Size-Aktivkohlefilter haben einen Durchmesser von 5,9 mm und waren damit Vorreiter in Bezug auf Design und Gr\u00f6\u00dfe. Unsere Regular-Version besticht durch ihren sauberen Durchzug, der durch den Durchmesser von 9 mm garantiert wird.So kommen auch nur die Wirkstoffe und Aromen die Ihr Euch beim Rauchen w\u00fcnscht,letzten Endes auch in der Lunge an. Kratzige Mischungen schmecken deutlich milder, selbst das Pur rauchen wird sp\u00fcrbar angenehmer und milder. Egal wie herum Ihr unsere Filter eindreht oder einsetzt, es gibt keine Verwechslungen mehr, ob richtig oder falsch, PURIZE\u00ae passt immer! L\u00e4stiges Halskratzen &amp; Husten geh\u00f6rt ab jetzt zur Vergangenheit.<\/p>\n<div><\/div>\n<p><strong>Egal ob XTRA Slim oder Regular such dir einfach eine Farbe deiner Wahl aus und genie\u00dfe k\u00fchlen, milden Rauchgenuss!<\/strong><\/p>\n<p>&nbsp;<\/p>\n","protected":false},"excerpt":{"rendered":"<p>Purize geruchsdichte Bauchtasche Unsere neue PURIZE\u00ae Bauchtasche mit Aktivkohlegewebe! Schlicht &amp; Effektiv &#8211; schlichtes Design &amp; effektive Funktion! Unsere neue<\/p>\n","protected":false},"featured_media":41967,"comment_status":"open","ping_status":"closed","template":"","meta":{"_acf_changed":false},"product_cat":[2607,2489,2969,2451,2861],"product_tag":[],"acf":[],"_links":{"self":[{"href":"https:\/\/donaulife-new.ogrisdigital.at\/en\/wp-json\/wp\/v2\/product\/55083"}],"collection":[{"href":"https:\/\/donaulife-new.ogrisdigital.at\/en\/wp-json\/wp\/v2\/product"}],"about":[{"href":"https:\/\/donaulife-new.ogrisdigital.at\/en\/wp-json\/wp\/v2\/types\/product"}],"replies":[{"embeddable":true,"href":"https:\/\/donaulife-new.ogrisdigital.at\/en\/wp-json\/wp\/v2\/comments?post=55083"}],"wp:featuredmedia":[{"embeddable":true,"href":"https:\/\/donaulife-new.ogrisdigital.at\/en\/wp-json\/wp\/v2\/media\/41967"}],"wp:attachment":[{"href":"https:\/\/donaulife-new.ogrisdigital.at\/en\/wp-json\/wp\/v2\/media?parent=55083"}],"wp:term":[{"taxonomy":"product_cat","embeddable":true,"href":"https:\/\/donaulife-new.ogrisdigital.at\/en\/wp-json\/wp\/v2\/product_cat?post=55083"},{"taxonomy":"product_tag","embeddable":true,"href":"https:\/\/donaulife-new.ogrisdigital.at\/en\/wp-json\/wp\/v2\/product_tag?post=55083"}],"curies":[{"name":"wp","href":"https:\/\/api.w.org\/{rel}","templated":true}]}}