{"id":55038,"date":"2023-09-19T09:10:28","date_gmt":"2023-09-19T09:10:28","guid":{"rendered":"https:\/\/donaulife-new.ogrisdigital.at\/produkt\/nv-grinder-pocket-2-teilig-aus-hanfplastik\/"},"modified":"2024-07-01T01:11:45","modified_gmt":"2024-07-01T01:11:45","slug":"nv-grinder-pocket-2-teilig-aus-hanfplastik","status":"publish","type":"product","link":"https:\/\/donaulife-new.ogrisdigital.at\/en\/nv-grinder-pocket-2-teilig-aus-hanfplastik\/","title":{"rendered":"NV Grinder &#8216;Pocket&#8217; 2-teilig aus Hanfplastik | \u00d8 63 mm"},"content":{"rendered":"<h1>NV Grinder &#8216;Pocket&#8217; 2-teilig<\/h1>\n<p>Der 2-teilige Pocket Grinder ist ein praktisches Accessoire f\u00fcr alle Rauchliebhaber. Hergestellt aus nat\u00fcrlichem Hanfplastik, ist er nicht nur umweltfreundlich, sondern auch \u00e4u\u00dferst kompakt und leicht zu transportieren. Dieser kleine Grinder ist in 4 lebendigen Farben erh\u00e4ltlich, die jedem Raucherstil einen Hauch von Flair verleihen.<\/p>\n<p>Mit einem Durchmesser von 63 mm bietet der Grinder ausreichend Platz, um Kr\u00e4uter oder Tabak zu zerkleinern. Er wurde von dem renommierten Hersteller NV Grinder hergestellt, was f\u00fcr Qualit\u00e4t und Zuverl\u00e4ssigkeit steht.<\/p>\n","protected":false},"excerpt":{"rendered":"<p>NV Grinder &#8216;Pocket&#8217; 2-teilig Der 2-teilige Pocket Grinder ist ein praktisches Accessoire f\u00fcr alle Rauchliebhaber. Hergestellt aus nat\u00fcrlichem Hanfplastik, ist<\/p>\n","protected":false},"featured_media":41754,"comment_status":"open","ping_status":"open","template":"","meta":{"_acf_changed":false},"product_cat":[2570,2489,2480,2451,3114],"product_tag":[],"acf":[],"_links":{"self":[{"href":"https:\/\/donaulife-new.ogrisdigital.at\/en\/wp-json\/wp\/v2\/product\/55038"}],"collection":[{"href":"https:\/\/donaulife-new.ogrisdigital.at\/en\/wp-json\/wp\/v2\/product"}],"about":[{"href":"https:\/\/donaulife-new.ogrisdigital.at\/en\/wp-json\/wp\/v2\/types\/product"}],"replies":[{"embeddable":true,"href":"https:\/\/donaulife-new.ogrisdigital.at\/en\/wp-json\/wp\/v2\/comments?post=55038"}],"wp:featuredmedia":[{"embeddable":true,"href":"https:\/\/donaulife-new.ogrisdigital.at\/en\/wp-json\/wp\/v2\/media\/41754"}],"wp:attachment":[{"href":"https:\/\/donaulife-new.ogrisdigital.at\/en\/wp-json\/wp\/v2\/media?parent=55038"}],"wp:term":[{"taxonomy":"product_cat","embeddable":true,"href":"https:\/\/donaulife-new.ogrisdigital.at\/en\/wp-json\/wp\/v2\/product_cat?post=55038"},{"taxonomy":"product_tag","embeddable":true,"href":"https:\/\/donaulife-new.ogrisdigital.at\/en\/wp-json\/wp\/v2\/product_tag?post=55038"}],"curies":[{"name":"wp","href":"https:\/\/api.w.org\/{rel}","templated":true}]}}