{"id":55036,"date":"2023-09-19T08:30:44","date_gmt":"2023-09-19T08:30:44","guid":{"rendered":"https:\/\/donaulife-new.ogrisdigital.at\/produkt\/heisenberg-dabrig-poco-loco-mit-duschkopfperc-14-5-mm\/"},"modified":"2024-07-01T01:11:45","modified_gmt":"2024-07-01T01:11:45","slug":"heisenberg-dabrig-poco-loco-mit-duschkopfperc-14-5-mm","status":"publish","type":"product","link":"https:\/\/donaulife-new.ogrisdigital.at\/en\/heisenberg-dabrig-poco-loco-mit-duschkopfperc-14-5-mm\/","title":{"rendered":"HEISENBERG Dabrig &#8216;Poco Loco&#8217; mit Duschkopfperc | 14.5 mm"},"content":{"rendered":"<h2>Heisenberg Dabrig &#8216;Poco Loco&#8217; mit Duschkopfperc<\/h2>\n<div>Heisenbergs kleinste \u00d6lbong bisher. Die Heisenberg Poco Loco \u00d6lbong ist kristallklar in ihrer Transparenz. Das Mundst\u00fcck ist schwarz abgesetzt und f\u00fcr perfekten Lippenaufsatz konzipiert. Auf der rechten Seite der Mini-Bong befindet sich ein gro\u00dfes schwarzes HNBG-Logo. Die Poco Loco hat einen internen Bodenglasanschluss f\u00fcr 14,5er K\u00f6pfe und Adapter.<\/div>\n<div><\/div>\n<div>Sie wird mit einem passenden Banger aus hitzebest\u00e4ndigem Glas geliefert. Der Banger hat einen Anschlusswinkel von 90 Grad, so dass du ihn mit ausreichend Abstand zum K\u00f6rper der Bong erhitzen kannst. Wir empfehlen, ihn mit einem passenden Carb Cap oder Carb Cap Dabber zu verwenden.<\/div>\n<div>\n<h3>\u00dcber Heisenberg:<\/h3>\n<div>\n<p>Heisenberg \u2013 nicht nur durch Breaking Bad ein Ph\u00e4nomen. Die Marke Heisenberg ist unter anderem durch ihre Glasbongs bekannt geworden. Keine Bong der Heisenberg Serie ist wie die andere. Hier werden verschiedene Gestaltungselemente geboten, wie beispielsweise poppige Farben oder mit Glow in the dark Funktion, Pl\u00e4tzen zum Einsetzen von LED Beleuchtung und anderen Extras.<\/p>\n<p>Bei dem interessanten Sortiment an Glasbongs, ist mit Sicherheit auch was f\u00fcr dich dabei!<\/p>\n<\/div>\n<\/div>\n","protected":false},"excerpt":{"rendered":"<p>Heisenberg Dabrig &#8216;Poco Loco&#8217; mit Duschkopfperc Heisenbergs kleinste \u00d6lbong bisher. Die Heisenberg Poco Loco \u00d6lbong ist kristallklar in ihrer Transparenz.<\/p>\n","protected":false},"featured_media":41738,"comment_status":"open","ping_status":"open","template":"","meta":{"_acf_changed":false},"product_cat":[2514,2459,2513,2549,2550,2507,3404,2577,2506,2463,2520,2551],"product_tag":[3405,2466],"acf":[],"_links":{"self":[{"href":"https:\/\/donaulife-new.ogrisdigital.at\/en\/wp-json\/wp\/v2\/product\/55036"}],"collection":[{"href":"https:\/\/donaulife-new.ogrisdigital.at\/en\/wp-json\/wp\/v2\/product"}],"about":[{"href":"https:\/\/donaulife-new.ogrisdigital.at\/en\/wp-json\/wp\/v2\/types\/product"}],"replies":[{"embeddable":true,"href":"https:\/\/donaulife-new.ogrisdigital.at\/en\/wp-json\/wp\/v2\/comments?post=55036"}],"wp:featuredmedia":[{"embeddable":true,"href":"https:\/\/donaulife-new.ogrisdigital.at\/en\/wp-json\/wp\/v2\/media\/41738"}],"wp:attachment":[{"href":"https:\/\/donaulife-new.ogrisdigital.at\/en\/wp-json\/wp\/v2\/media?parent=55036"}],"wp:term":[{"taxonomy":"product_cat","embeddable":true,"href":"https:\/\/donaulife-new.ogrisdigital.at\/en\/wp-json\/wp\/v2\/product_cat?post=55036"},{"taxonomy":"product_tag","embeddable":true,"href":"https:\/\/donaulife-new.ogrisdigital.at\/en\/wp-json\/wp\/v2\/product_tag?post=55036"}],"curies":[{"name":"wp","href":"https:\/\/api.w.org\/{rel}","templated":true}]}}