{"id":55020,"date":"2023-09-14T14:10:57","date_gmt":"2023-09-14T14:10:57","guid":{"rendered":"https:\/\/donaulife-new.ogrisdigital.at\/produkt\/budkups-fuer-pax-plus-pax-3-dosierkapsel\/"},"modified":"2024-07-01T01:11:29","modified_gmt":"2024-07-01T01:11:29","slug":"budkups-fuer-pax-plus-pax-3-dosierkapsel","status":"publish","type":"product","link":"https:\/\/donaulife-new.ogrisdigital.at\/en\/budkups-fuer-pax-plus-pax-3-dosierkapsel\/","title":{"rendered":"BUDKUPS f\u00fcr Pax Plus \/ Pax 3 | Dosierkapsel"},"content":{"rendered":"<h2 class=\"h-large\"><strong>Budkaps Dosierkapsel f\u00fcr Pax Vaporizer<\/strong><\/h2>\n<p>Die Budkaps Dosierkapsel f\u00fcr den Pax Vaporizer ist ein innovatives Zubeh\u00f6r, das das Laden und verdampfen deiner Kr\u00e4uter im Pax Vaporizer noch einfacher macht.<\/p>\n<p>Die Dosierkapsel erm\u00f6glicht es, die Kr\u00e4uter in einer praktischen Kapsel vorzubereiten und zu laden. Dies bedeutet, dass du dein Material sauber und effizient handhaben kannst, ohne extra nachgrinden oder Versch\u00fcttungen zu riskieren.<\/p>\n<p>Die Dosierkapsel passt perfekt in den Pax Vaporizer und gew\u00e4hrleistet eine gleichm\u00e4\u00dfige Hitzeverteilung f\u00fcr optimale Verdampfungsergebnisse. Dies f\u00fchrt zu reinem und geschmacksintensivem Dampf, der Ihr Raucherlebnis aufwertet.<\/p>\n<p>Um die BudKups 3.0 zu nutzen, befolgen Sie einfach diese einfachen Schritte: F\u00fcllen Sie einen BudKup mit Ihrem Kr\u00e4utermaterial, nimm das Metallsieb aus der Ofenkammer deines PAX Vaporizers heraus und ersetze es durch den gef\u00fcllten BudKup. Nun bist du bereit, ein reines und duftendes Dampferlebnis mit Ihrem PAX Vaporizer zu genie\u00dfen!<\/p>\n<h3>Lieferumfang<\/h3>\n<ul>\n<li>3x Budkaps (passend f\u00fcr Pax 2, Pax 3 oder Pax Plus)<\/li>\n<\/ul>\n<h3>\u00dcber BudKaps:<\/h3>\n<p>Wir sind gerne klein&#8230;<\/p>\n<p>BudKups begann mit zwei Schwestern, einem 70 Jahre alten Familienunternehmen und einer einfachen Idee: K\u00f6nnen wir unser Fachwissen in den Bereichen Technik und Herstellung nutzen, um das verdampfen von Cannabisbl\u00fcten noch einfacher zu machen? Seit der Entwicklung der BudKup-Ladekapsel arbeitet unser in Maryland ans\u00e4ssiges Team weiter an der Entwicklung von L\u00f6sungen f\u00fcr Cannabisbl\u00fcten. Wir sind der Qualit\u00e4t, der Innovation und unseren Kunden verpflichtet.<\/p>\n","protected":false},"excerpt":{"rendered":"<p>Budkaps Dosierkapsel f\u00fcr Pax Vaporizer Die Budkaps Dosierkapsel f\u00fcr den Pax Vaporizer ist ein innovatives Zubeh\u00f6r, das das Laden und<\/p>\n","protected":false},"featured_media":41607,"comment_status":"open","ping_status":"closed","template":"","meta":{"_acf_changed":false},"product_cat":[2489,2566,2625,3664,2623],"product_tag":[3726,3665],"acf":[],"_links":{"self":[{"href":"https:\/\/donaulife-new.ogrisdigital.at\/en\/wp-json\/wp\/v2\/product\/55020"}],"collection":[{"href":"https:\/\/donaulife-new.ogrisdigital.at\/en\/wp-json\/wp\/v2\/product"}],"about":[{"href":"https:\/\/donaulife-new.ogrisdigital.at\/en\/wp-json\/wp\/v2\/types\/product"}],"replies":[{"embeddable":true,"href":"https:\/\/donaulife-new.ogrisdigital.at\/en\/wp-json\/wp\/v2\/comments?post=55020"}],"wp:featuredmedia":[{"embeddable":true,"href":"https:\/\/donaulife-new.ogrisdigital.at\/en\/wp-json\/wp\/v2\/media\/41607"}],"wp:attachment":[{"href":"https:\/\/donaulife-new.ogrisdigital.at\/en\/wp-json\/wp\/v2\/media?parent=55020"}],"wp:term":[{"taxonomy":"product_cat","embeddable":true,"href":"https:\/\/donaulife-new.ogrisdigital.at\/en\/wp-json\/wp\/v2\/product_cat?post=55020"},{"taxonomy":"product_tag","embeddable":true,"href":"https:\/\/donaulife-new.ogrisdigital.at\/en\/wp-json\/wp\/v2\/product_tag?post=55020"}],"curies":[{"name":"wp","href":"https:\/\/api.w.org\/{rel}","templated":true}]}}