{"id":54991,"date":"2023-09-12T15:04:27","date_gmt":"2023-09-12T15:04:27","guid":{"rendered":"https:\/\/donaulife-new.ogrisdigital.at\/produkt\/pax-plus-silikon-cover\/"},"modified":"2024-07-01T01:11:11","modified_gmt":"2024-07-01T01:11:11","slug":"pax-plus-silikon-cover","status":"publish","type":"product","link":"https:\/\/donaulife-new.ogrisdigital.at\/en\/pax-plus-silikon-cover\/","title":{"rendered":"PAX Plus Silikon Cover"},"content":{"rendered":"<h2 class=\"h-large\"><strong>PAX 3 oder Pax Plus Cover<\/strong><\/h2>\n<p>Die Pax Plus Silikon Cover in den Farben Schwarz, Gr\u00fcn, Blau und Violett sind die perfekte M\u00f6glichkeit, Ihren Pax Plus Vaporizer zu personalisieren und zu sch\u00fctzen. Dar\u00fcber hinaus bieten die Pax Plus Silikon Cover einen hervorragenden Schutz f\u00fcr Ihr Ger\u00e4t. Sie sind sto\u00dfd\u00e4mpfend und sch\u00fctzen Ihren Vaporizer vor Kratzern, St\u00f6\u00dfen und allt\u00e4glichem Verschlei\u00df. Das Silikonmaterial liegt angenehm in der Hand und verleiht Ihrem Pax Plus einen griffigen Halt.<\/p>\n<p>Diese Covers sind einfach anzubringen und passen perfekt auf deinen Pax 3 oder Pax Plus Vaporizer. Sie erm\u00f6glichen einen einfachen Zugang zu allen Funktionen und Bedienelementen, ohne die Benutzerfreundlichkeit zu beeintr\u00e4chtigen.<\/p>\n<h3>Lieferumfang<\/h3>\n<ul>\n<li>1x Pax Ladeschale<\/li>\n<\/ul>\n<h3>\u00dcber Pax Labs:<\/h3>\n<p>UNSERE MISSION IST ES, DAS LEBEN DER MENSCHEN ZU VERBESSERN<\/p>\n<p>Unsere Gemeinschaften sind f\u00fcr ihr Wohlbefinden auf Cannabis angewiesen. Deshalb arbeiten wir jeden Tag daran, das Beste aus der Blume herauszuholen, damit sie das Beste aus uns herausholen kann.<\/p>\n<p>Es treibt unsere unerm\u00fcdliche Innovation und unseren Respekt f\u00fcr die zeitlosen Vorteile von Cannabis an.<\/p>\n<p>Das ist der Grund, warum PAX-Ger\u00e4te erhitzen und niemals verbrennen, damit jede Session, jedes Mal, bl\u00fctengetreu und besser f\u00fcr Sie ist. Und es ist der Grund, warum alles, was wir machen, mit reinem, nat\u00fcrlichem, 100%igem Cannabis beginnt.<\/p>\n","protected":false},"excerpt":{"rendered":"<p>PAX 3 oder Pax Plus Cover Die Pax Plus Silikon Cover in den Farben Schwarz, Gr\u00fcn, Blau und Violett sind<\/p>\n","protected":false},"featured_media":41484,"comment_status":"open","ping_status":"closed","template":"","meta":{"_acf_changed":false},"product_cat":[2489,2566,2625,3664,2623],"product_tag":[3665],"acf":[],"_links":{"self":[{"href":"https:\/\/donaulife-new.ogrisdigital.at\/en\/wp-json\/wp\/v2\/product\/54991"}],"collection":[{"href":"https:\/\/donaulife-new.ogrisdigital.at\/en\/wp-json\/wp\/v2\/product"}],"about":[{"href":"https:\/\/donaulife-new.ogrisdigital.at\/en\/wp-json\/wp\/v2\/types\/product"}],"replies":[{"embeddable":true,"href":"https:\/\/donaulife-new.ogrisdigital.at\/en\/wp-json\/wp\/v2\/comments?post=54991"}],"wp:featuredmedia":[{"embeddable":true,"href":"https:\/\/donaulife-new.ogrisdigital.at\/en\/wp-json\/wp\/v2\/media\/41484"}],"wp:attachment":[{"href":"https:\/\/donaulife-new.ogrisdigital.at\/en\/wp-json\/wp\/v2\/media?parent=54991"}],"wp:term":[{"taxonomy":"product_cat","embeddable":true,"href":"https:\/\/donaulife-new.ogrisdigital.at\/en\/wp-json\/wp\/v2\/product_cat?post=54991"},{"taxonomy":"product_tag","embeddable":true,"href":"https:\/\/donaulife-new.ogrisdigital.at\/en\/wp-json\/wp\/v2\/product_tag?post=54991"}],"curies":[{"name":"wp","href":"https:\/\/api.w.org\/{rel}","templated":true}]}}