{"id":54970,"date":"2023-09-12T08:50:56","date_gmt":"2023-09-12T08:50:56","guid":{"rendered":"https:\/\/donaulife-new.ogrisdigital.at\/produkt\/roor-blue-1000-46-cm\/"},"modified":"2024-07-01T01:10:59","modified_gmt":"2024-07-01T01:10:59","slug":"roor-blue-1000-46-cm","status":"publish","type":"product","link":"https:\/\/donaulife-new.ogrisdigital.at\/en\/roor-blue-1000-46-cm\/","title":{"rendered":"ROOR &#8216;Blue 1000&#8217; | 46 cm"},"content":{"rendered":"<h2>Roor Bong mit 1000ml Fassungverm\u00f6gen<\/h2>\n<p>Bei der BLUE SERIES ist die Konzentration auf das Wesentliche entscheidend, die Auswahl an Optionen bewusst eingeschr\u00e4nkt. So erh\u00e4lt man eine hochqualitative Pfeife zum g\u00fcnstigen Preis.<\/p>\n<p>Die BLUE.1000 ist mit einem Liter (!) Fassungsvolumen eine echte Herausforderung.<\/p>\n<p>Mit zunehmenden Ma\u00dfen von H\u00f6he, Durchmesser und Wandst\u00e4rke bei der BLUE SERIES steigt das Fassungsvolumen von 100 entsprechend auf 250, 500 bzw. 1000 ml. Folgende Tabelle listet die Features der vier Modelle auf:<\/p>\n<div class=\"table-responsive\">\n<table class=\"table table-bordered\" style=\"height: 196px;\" width=\"486\">\n<tbody>\n<tr>\n<th><\/th>\n<th>BLUE.100<\/th>\n<th>BLUE.250<\/th>\n<th>BLUE.500<\/th>\n<th>BLUE.1000<\/th>\n<\/tr>\n<tr>\n<td>\n<div class=\"glyph-icon flaticon-high\"><\/div>\n<\/td>\n<td>24 cm<\/td>\n<td>32 cm<\/td>\n<td>37 cm<\/td>\n<td>46 cm<\/td>\n<\/tr>\n<tr>\n<td>\n<div class=\"glyph-icon flaticon-diameter\"><\/div>\n<\/td>\n<td>31 mm<\/td>\n<td>41 mm<\/td>\n<td>53 mm<\/td>\n<td>67 mm<\/td>\n<\/tr>\n<tr>\n<td>\n<div class=\"glyph-icon flaticon-thickness\"><\/div>\n<\/td>\n<td>2.0 mm<\/td>\n<td>2.5 mm<\/td>\n<td>3.0 mm<\/td>\n<td>3.1 mm<\/td>\n<\/tr>\n<tr>\n<td>\n<div class=\"glyph-icon flaticon-cut\"><\/div>\n<\/td>\n<td>14.5 mm<\/td>\n<td>14.5 mm<\/td>\n<td>14.5\/18.8 mm<\/td>\n<td>18.8\/29.2 mm<\/td>\n<\/tr>\n<tr>\n<td>\n<div class=\"center-text\"><strong>Typ<\/strong><\/div>\n<\/td>\n<td><i class=\"fa fa-circle-o icontyp-easy\"><\/i>\u00a0easy<\/td>\n<td><i class=\"fa fa-circle-o icontyp-sanft\"><\/i>\u00a0sanft<\/td>\n<td><i class=\"fa fa-circle icontyp-ambitioniert\"><\/i>\u00a0ambitioniert<\/td>\n<td><i class=\"fa fa-certificate icontyp-sportlich\"><\/i>\u00a0sportlich<\/td>\n<\/tr>\n<\/tbody>\n<\/table>\n<\/div>\n<p>F\u00fcr jedes Modell gilt: Wandst\u00e4rke, Gr\u00f6\u00dfe und Volumen sind perfekt aufeinander abgestimmt. Der hexagonale Standfu\u00df zeichnet die BLUE SERIES gegen\u00fcber unseren Pfeifen mit rundem Standfu\u00df als etwas ganz Besonderes aus.<\/p>\n<h3>\u00dcber ROOR:<\/h3>\n<div class=\"elementor-element elementor-element-96e4633 elementor-widget elementor-widget-text-editor\" data-id=\"96e4633\" data-element_type=\"widget\" data-widget_type=\"text-editor.default\">\n<div class=\"elementor-widget-container\">\n<div class=\"elementor-text-editor elementor-clearfix\">\n<p>Bereits Mitte der 1990er Jahre widmete sich der Kunsthandwerker Martin Birzle der Glaspfeifenherstellung. Seine Kompetenz im Glasbl\u00e4serhandwerk verbindet sich mit dem Anspruch, keine Massenware, sondern Kunstwerke zu erschaffen. Seine Philosophie: H\u00f6chste Qualit\u00e4t und beste Funktionalit\u00e4t bei individuellem und ansprechendem Design.<\/p>\n<p>Der Erfolg gibt ihm Recht: Die Marke ist in zahlreichen Headshops im In- und Ausland etabliert und hebt sich mehr als deutlich von minderwertigen Billigprodukten ab.<\/p>\n<p>Als 11-facher Gewinner des High-Times-Cup verstehen wir die Auszeichnungen auf internationalen Messen als Motivation, unserer Philosophie treu zu bleiben. Zu Recht hat RooR im Laufe der Jahre jede Menge prominente Fans und Freunde an sich gebunden: B-Real, System of a Down, Howard Marks und viele mehr.<\/p>\n<\/div>\n<\/div>\n<\/div>\n<div class=\"elementor-element elementor-element-dfbf275 elementor-widget elementor-widget-heading\" data-id=\"dfbf275\" data-element_type=\"widget\" data-widget_type=\"heading.default\">\n<div class=\"elementor-widget-container\"><span class=\"elementor-heading-title elementor-size-default\">DIE STORY GEHT WEITER&#8230;<\/span><\/div>\n<\/div>\n","protected":false},"excerpt":{"rendered":"<p>Roor Bong mit 1000ml Fassungverm\u00f6gen Bei der BLUE SERIES ist die Konzentration auf das Wesentliche entscheidend, die Auswahl an Optionen<\/p>\n","protected":false},"featured_media":41351,"comment_status":"open","ping_status":"open","template":"","meta":{"_acf_changed":false},"product_cat":[2514,2459,2510,2515,2506,2463,2520,3656],"product_tag":[3320],"acf":[],"_links":{"self":[{"href":"https:\/\/donaulife-new.ogrisdigital.at\/en\/wp-json\/wp\/v2\/product\/54970"}],"collection":[{"href":"https:\/\/donaulife-new.ogrisdigital.at\/en\/wp-json\/wp\/v2\/product"}],"about":[{"href":"https:\/\/donaulife-new.ogrisdigital.at\/en\/wp-json\/wp\/v2\/types\/product"}],"replies":[{"embeddable":true,"href":"https:\/\/donaulife-new.ogrisdigital.at\/en\/wp-json\/wp\/v2\/comments?post=54970"}],"wp:featuredmedia":[{"embeddable":true,"href":"https:\/\/donaulife-new.ogrisdigital.at\/en\/wp-json\/wp\/v2\/media\/41351"}],"wp:attachment":[{"href":"https:\/\/donaulife-new.ogrisdigital.at\/en\/wp-json\/wp\/v2\/media?parent=54970"}],"wp:term":[{"taxonomy":"product_cat","embeddable":true,"href":"https:\/\/donaulife-new.ogrisdigital.at\/en\/wp-json\/wp\/v2\/product_cat?post=54970"},{"taxonomy":"product_tag","embeddable":true,"href":"https:\/\/donaulife-new.ogrisdigital.at\/en\/wp-json\/wp\/v2\/product_tag?post=54970"}],"curies":[{"name":"wp","href":"https:\/\/api.w.org\/{rel}","templated":true}]}}