{"id":54964,"date":"2023-09-12T08:31:47","date_gmt":"2023-09-12T08:31:47","guid":{"rendered":"https:\/\/donaulife-new.ogrisdigital.at\/produkt\/roor-bongkopfstaender-fuer-4-koepfe-145-188-mm\/"},"modified":"2024-07-01T01:10:55","modified_gmt":"2024-07-01T01:10:55","slug":"roor-bongkopfstaender-fuer-4-koepfe-145-188-mm","status":"publish","type":"product","link":"https:\/\/donaulife-new.ogrisdigital.at\/en\/roor-bongkopfstaender-fuer-4-koepfe-145-188-mm\/","title":{"rendered":"ROOR Bongkopfst\u00e4nder f\u00fcr 4 K\u00f6pfe | 14,5\/18,8 mm"},"content":{"rendered":"<h2>ROOR Bongkopfhalter f\u00fcr 4 K\u00f6pfchen<\/h2>\n<p>F\u00fcr alle die ein paar K\u00f6pfchen zur Auswahl haben hier endlich die L\u00f6sung! Das wertige Display f\u00fcr je 4 x 14,5 er oder 18,8 er ROOR K\u00f6pfe wird in Handarbeit im Schwarzwald aus ge\u00f6ltem Erlenholz gefertigt.<br \/>\nDie passgenauen Eins\u00e4tze sind aus Aluminium.<\/p>\n<h3>\u00dcber ROOR:<\/h3>\n<div class=\"elementor-element elementor-element-96e4633 elementor-widget elementor-widget-text-editor\" data-id=\"96e4633\" data-element_type=\"widget\" data-widget_type=\"text-editor.default\">\n<div class=\"elementor-widget-container\">\n<div class=\"elementor-text-editor elementor-clearfix\">\n<p>Bereits Mitte der 1990er Jahre widmete sich der Kunsthandwerker Martin Birzle der Glaspfeifenherstellung. Seine Kompetenz im Glasbl\u00e4serhandwerk verbindet sich mit dem Anspruch, keine Massenware, sondern Kunstwerke zu erschaffen. Seine Philosophie: H\u00f6chste Qualit\u00e4t und beste Funktionalit\u00e4t bei individuellem und ansprechendem Design.<\/p>\n<p>Der Erfolg gibt ihm Recht: Die Marke ist in zahlreichen Headshops im In- und Ausland etabliert und hebt sich mehr als deutlich von minderwertigen Billigprodukten ab.<\/p>\n<p>Als 11-facher Gewinner des High-Times-Cup verstehen wir die Auszeichnungen auf internationalen Messen als Motivation, unserer Philosophie treu zu bleiben. Zu Recht hat RooR im Laufe der Jahre jede Menge prominente Fans und Freunde an sich gebunden: B-Real, System of a Down, Howard Marks und viele mehr.<\/p>\n<\/div>\n<\/div>\n<\/div>\n<div class=\"elementor-element elementor-element-dfbf275 elementor-widget elementor-widget-heading\" data-id=\"dfbf275\" data-element_type=\"widget\" data-widget_type=\"heading.default\">\n<div class=\"elementor-widget-container\"><span class=\"elementor-heading-title elementor-size-default\">DIE STORY GEHT WEITER&#8230;<\/span><\/div>\n<\/div>\n","protected":false},"excerpt":{"rendered":"<p>ROOR Bongkopfhalter f\u00fcr 4 K\u00f6pfchen F\u00fcr alle die ein paar K\u00f6pfchen zur Auswahl haben hier endlich die L\u00f6sung! Das wertige<\/p>\n","protected":false},"featured_media":41326,"comment_status":"open","ping_status":"open","template":"","meta":{"_acf_changed":false},"product_cat":[2462,2459,2461,2460],"product_tag":[],"acf":[],"_links":{"self":[{"href":"https:\/\/donaulife-new.ogrisdigital.at\/en\/wp-json\/wp\/v2\/product\/54964"}],"collection":[{"href":"https:\/\/donaulife-new.ogrisdigital.at\/en\/wp-json\/wp\/v2\/product"}],"about":[{"href":"https:\/\/donaulife-new.ogrisdigital.at\/en\/wp-json\/wp\/v2\/types\/product"}],"replies":[{"embeddable":true,"href":"https:\/\/donaulife-new.ogrisdigital.at\/en\/wp-json\/wp\/v2\/comments?post=54964"}],"wp:featuredmedia":[{"embeddable":true,"href":"https:\/\/donaulife-new.ogrisdigital.at\/en\/wp-json\/wp\/v2\/media\/41326"}],"wp:attachment":[{"href":"https:\/\/donaulife-new.ogrisdigital.at\/en\/wp-json\/wp\/v2\/media?parent=54964"}],"wp:term":[{"taxonomy":"product_cat","embeddable":true,"href":"https:\/\/donaulife-new.ogrisdigital.at\/en\/wp-json\/wp\/v2\/product_cat?post=54964"},{"taxonomy":"product_tag","embeddable":true,"href":"https:\/\/donaulife-new.ogrisdigital.at\/en\/wp-json\/wp\/v2\/product_tag?post=54964"}],"curies":[{"name":"wp","href":"https:\/\/api.w.org\/{rel}","templated":true}]}}