{"id":54943,"date":"2023-09-11T10:45:51","date_gmt":"2023-09-11T10:45:51","guid":{"rendered":"https:\/\/donaulife-new.ogrisdigital.at\/produkt\/scro-autopilot-dab-rig-fuer-torch-lighters-178-cm\/"},"modified":"2025-01-15T07:06:49","modified_gmt":"2025-01-15T07:06:49","slug":"scro-autopilot-dab-rig-fuer-torch-lighters-178-cm","status":"publish","type":"product","link":"https:\/\/donaulife-new.ogrisdigital.at\/en\/scro-autopilot-dab-rig-fuer-torch-lighters-178-cm\/","title":{"rendered":"SCRO Autopilot Dab Rig f\u00fcr Torch Lighters | 17,8 cm"},"content":{"rendered":"<h2>Scro Autopilot Dab Rig<\/h2>\n<p>Mit dem AutoPilot Glass Rig Attachment von Scro k\u00f6nnen Sie Ihren Blazer Big Shot Brenner in ein All-in-One-Dab-Rig verwandeln. Der AutoPilot wird an der D\u00fcse der Fackel befestigt und der Fackelk\u00f6rper dient als Griff. Der AutoPilot ist im perfekten Abstand zur Flamme positioniert und sorgt f\u00fcr fantastische Dabs voller Geschmack.<\/p>\n<p>Der AutoPilot l\u00e4sst sich leicht an deiner Butanfackel befestigen und ist eine gro\u00dfartige M\u00f6glichkeit einfach und schnell zu dampfen. Montiere ihn einfach auf deinem Brenner und befestigen Sie ihn mit dem mitgelieferten Gummiring. Um sicherzustellen, dass Du die bestm\u00f6glichen Dabs bekommst, verf\u00fcgt der AutoPilot \u00fcber einen Inline Perc. Der Perkolator ist so konzipiert, dass er wassergek\u00fchlte Z\u00fcge durch das verst\u00e4rkte Mundst\u00fcck liefert.<\/p>\n<p>Dieser erstaunliche Glasaufsatz ist aus haltbarem, hochwertigem Glas gefertigt und mit einem Scro Glass-Logo versehen.<\/p>\n<h3>\u00dcber SCRO Glass:<\/h3>\n<p>A small Rhode Island glass collaborative. \u2693\ufe0f Creators of the official &#8220;Autopilot&#8221; torch rig<\/p>\n","protected":false},"excerpt":{"rendered":"<p>Scro Autopilot Dab Rig Mit dem AutoPilot Glass Rig Attachment von Scro k\u00f6nnen Sie Ihren Blazer Big Shot Brenner in<\/p>\n","protected":false},"featured_media":41188,"comment_status":"open","ping_status":"open","template":"","meta":{"_acf_changed":false},"product_cat":[2514,2459,2549,2550,2546,2577,2506,2520,2551],"product_tag":[],"acf":[],"_links":{"self":[{"href":"https:\/\/donaulife-new.ogrisdigital.at\/en\/wp-json\/wp\/v2\/product\/54943"}],"collection":[{"href":"https:\/\/donaulife-new.ogrisdigital.at\/en\/wp-json\/wp\/v2\/product"}],"about":[{"href":"https:\/\/donaulife-new.ogrisdigital.at\/en\/wp-json\/wp\/v2\/types\/product"}],"replies":[{"embeddable":true,"href":"https:\/\/donaulife-new.ogrisdigital.at\/en\/wp-json\/wp\/v2\/comments?post=54943"}],"wp:featuredmedia":[{"embeddable":true,"href":"https:\/\/donaulife-new.ogrisdigital.at\/en\/wp-json\/wp\/v2\/media\/41188"}],"wp:attachment":[{"href":"https:\/\/donaulife-new.ogrisdigital.at\/en\/wp-json\/wp\/v2\/media?parent=54943"}],"wp:term":[{"taxonomy":"product_cat","embeddable":true,"href":"https:\/\/donaulife-new.ogrisdigital.at\/en\/wp-json\/wp\/v2\/product_cat?post=54943"},{"taxonomy":"product_tag","embeddable":true,"href":"https:\/\/donaulife-new.ogrisdigital.at\/en\/wp-json\/wp\/v2\/product_tag?post=54943"}],"curies":[{"name":"wp","href":"https:\/\/api.w.org\/{rel}","templated":true}]}}