{"id":54922,"date":"2023-09-06T12:49:54","date_gmt":"2023-09-06T12:49:54","guid":{"rendered":"https:\/\/donaulife-new.ogrisdigital.at\/produkt\/santa-cruz-shredders-dose-aus-hanfplastik-28g\/"},"modified":"2024-07-01T01:10:29","modified_gmt":"2024-07-01T01:10:29","slug":"santa-cruz-shredders-dose-aus-hanfplastik-28g","status":"publish","type":"product","link":"https:\/\/donaulife-new.ogrisdigital.at\/en\/santa-cruz-shredders-dose-aus-hanfplastik-28g\/","title":{"rendered":"SANTA CRUZ SHREDDERS Dose aus Hanfplastik | 28g"},"content":{"rendered":"<h2>SANTA CRUZ Dose aus Hanfplastik<\/h2>\n<p>Die Santa Cruz Beh\u00e4lter sind die perfekten Beh\u00e4lter f\u00fcr Ihre Kr\u00e4uter. Sie sind leicht &amp; dicht, das wichtigste aber ist das die Kr\u00e4uter von Licht und Temperaturschwankungen gesch\u00fctzt sind.<\/p>\n<p>Die Santa Cruz Beh\u00e4lter bestehen aus einem Teil Hanf \ud83d\ude42<\/p>\n<h3>\u00dcber Santa Cruz:<\/h3>\n<div class=\"elementor-element elementor-element-96e4633 elementor-widget elementor-widget-text-editor\" data-id=\"96e4633\" data-element_type=\"widget\" data-widget_type=\"text-editor.default\">\n<div class=\"elementor-widget-container\">\n<div class=\"elementor-text-editor elementor-clearfix\">\n<p>Der Santa Cruz Shredder wurde bis zur Perfektion entwickelt. Nach einer sorgf\u00e4ltigen Analyse des Innenlebens, wie ein richtiges Zahndesign funktionieren sollte, haben wir ein spezielles Computerprogramm namens Siemens CAD Software verwendet, um das &#8220;perfekteste&#8221; Schredderzahndesign zu entwickeln, das je von Menschen erdacht wurde!<\/p>\n<\/div>\n<\/div>\n<\/div>\n","protected":false},"excerpt":{"rendered":"<p>SANTA CRUZ Dose aus Hanfplastik Die Santa Cruz Beh\u00e4lter sind die perfekten Beh\u00e4lter f\u00fcr Ihre Kr\u00e4uter. Sie sind leicht &amp;<\/p>\n","protected":false},"featured_media":41075,"comment_status":"open","ping_status":"open","template":"","meta":{"_acf_changed":false},"product_cat":[2607,2566,2451],"product_tag":[],"acf":[],"_links":{"self":[{"href":"https:\/\/donaulife-new.ogrisdigital.at\/en\/wp-json\/wp\/v2\/product\/54922"}],"collection":[{"href":"https:\/\/donaulife-new.ogrisdigital.at\/en\/wp-json\/wp\/v2\/product"}],"about":[{"href":"https:\/\/donaulife-new.ogrisdigital.at\/en\/wp-json\/wp\/v2\/types\/product"}],"replies":[{"embeddable":true,"href":"https:\/\/donaulife-new.ogrisdigital.at\/en\/wp-json\/wp\/v2\/comments?post=54922"}],"wp:featuredmedia":[{"embeddable":true,"href":"https:\/\/donaulife-new.ogrisdigital.at\/en\/wp-json\/wp\/v2\/media\/41075"}],"wp:attachment":[{"href":"https:\/\/donaulife-new.ogrisdigital.at\/en\/wp-json\/wp\/v2\/media?parent=54922"}],"wp:term":[{"taxonomy":"product_cat","embeddable":true,"href":"https:\/\/donaulife-new.ogrisdigital.at\/en\/wp-json\/wp\/v2\/product_cat?post=54922"},{"taxonomy":"product_tag","embeddable":true,"href":"https:\/\/donaulife-new.ogrisdigital.at\/en\/wp-json\/wp\/v2\/product_tag?post=54922"}],"curies":[{"name":"wp","href":"https:\/\/api.w.org\/{rel}","templated":true}]}}