{"id":54895,"date":"2023-09-01T15:08:39","date_gmt":"2023-09-01T15:08:39","guid":{"rendered":"https:\/\/donaulife-new.ogrisdigital.at\/produkt\/heisenberg-glasbong-hnbg-aztec-40-cm\/"},"modified":"2025-01-15T07:06:59","modified_gmt":"2025-01-15T07:06:59","slug":"heisenberg-glasbong-hnbg-aztec-40-cm","status":"publish","type":"product","link":"https:\/\/donaulife-new.ogrisdigital.at\/en\/heisenberg-glasbong-hnbg-aztec-40-cm\/","title":{"rendered":"HEISENBERG Glasbong &#8216;HNBG Aztec&#8217; | 40 cm"},"content":{"rendered":"<h2>Heisenberg Aztec mit Sonnengott<\/h2>\n<div id=\"description\" class=\"data item content\" role=\"tabpanel\" data-role=\"content\" aria-labelledby=\"tab-label-description\" aria-hidden=\"false\">\n<div class=\"product attribute description\">\n<div class=\"value\">\n<p>Die\u00a0<strong>HNBG Aztec<\/strong>\u00a0ist eine\u00a0<strong>Beaker-Bong<\/strong>\u00a0aus Glas, bei welcher der Bonghals in voller L\u00e4nge schwarz beschichtet ist. Gekr\u00f6nt wird das Ganze von einem abgerundeten verdickten Mundst\u00fcck, das mit goldener Farbe beschichtet ist. Geliefert wird die 18 8er Bong mit 14.5&gt;18.8 Adapter Chillum mit Schlitzdiffusor und einem 14 5er Flutschkopf mit Griff.<\/p>\n<h3>Die Highlights der HNBG Aztec Glasbong<\/h3>\n<h4>Fette Wandst\u00e4rke<\/h4>\n<p>Die\u00a0<strong>Heisenberg Aztec<\/strong>\u00a0\u00fcberzeugt in Punkto Stabilit\u00e4t &#8211; denn auch wenn die Bong nicht auf den ersten Blick danach aussieht, wartet sie mit einer Glasdicke von bis zu 7MM auf. Diese zeigt sich insbesondere am fetten Randbereich des Mundst\u00fccks und dem verst\u00e4rkten 18 8er Hammerschliff. Hier geht auch beim versehentlichen Umkippen nix so schnell kaputt.<\/p>\n<h4>Goldfarbenes Azteken-Design<\/h4>\n<p>Auf dem satten Mattschwarz des Bonghalses prangt ein goldfarbenes Azteken-Antlitz mit imposantem Kopfschmuck. Sehr original in Stil und Impression. Passend zum goldenem Design ist auch das Mundst\u00fcck in entsprechender Farbe beschichtet.<\/p>\n<h4>Beaker Boden mit Sonnengott<\/h4>\n<p>Der Boden der HNBG Aztec ist nicht einfach nur transparent wie bei einem gew\u00f6hnlichen\u00a0<strong>Beaker<\/strong>. Die Unterseite ist sandgestrahlt und zeigt eine gro\u00dfe Sonnen &#8211; bzw. Sonenngott Abbildung. Insbesondere mit passiger Beleuchtung oder vor dunklen Fl\u00e4chen kommt die au\u00dfergew\u00f6hnliche Gestaltung der Standfl\u00e4che zur Geltung.<\/p>\n<h4>Rechtsseitiges Kickloch<\/h4>\n<p>Die kleine \u00d6ffnung l\u00e4sst dich die Aztec auch ohne Lift Off rauchen. Halte beim Anrauchen das Kickloch mit Daumen oder Zeigefinger verschlossen und gib beim Einziehen des Rauchs das Loch frei. So wird er mit einem Schwung direkt in die Lunge bef\u00f6rdert &#8211; und das gek\u00fchlt mit einer Extraportion Sauerstoff. Das macht den Kick angenehmer und intensiver.<\/p>\n<h4>Eiskerben f\u00fcr ein wenig Extrafrische<\/h4>\n<p>Perkolatoren sucht man bei dieser bodenst\u00e4ndigen Wasserpfeife vergeblich, so etwas braucht sie aber auch nicht. Die verf\u00fcgbaren Eiskerben und das Kickloch reichen aus, um dir den bestm\u00f6glichen Rauchgenuss zu erm\u00f6glichen. Nutze die praktischen Eiseinstiche einfach dazu, um den Bonghals oberhalb der Kerben mit Eisw\u00fcrfeln oder grobem Crushed Eis zu f\u00fcllen. Das verleiht dem Rauch einen zus\u00e4tzlichen Frischekick. Gleichzeitig agieren die Eiskerben als Spritzschutz gegen aufsteigendes Schmockewasser.<\/p>\n<p><strong>Lieferumfang:<\/strong><br \/>\n&#8211; 1x HNBG Aztec Beaker, 18.8F<br \/>\n&#8211; 1x Adapter-Chillum mit Schlitzdiffusor, 18.8&gt;18.8 (L~14,5cm)<br \/>\n&#8211; 1x Standardkopf, 18.8MM<\/p>\n<\/div>\n<\/div>\n<\/div>\n<div>\n<h3>\u00dcber Heisenberg:<\/h3>\n<div>\n<p>Heisenberg \u2013 nicht nur durch Breaking Bad ein Ph\u00e4nomen. Die Marke Heisenberg ist unter anderem durch ihre Glasbongs bekannt geworden. Keine Bong der Heisenberg Serie ist wie die andere. Hier werden verschiedene Gestaltungselemente geboten, wie beispielsweise poppige Farben oder mit Glow in the dark Funktion, Pl\u00e4tzen zum Einsetzen von LED Beleuchtung und anderen Extras.<\/p>\n<p>Bei dem interessanten Sortiment an Glasbongs, ist mit Sicherheit auch was f\u00fcr dich dabei!<\/p>\n<\/div>\n<\/div>\n","protected":false},"excerpt":{"rendered":"<p>Heisenberg Aztec mit Sonnengott Die\u00a0HNBG Aztec\u00a0ist eine\u00a0Beaker-Bong\u00a0aus Glas, bei welcher der Bonghals in voller L\u00e4nge schwarz beschichtet ist. Gekr\u00f6nt wird<\/p>\n","protected":false},"featured_media":40914,"comment_status":"open","ping_status":"closed","template":"","meta":{"_acf_changed":false},"product_cat":[2514,2459,2507,3404,2523,2515,2635,2506,2463],"product_tag":[3405,2466],"acf":[],"_links":{"self":[{"href":"https:\/\/donaulife-new.ogrisdigital.at\/en\/wp-json\/wp\/v2\/product\/54895"}],"collection":[{"href":"https:\/\/donaulife-new.ogrisdigital.at\/en\/wp-json\/wp\/v2\/product"}],"about":[{"href":"https:\/\/donaulife-new.ogrisdigital.at\/en\/wp-json\/wp\/v2\/types\/product"}],"replies":[{"embeddable":true,"href":"https:\/\/donaulife-new.ogrisdigital.at\/en\/wp-json\/wp\/v2\/comments?post=54895"}],"wp:featuredmedia":[{"embeddable":true,"href":"https:\/\/donaulife-new.ogrisdigital.at\/en\/wp-json\/wp\/v2\/media\/40914"}],"wp:attachment":[{"href":"https:\/\/donaulife-new.ogrisdigital.at\/en\/wp-json\/wp\/v2\/media?parent=54895"}],"wp:term":[{"taxonomy":"product_cat","embeddable":true,"href":"https:\/\/donaulife-new.ogrisdigital.at\/en\/wp-json\/wp\/v2\/product_cat?post=54895"},{"taxonomy":"product_tag","embeddable":true,"href":"https:\/\/donaulife-new.ogrisdigital.at\/en\/wp-json\/wp\/v2\/product_tag?post=54895"}],"curies":[{"name":"wp","href":"https:\/\/api.w.org\/{rel}","templated":true}]}}