{"id":54894,"date":"2023-09-01T14:38:35","date_gmt":"2023-09-01T14:38:35","guid":{"rendered":"https:\/\/donaulife-new.ogrisdigital.at\/produkt\/purpfeife-unicorn-145-cm\/"},"modified":"2025-01-15T07:07:00","modified_gmt":"2025-01-15T07:07:00","slug":"purpfeife-unicorn-145-cm","status":"publish","type":"product","link":"https:\/\/donaulife-new.ogrisdigital.at\/en\/purpfeife-unicorn-145-cm\/","title":{"rendered":"PIECEMAKER Purpfeife &#8216;Unicorn&#8217; | 14,5 cm"},"content":{"rendered":"<h2>Piecemaker Purpfeife aus Silikon 14,5 cm h\u00f6he<\/h2>\n<p>Wer immer noch glaubt, dass Einh\u00f6rner nur glitzernde Duftw\u00f6lkchen in Regenbogenfarben pupsen, der kennt das &#8216;Unikorn&#8217; von\u00a0<strong>PieceMaker\u2122<\/strong>\u00a0noch nicht. Denn das so niedlich und unschuldig drein schauende Einhorn ist in Wahrheit eine Bong! Und verwandelt sich mit der richtigen Kr\u00e4utermischung schnell in ein echtes Qualmhorn, dessen Rauchwolken Dich auf einen chillig-bunten Fantasytrip schicken.<\/p>\n<p>Dabei \u00fcberzeugt das &#8216;Unikorn&#8217; auch durch die hohe Qualit\u00e4t von &#8216;PieceMaker&#8217;. Diese erkennt man bereits beim verwendeten Silikon, das selbstverst\u00e4ndlich frei von sch\u00e4dlichen Weichmachern ist. Dazu noch das Chillum mit dem einzigartigen, von\u00a0<strong>PieceMaker\u2122<\/strong>\u00a0entwickelten Hex-TEK\u2122-Diffusor, der f\u00fcr besonders viele abk\u00fchlende Wasser- und Luftwirbel sorgt. Das Chillum versteckt sich \u00fcbrigens unauff\u00e4llig im Bauch des Einhorns. Das ger\u00e4umige Sch\u00fcsselsiebchen, welches gleichzeitig der Kr\u00e4uterkopf ist, ist als einziges Bongelement aus rostfreiem Edelstahl. Und wird mit einer Kappe verschlossen. Als Mundst\u00fcck dient das ergonomisch-geformte Horn des &#8216;Unikorn&#8217;. Damit das s\u00fc\u00dfe Qualmhorn problemlos gereinigt werden kann, l\u00e4sst es sich auseinandernehmen.<\/p>\n<p>Das &#8216;Unikorn&#8217; liegt sehr gut in der Hand, wobei sich das Kickloch bequem mit dem Finger abdecken l\u00e4sst. Nat\u00fcrlich ist die Silikonbong bruchfest, wasserfest und somit ebenfalls der ideale Gef\u00e4hrte f\u00fcr unterwegs. Zumal es weniger als zwei Tafeln Schokolade wiegt. Ganz nach dem Motto von\u00a0<strong>PieceMaker\u2122<\/strong>:<strong>B.Y.O.T. \u2013 BLAZE Your Own Trail!<\/strong><\/p>\n","protected":false},"excerpt":{"rendered":"<p>Piecemaker Purpfeife aus Silikon 14,5 cm h\u00f6he Wer immer noch glaubt, dass Einh\u00f6rner nur glitzernde Duftw\u00f6lkchen in Regenbogenfarben pupsen, der<\/p>\n","protected":false},"featured_media":40909,"comment_status":"open","ping_status":"open","template":"","meta":{"_acf_changed":false},"product_cat":[2459,2566,2463,2887],"product_tag":[],"acf":[],"_links":{"self":[{"href":"https:\/\/donaulife-new.ogrisdigital.at\/en\/wp-json\/wp\/v2\/product\/54894"}],"collection":[{"href":"https:\/\/donaulife-new.ogrisdigital.at\/en\/wp-json\/wp\/v2\/product"}],"about":[{"href":"https:\/\/donaulife-new.ogrisdigital.at\/en\/wp-json\/wp\/v2\/types\/product"}],"replies":[{"embeddable":true,"href":"https:\/\/donaulife-new.ogrisdigital.at\/en\/wp-json\/wp\/v2\/comments?post=54894"}],"wp:featuredmedia":[{"embeddable":true,"href":"https:\/\/donaulife-new.ogrisdigital.at\/en\/wp-json\/wp\/v2\/media\/40909"}],"wp:attachment":[{"href":"https:\/\/donaulife-new.ogrisdigital.at\/en\/wp-json\/wp\/v2\/media?parent=54894"}],"wp:term":[{"taxonomy":"product_cat","embeddable":true,"href":"https:\/\/donaulife-new.ogrisdigital.at\/en\/wp-json\/wp\/v2\/product_cat?post=54894"},{"taxonomy":"product_tag","embeddable":true,"href":"https:\/\/donaulife-new.ogrisdigital.at\/en\/wp-json\/wp\/v2\/product_tag?post=54894"}],"curies":[{"name":"wp","href":"https:\/\/api.w.org\/{rel}","templated":true}]}}