{"id":54892,"date":"2023-08-29T12:44:41","date_gmt":"2023-08-29T12:44:41","guid":{"rendered":"https:\/\/donaulife-new.ogrisdigital.at\/produkt\/bongkopfhalter-stoner-box-188-mm\/"},"modified":"2024-04-29T14:35:13","modified_gmt":"2024-04-29T14:35:13","slug":"bongkopfhalter-stoner-box-188-mm","status":"publish","type":"product","link":"https:\/\/donaulife-new.ogrisdigital.at\/en\/bongkopfhalter-stoner-box-188-mm\/","title":{"rendered":"HEISENBERG Bongkopfhalter &#8216;Stoner Box&#8217; | 18,8 mm"},"content":{"rendered":"<p>F\u00fcr alle die ein paar K\u00f6pfchen zur Auswahl haben hier endlich die L\u00f6sung! Der Bong Kopf Halter f\u00fcr 8 K\u00f6pfe ist mit 18,8 mm Schliffen ausgestattet. Einfach wie genial. Man kann mit Glasadaptern auch 14,5er K\u00f6pfe super damit zur Schau stellen.<\/p>\n","protected":false},"excerpt":{"rendered":"<p>F\u00fcr alle die ein paar K\u00f6pfchen zur Auswahl haben hier endlich die L\u00f6sung! Der Bong Kopf Halter f\u00fcr 8 K\u00f6pfe<\/p>\n","protected":false},"featured_media":40899,"comment_status":"open","ping_status":"closed","template":"","meta":{"_acf_changed":false},"product_cat":[2462,2459,2461,2460],"product_tag":[],"acf":[],"_links":{"self":[{"href":"https:\/\/donaulife-new.ogrisdigital.at\/en\/wp-json\/wp\/v2\/product\/54892"}],"collection":[{"href":"https:\/\/donaulife-new.ogrisdigital.at\/en\/wp-json\/wp\/v2\/product"}],"about":[{"href":"https:\/\/donaulife-new.ogrisdigital.at\/en\/wp-json\/wp\/v2\/types\/product"}],"replies":[{"embeddable":true,"href":"https:\/\/donaulife-new.ogrisdigital.at\/en\/wp-json\/wp\/v2\/comments?post=54892"}],"wp:featuredmedia":[{"embeddable":true,"href":"https:\/\/donaulife-new.ogrisdigital.at\/en\/wp-json\/wp\/v2\/media\/40899"}],"wp:attachment":[{"href":"https:\/\/donaulife-new.ogrisdigital.at\/en\/wp-json\/wp\/v2\/media?parent=54892"}],"wp:term":[{"taxonomy":"product_cat","embeddable":true,"href":"https:\/\/donaulife-new.ogrisdigital.at\/en\/wp-json\/wp\/v2\/product_cat?post=54892"},{"taxonomy":"product_tag","embeddable":true,"href":"https:\/\/donaulife-new.ogrisdigital.at\/en\/wp-json\/wp\/v2\/product_tag?post=54892"}],"curies":[{"name":"wp","href":"https:\/\/api.w.org\/{rel}","templated":true}]}}