{"id":54843,"date":"2023-08-14T14:36:14","date_gmt":"2023-08-14T14:36:14","guid":{"rendered":"https:\/\/donaulife-new.ogrisdigital.at\/produkt\/feuerzeug-halter-crazy-edition\/"},"modified":"2024-07-01T01:09:41","modified_gmt":"2024-07-01T01:09:41","slug":"feuerzeug-halter-crazy-edition","status":"publish","type":"product","link":"https:\/\/donaulife-new.ogrisdigital.at\/en\/feuerzeug-halter-crazy-edition\/","title":{"rendered":"Feuerzeug Halter &#8211; Crazy Edition"},"content":{"rendered":"<h2>Feuerzeug Halter f\u00fcr Clipper uvm.<\/h2>\n<p>Nie wieder Feuerzeug verlegen! Ein genialer Begleiter f\u00fcr dein Feuerzeug. Einfach Clipper oder Standard Gr\u00f6\u00dfe reinstecken und es geht nicht mehr verloren. Clipper Dieben legst du auch das Handwerk \ud83d\ude09<\/p>\n<p>Motiv zuf\u00e4llig (wenn du 5 bestellst dann suchen wir eines von jedem Motiv sofern noch verf\u00fcgbar :))<\/p>\n","protected":false},"excerpt":{"rendered":"<p>Feuerzeug Halter f\u00fcr Clipper uvm. Nie wieder Feuerzeug verlegen! Ein genialer Begleiter f\u00fcr dein Feuerzeug. Einfach Clipper oder Standard Gr\u00f6\u00dfe<\/p>\n","protected":false},"featured_media":40604,"comment_status":"open","ping_status":"open","template":"","meta":{"_acf_changed":false},"product_cat":[2494,2489,2774,2775,2451],"product_tag":[2776],"acf":[],"_links":{"self":[{"href":"https:\/\/donaulife-new.ogrisdigital.at\/en\/wp-json\/wp\/v2\/product\/54843"}],"collection":[{"href":"https:\/\/donaulife-new.ogrisdigital.at\/en\/wp-json\/wp\/v2\/product"}],"about":[{"href":"https:\/\/donaulife-new.ogrisdigital.at\/en\/wp-json\/wp\/v2\/types\/product"}],"replies":[{"embeddable":true,"href":"https:\/\/donaulife-new.ogrisdigital.at\/en\/wp-json\/wp\/v2\/comments?post=54843"}],"wp:featuredmedia":[{"embeddable":true,"href":"https:\/\/donaulife-new.ogrisdigital.at\/en\/wp-json\/wp\/v2\/media\/40604"}],"wp:attachment":[{"href":"https:\/\/donaulife-new.ogrisdigital.at\/en\/wp-json\/wp\/v2\/media?parent=54843"}],"wp:term":[{"taxonomy":"product_cat","embeddable":true,"href":"https:\/\/donaulife-new.ogrisdigital.at\/en\/wp-json\/wp\/v2\/product_cat?post=54843"},{"taxonomy":"product_tag","embeddable":true,"href":"https:\/\/donaulife-new.ogrisdigital.at\/en\/wp-json\/wp\/v2\/product_tag?post=54843"}],"curies":[{"name":"wp","href":"https:\/\/api.w.org\/{rel}","templated":true}]}}