{"id":54789,"date":"2023-07-27T14:05:32","date_gmt":"2023-07-27T14:05:32","guid":{"rendered":"https:\/\/donaulife-new.ogrisdigital.at\/produkt\/avalanche-bubbler-bubble-gum-19-cm\/"},"modified":"2025-01-15T07:07:11","modified_gmt":"2025-01-15T07:07:11","slug":"avalanche-bubbler-bubble-gum-19-cm","status":"publish","type":"product","link":"https:\/\/donaulife-new.ogrisdigital.at\/en\/avalanche-bubbler-bubble-gum-19-cm\/","title":{"rendered":"AVALANCHE Bubbler &#8216;Bubble Gum&#8217; | 19 cm"},"content":{"rendered":"<h2>Avalanche Percolatorbong mit Tire Perc &amp; Honeycomb<\/h2>\n<p>Diese Bubbler Bong von Avalanche ist nicht nur was f\u00fcrs Auge. Sie kommt mit violetter Schrift auf dem hitzebest\u00e4ndigen Borosilikatglas. Die Bong besitzt einen au\u00dfergew\u00f6hnlichen Tire Percolator der den Rauch k\u00fchlt und zerteilt. Ein besonders starker Elefantenschliff mit NS 18 kann mit vielen Vork\u00fchlern und schweren H\u00fctchen best\u00fcckt werden.<\/p>\n<h3>\u00dcber Avalanche:<\/h3>\n<p>Die Bongschmiede aus Deuschland kreiert kleine sowie fette Bongs mit ausgefallenen Percolatoren und stabilen F\u00fc\u00dfen. Au\u00dferdem geizen Sie nicht mit einer gro\u00dfen Auswahl an coolem Zubeh\u00f6r. Bong K\u00f6pfchen, Vork\u00fchler oder sogar Chillums mit K\u00fchlgel gibt es. Damit ist ein high wie von der Lawine erfasst vorprogramiert.<\/p>\n","protected":false},"excerpt":{"rendered":"<p>Avalanche Percolatorbong mit Tire Perc &amp; Honeycomb Diese Bubbler Bong von Avalanche ist nicht nur was f\u00fcrs Auge. Sie kommt<\/p>\n","protected":false},"featured_media":40382,"comment_status":"open","ping_status":"open","template":"","meta":{"_acf_changed":false},"product_cat":[2514,2533,2459,2513,2737,2577,2506,2463,2520],"product_tag":[2511,2474,2466],"acf":[],"_links":{"self":[{"href":"https:\/\/donaulife-new.ogrisdigital.at\/en\/wp-json\/wp\/v2\/product\/54789"}],"collection":[{"href":"https:\/\/donaulife-new.ogrisdigital.at\/en\/wp-json\/wp\/v2\/product"}],"about":[{"href":"https:\/\/donaulife-new.ogrisdigital.at\/en\/wp-json\/wp\/v2\/types\/product"}],"replies":[{"embeddable":true,"href":"https:\/\/donaulife-new.ogrisdigital.at\/en\/wp-json\/wp\/v2\/comments?post=54789"}],"wp:featuredmedia":[{"embeddable":true,"href":"https:\/\/donaulife-new.ogrisdigital.at\/en\/wp-json\/wp\/v2\/media\/40382"}],"wp:attachment":[{"href":"https:\/\/donaulife-new.ogrisdigital.at\/en\/wp-json\/wp\/v2\/media?parent=54789"}],"wp:term":[{"taxonomy":"product_cat","embeddable":true,"href":"https:\/\/donaulife-new.ogrisdigital.at\/en\/wp-json\/wp\/v2\/product_cat?post=54789"},{"taxonomy":"product_tag","embeddable":true,"href":"https:\/\/donaulife-new.ogrisdigital.at\/en\/wp-json\/wp\/v2\/product_tag?post=54789"}],"curies":[{"name":"wp","href":"https:\/\/api.w.org\/{rel}","templated":true}]}}