{"id":54757,"date":"2023-07-10T10:29:55","date_gmt":"2023-07-10T10:29:55","guid":{"rendered":"https:\/\/donaulife-new.ogrisdigital.at\/produkt\/heisenberg-dabrig-incubator-mit-matrixperc-14-5-mm\/"},"modified":"2024-07-01T01:08:53","modified_gmt":"2024-07-01T01:08:53","slug":"heisenberg-dabrig-incubator-mit-matrixperc-14-5-mm","status":"publish","type":"product","link":"https:\/\/donaulife-new.ogrisdigital.at\/en\/heisenberg-dabrig-incubator-mit-matrixperc-14-5-mm\/","title":{"rendered":"HEISENBERG Dabrig &#8216;Incubator&#8217; mit Matrixperc | 14.5 mm"},"content":{"rendered":"<h2>Heisenberg Dabrig &#8216;Incubator&#8217; mit Matrixpercolator<\/h2>\n<div>Der Green Incubator von Heisenberg ist ideal zum Dabben &#8211; zum Rauchen von \u00d6l. Der dazugeh\u00f6rige Slide, Banger genannt, wird mit einem m\u00e4nnlichen (polierten) 14,5er Joint geliefert. Von der Form her erinnert der Incubator stark an den Honey Dude von Heisenberg &#8211; mit dem Unterschied, dass er keinen Waben-Perkolator hat, sondern einen Matrix-Perkolator.<\/div>\n<div><\/div>\n<div>Die &#8220;Matrix&#8221; verteilt den Rauch in dem waschwannenartigen Diffusor und sorgt so f\u00fcr einen milden Genuss. Die runde Basis und das Mundst\u00fcck des Heisenberg Inkubators sind farblich abgesetzt. Schlie\u00dflich will das Auge auch cooles Design erleben. Auf dem leicht gebogenen Hals prangt das runde Heisenberg-Logo in Schwarz. Der flache Winkel im Bonghals verringert zus\u00e4tzlich die Wahrscheinlichkeit, dass aufsteigendes Spritzwasser den Mund erreicht.<\/div>\n<p>&nbsp;<\/p>\n<div>\n<h3>\u00dcber Heisenberg:<\/h3>\n<div>\n<p>Heisenberg \u2013 nicht nur durch Breaking Bad ein Ph\u00e4nomen. Die Marke Heisenberg ist unter anderem durch ihre Glasbongs bekannt geworden. Keine Bong der Heisenberg Serie ist wie die andere. Hier werden verschiedene Gestaltungselemente geboten, wie beispielsweise poppige Farben oder mit Glow in the dark Funktion, Pl\u00e4tzen zum Einsetzen von LED Beleuchtung und anderen Extras.<\/p>\n<p>Bei dem interessanten Sortiment an Glasbongs, ist mit Sicherheit auch was f\u00fcr dich dabei!<\/p>\n<\/div>\n<\/div>\n","protected":false},"excerpt":{"rendered":"<p>Heisenberg Dabrig &#8216;Incubator&#8217; mit Matrixpercolator Der Green Incubator von Heisenberg ist ideal zum Dabben &#8211; zum Rauchen von \u00d6l. Der<\/p>\n","protected":false},"featured_media":40224,"comment_status":"open","ping_status":"open","template":"","meta":{"_acf_changed":false},"product_cat":[2514,2459,2513,2549,2550,3404,2577,2506,2463,2551],"product_tag":[3405,2466],"acf":[],"_links":{"self":[{"href":"https:\/\/donaulife-new.ogrisdigital.at\/en\/wp-json\/wp\/v2\/product\/54757"}],"collection":[{"href":"https:\/\/donaulife-new.ogrisdigital.at\/en\/wp-json\/wp\/v2\/product"}],"about":[{"href":"https:\/\/donaulife-new.ogrisdigital.at\/en\/wp-json\/wp\/v2\/types\/product"}],"replies":[{"embeddable":true,"href":"https:\/\/donaulife-new.ogrisdigital.at\/en\/wp-json\/wp\/v2\/comments?post=54757"}],"wp:featuredmedia":[{"embeddable":true,"href":"https:\/\/donaulife-new.ogrisdigital.at\/en\/wp-json\/wp\/v2\/media\/40224"}],"wp:attachment":[{"href":"https:\/\/donaulife-new.ogrisdigital.at\/en\/wp-json\/wp\/v2\/media?parent=54757"}],"wp:term":[{"taxonomy":"product_cat","embeddable":true,"href":"https:\/\/donaulife-new.ogrisdigital.at\/en\/wp-json\/wp\/v2\/product_cat?post=54757"},{"taxonomy":"product_tag","embeddable":true,"href":"https:\/\/donaulife-new.ogrisdigital.at\/en\/wp-json\/wp\/v2\/product_tag?post=54757"}],"curies":[{"name":"wp","href":"https:\/\/api.w.org\/{rel}","templated":true}]}}