{"id":54755,"date":"2023-07-10T10:21:57","date_gmt":"2023-07-10T10:21:57","guid":{"rendered":"https:\/\/donaulife-new.ogrisdigital.at\/produkt\/heisenberg-vorkuehler-jay-oclock-sangestrahlt-18-8-mm\/"},"modified":"2025-01-15T07:07:17","modified_gmt":"2025-01-15T07:07:17","slug":"heisenberg-vorkuehler-jay-oclock-sangestrahlt-18-8-mm","status":"publish","type":"product","link":"https:\/\/donaulife-new.ogrisdigital.at\/en\/heisenberg-vorkuehler-jay-oclock-sangestrahlt-18-8-mm\/","title":{"rendered":"Heisenberg Vork\u00fchler &#8216;Jay o&#8217;clock&#8217; sangestrahlt | 18,8>18,8 mm"},"content":{"rendered":"<h2>Heisenberg Vork\u00fchler mit 18,8 mm Schliff<\/h2>\n<p>Mit dem &#8216;Jay o&#8217;clock&#8217; Vork\u00fchler von Heisenberg bist du perfekt f\u00fcr 4:20 gewappnet. Der Rauch wird durch die zus\u00e4tzliche Rauchkammer abgek\u00fchlt und. Der Schliff ist im 45\u00b0 Winkel und l\u00e4sst sich somit perfekt bei Beakerbong einsetzen. Der Schliff hat einen Durchmesser von 18,8 mm. Das elegante Design dieses Prachtst\u00fcckes ist ein absoluter Hingucker, der sowohl optisch gl\u00e4nzt, als auch tatkr\u00e4ftig die Raucherherzen h\u00f6her schlagen l\u00e4sst.<\/p>\n<div>\n<h3>\u00dcber Heisenberg (ehemals Weedstar):<\/h3>\n<div>\n<p>Heisenberg \u2013 nicht nur durch Breaking Bad ein Ph\u00e4nomen. Die Marke Heisenberg ist unter anderem durch ihre Glasbongs bekannt geworden. Keine Bong der Heisenberg Serie ist wie die andere. Hier werden verschiedene Gestaltungselemente geboten, wie beispielsweise poppige Farben oder mit Glow in the dark Funktion, Pl\u00e4tzen zum Einsetzen von LED Beleuchtung und anderen Extras.<\/p>\n<p>Bei dem interessanten Sortiment an Glasbongs, ist mit Sicherheit auch was f\u00fcr dich dabei!<\/p>\n<\/div>\n<\/div>\n","protected":false},"excerpt":{"rendered":"<p>Heisenberg Vork\u00fchler mit 18,8 mm Schliff Mit dem &#8216;Jay o&#8217;clock&#8217; Vork\u00fchler von Heisenberg bist du perfekt f\u00fcr 4:20 gewappnet. Der<\/p>\n","protected":false},"featured_media":40217,"comment_status":"open","ping_status":"open","template":"","meta":{"_acf_changed":false},"product_cat":[2591,2459,3404,2463,2582,2460],"product_tag":[3405,2466],"acf":[],"_links":{"self":[{"href":"https:\/\/donaulife-new.ogrisdigital.at\/en\/wp-json\/wp\/v2\/product\/54755"}],"collection":[{"href":"https:\/\/donaulife-new.ogrisdigital.at\/en\/wp-json\/wp\/v2\/product"}],"about":[{"href":"https:\/\/donaulife-new.ogrisdigital.at\/en\/wp-json\/wp\/v2\/types\/product"}],"replies":[{"embeddable":true,"href":"https:\/\/donaulife-new.ogrisdigital.at\/en\/wp-json\/wp\/v2\/comments?post=54755"}],"wp:featuredmedia":[{"embeddable":true,"href":"https:\/\/donaulife-new.ogrisdigital.at\/en\/wp-json\/wp\/v2\/media\/40217"}],"wp:attachment":[{"href":"https:\/\/donaulife-new.ogrisdigital.at\/en\/wp-json\/wp\/v2\/media?parent=54755"}],"wp:term":[{"taxonomy":"product_cat","embeddable":true,"href":"https:\/\/donaulife-new.ogrisdigital.at\/en\/wp-json\/wp\/v2\/product_cat?post=54755"},{"taxonomy":"product_tag","embeddable":true,"href":"https:\/\/donaulife-new.ogrisdigital.at\/en\/wp-json\/wp\/v2\/product_tag?post=54755"}],"curies":[{"name":"wp","href":"https:\/\/api.w.org\/{rel}","templated":true}]}}