{"id":54753,"date":"2023-07-10T10:09:37","date_gmt":"2023-07-10T10:09:37","guid":{"rendered":"https:\/\/donaulife-new.ogrisdigital.at\/produkt\/black-leaf-dabrig-raven-22-cm\/"},"modified":"2025-01-15T07:07:17","modified_gmt":"2025-01-15T07:07:17","slug":"black-leaf-dabrig-raven-22-cm","status":"publish","type":"product","link":"https:\/\/donaulife-new.ogrisdigital.at\/en\/black-leaf-dabrig-raven-22-cm\/","title":{"rendered":"BLACK LEAF Dabrig &#8216;Raven&#8217; | 22 cm"},"content":{"rendered":"<h2>Black Leaf Dab Rig &#8216;Raven&#8217;<\/h2>\n<p>Eine attraktive Dab-Rig von Black Leaf\u00ae mit dem beeindruckenden BL-Logo &#8216;In Weed We Trust&#8217;. Es ist mit einem Banger, einem \u00d6lnagel und einer Kuppel ausgestattet, die den Rauch zusammenh\u00e4lt und vor hei\u00dfen \u00d6lspritzern sch\u00fctzt.<\/p>\n<p>Es ist sehr einfach: Den Nagel in die Bong stellen, einen Brenner erhitzen und kurz abk\u00fchlen lassen. Dann mit einem Werkzeug \u00d6l auf die Pfanne tr\u00e4ufeln und einen Zug geben, w\u00e4hrend sich Dampf bildet. Um den Rauch zu sammeln, bevor er eingeatmet wird, kann ein Carb Cap Dabber oder eine Dome \u00fcber den Nagel gelegt werden.<\/p>\n<h3><span style=\"font-size: 20.16px;\">\u00dcber Black Leaf:<\/span><\/h3>\n<div>\n<p>In Weed We Trust ? Smoking\u00a0<em>Paraphernalia<\/em> seit 1988: Bongs, Pfeifen, Vaporizer, Grinder, Dabbing Zubeh\u00f6r, Paper &amp; Filter, Lifestyle Produkte. Es gibt viele Innovative Produkte der Marke die auch die ein oder andere Weltneuheit erschaffen haben. Im Shop bieten wir von allen Produkten die beste Auswahl.<\/p>\n<\/div>\n","protected":false},"excerpt":{"rendered":"<p>Black Leaf Dab Rig &#8216;Raven&#8217; Eine attraktive Dab-Rig von Black Leaf\u00ae mit dem beeindruckenden BL-Logo &#8216;In Weed We Trust&#8217;. Es<\/p>\n","protected":false},"featured_media":40201,"comment_status":"open","ping_status":"open","template":"","meta":{"_acf_changed":false},"product_cat":[2514,2548,2459,2549,2550,2506,2463,2520,2551],"product_tag":[2521],"acf":[],"_links":{"self":[{"href":"https:\/\/donaulife-new.ogrisdigital.at\/en\/wp-json\/wp\/v2\/product\/54753"}],"collection":[{"href":"https:\/\/donaulife-new.ogrisdigital.at\/en\/wp-json\/wp\/v2\/product"}],"about":[{"href":"https:\/\/donaulife-new.ogrisdigital.at\/en\/wp-json\/wp\/v2\/types\/product"}],"replies":[{"embeddable":true,"href":"https:\/\/donaulife-new.ogrisdigital.at\/en\/wp-json\/wp\/v2\/comments?post=54753"}],"wp:featuredmedia":[{"embeddable":true,"href":"https:\/\/donaulife-new.ogrisdigital.at\/en\/wp-json\/wp\/v2\/media\/40201"}],"wp:attachment":[{"href":"https:\/\/donaulife-new.ogrisdigital.at\/en\/wp-json\/wp\/v2\/media?parent=54753"}],"wp:term":[{"taxonomy":"product_cat","embeddable":true,"href":"https:\/\/donaulife-new.ogrisdigital.at\/en\/wp-json\/wp\/v2\/product_cat?post=54753"},{"taxonomy":"product_tag","embeddable":true,"href":"https:\/\/donaulife-new.ogrisdigital.at\/en\/wp-json\/wp\/v2\/product_tag?post=54753"}],"curies":[{"name":"wp","href":"https:\/\/api.w.org\/{rel}","templated":true}]}}