{"id":54740,"date":"2023-07-10T09:25:05","date_gmt":"2023-07-10T09:25:05","guid":{"rendered":"https:\/\/donaulife-new.ogrisdigital.at\/produkt\/black-leaf-percolatorbong-wolkenkratzer-58-cm\/"},"modified":"2024-07-01T01:08:42","modified_gmt":"2024-07-01T01:08:42","slug":"black-leaf-percolatorbong-wolkenkratzer-58-cm","status":"publish","type":"product","link":"https:\/\/donaulife-new.ogrisdigital.at\/en\/black-leaf-percolatorbong-wolkenkratzer-58-cm\/","title":{"rendered":"BLACK LEAF Percolatorbong &#8216;Wolkenkratzer&#8217; | 58 cm"},"content":{"rendered":"<h2>Black Leaf Bubbler mit Baumpercolator<\/h2>\n<p>Die beeindruckende Multilevel-Bong &#8220;Wolkenkratzer&#8221; von Black Leaf\u00ae aus hochwertigem Borosilikatglas bietet den h\u00f6chsten Rauchgenuss! Neben den Diffusorschlitzen im Chillum sorgen vier Baumperkolatoren mit je acht Armen f\u00fcr den gek\u00fchlten und gefilterten Rauch. Es besteht auch die M\u00f6glichkeit, Eisw\u00fcrfel in die oberste Kammer zu geben.<\/p>\n<p>\u2714\ufe0f\ufe0f Perfekte Rauchk\u00fchlung und -filterung<\/p>\n<p>\u2714\ufe0f Vier Baumperkolatoren mit acht Armen<\/p>\n<p>\u2714\ufe0f\ufe0f Eine beeindruckende Erscheinung<\/p>\n<p>Die robuste Kombibong aus Eis und Perkolatoren hat eine Wandst\u00e4rke von 5 mm, die die Innenperkolatoren sch\u00fctzt. Der Rauch zieht durch die vielen Kammern des Mundst\u00fccks. Der Wolkenkratzer ist mit einem Liftoff Kopf ausgestattet. Dieser hat einen enormen Durchlass und was das Durchziehen sehr angenehm gestaltet.<\/p>\n<h3><span style=\"font-size: 20.16px;\">\u00dcber Black Leaf:<\/span><\/h3>\n<div>\n<p>In Weed We Trust ? Smoking\u00a0<em>Paraphernalia<\/em> seit 1988: Bongs, Pfeifen, Vaporizer, Grinder, Dabbing Zubeh\u00f6r, Paper &amp; Filter, Lifestyle Produkte. Es gibt viele Innovative Produkte der Marke die auch die ein oder andere Weltneuheit erschaffen haben. Im Shop bieten wir von allen Produkten die beste Auswahl.<\/p>\n<\/div>\n","protected":false},"excerpt":{"rendered":"<p>Black Leaf Bubbler mit Baumpercolator Die beeindruckende Multilevel-Bong &#8220;Wolkenkratzer&#8221; von Black Leaf\u00ae aus hochwertigem Borosilikatglas bietet den h\u00f6chsten Rauchgenuss! Neben<\/p>\n","protected":false},"featured_media":40151,"comment_status":"open","ping_status":"open","template":"","meta":{"_acf_changed":false},"product_cat":[2514,2548,2459,2510,2577,2506,2463,2520],"product_tag":[2521],"acf":[],"_links":{"self":[{"href":"https:\/\/donaulife-new.ogrisdigital.at\/en\/wp-json\/wp\/v2\/product\/54740"}],"collection":[{"href":"https:\/\/donaulife-new.ogrisdigital.at\/en\/wp-json\/wp\/v2\/product"}],"about":[{"href":"https:\/\/donaulife-new.ogrisdigital.at\/en\/wp-json\/wp\/v2\/types\/product"}],"replies":[{"embeddable":true,"href":"https:\/\/donaulife-new.ogrisdigital.at\/en\/wp-json\/wp\/v2\/comments?post=54740"}],"wp:featuredmedia":[{"embeddable":true,"href":"https:\/\/donaulife-new.ogrisdigital.at\/en\/wp-json\/wp\/v2\/media\/40151"}],"wp:attachment":[{"href":"https:\/\/donaulife-new.ogrisdigital.at\/en\/wp-json\/wp\/v2\/media?parent=54740"}],"wp:term":[{"taxonomy":"product_cat","embeddable":true,"href":"https:\/\/donaulife-new.ogrisdigital.at\/en\/wp-json\/wp\/v2\/product_cat?post=54740"},{"taxonomy":"product_tag","embeddable":true,"href":"https:\/\/donaulife-new.ogrisdigital.at\/en\/wp-json\/wp\/v2\/product_tag?post=54740"}],"curies":[{"name":"wp","href":"https:\/\/api.w.org\/{rel}","templated":true}]}}