{"id":54736,"date":"2023-07-10T09:08:16","date_gmt":"2023-07-10T09:08:16","guid":{"rendered":"https:\/\/donaulife-new.ogrisdigital.at\/produkt\/black-leaf-glasbong-kung-fu-panda-40-cm\/"},"modified":"2025-01-15T07:07:18","modified_gmt":"2025-01-15T07:07:18","slug":"black-leaf-glasbong-kung-fu-panda-40-cm","status":"publish","type":"product","link":"https:\/\/donaulife-new.ogrisdigital.at\/en\/black-leaf-glasbong-kung-fu-panda-40-cm\/","title":{"rendered":"BLACK LEAF Glasbong &#8216;Kung Fu Panda&#8217; | 40 cm"},"content":{"rendered":"<h2>Black Leaf Bubbler mit Baumpercolator<\/h2>\n<p>Die BamBoo-Glasbong von Black Leaf besteht genauso wie der Diffusorschlitzadapter aus gr\u00fcnem Borosilikatglas. Um den Rauch abzuk\u00fchlen, l\u00e4sst er das Bongwasser gut blubbern. Dazu kommt ein s\u00fc\u00dfer Pandakopf, der Kr\u00e4uter liebt. Der Lift-off f\u00fcr den finalen Hit wird durch ihre Ohren erleichtert. Die Bong hat eine Wandst\u00e4rke von 5 Millimetern und ist damit fast so stark wie Bambus.<\/p>\n<h3><span style=\"font-size: 20.16px;\">\u00dcber Black Leaf:<\/span><\/h3>\n<div>\n<p>In Weed We Trust ? Smoking\u00a0<em>Paraphernalia<\/em> seit 1988: Bongs, Pfeifen, Vaporizer, Grinder, Dabbing Zubeh\u00f6r, Paper &amp; Filter, Lifestyle Produkte. Es gibt viele Innovative Produkte der Marke die auch die ein oder andere Weltneuheit erschaffen haben. Im Shop bieten wir von allen Produkten die beste Auswahl.<\/p>\n<\/div>\n","protected":false},"excerpt":{"rendered":"<p>Black Leaf Bubbler mit Baumpercolator Die BamBoo-Glasbong von Black Leaf besteht genauso wie der Diffusorschlitzadapter aus gr\u00fcnem Borosilikatglas. Um den<\/p>\n","protected":false},"featured_media":40135,"comment_status":"open","ping_status":"open","template":"","meta":{"_acf_changed":false},"product_cat":[2514,2548,2459,2510,2506,2463,2520],"product_tag":[2521],"acf":[],"_links":{"self":[{"href":"https:\/\/donaulife-new.ogrisdigital.at\/en\/wp-json\/wp\/v2\/product\/54736"}],"collection":[{"href":"https:\/\/donaulife-new.ogrisdigital.at\/en\/wp-json\/wp\/v2\/product"}],"about":[{"href":"https:\/\/donaulife-new.ogrisdigital.at\/en\/wp-json\/wp\/v2\/types\/product"}],"replies":[{"embeddable":true,"href":"https:\/\/donaulife-new.ogrisdigital.at\/en\/wp-json\/wp\/v2\/comments?post=54736"}],"wp:featuredmedia":[{"embeddable":true,"href":"https:\/\/donaulife-new.ogrisdigital.at\/en\/wp-json\/wp\/v2\/media\/40135"}],"wp:attachment":[{"href":"https:\/\/donaulife-new.ogrisdigital.at\/en\/wp-json\/wp\/v2\/media?parent=54736"}],"wp:term":[{"taxonomy":"product_cat","embeddable":true,"href":"https:\/\/donaulife-new.ogrisdigital.at\/en\/wp-json\/wp\/v2\/product_cat?post=54736"},{"taxonomy":"product_tag","embeddable":true,"href":"https:\/\/donaulife-new.ogrisdigital.at\/en\/wp-json\/wp\/v2\/product_tag?post=54736"}],"curies":[{"name":"wp","href":"https:\/\/api.w.org\/{rel}","templated":true}]}}