{"id":54679,"date":"2023-06-28T08:51:45","date_gmt":"2023-06-28T08:51:45","guid":{"rendered":"https:\/\/donaulife-new.ogrisdigital.at\/produkt\/grannys-weed-baukreuz-aus-nussholz\/"},"modified":"2025-01-15T07:07:29","modified_gmt":"2025-01-15T07:07:29","slug":"grannys-weed-baukreuz-aus-nussholz","status":"publish","type":"product","link":"https:\/\/donaulife-new.ogrisdigital.at\/en\/grannys-weed-baukreuz-aus-nussholz\/","title":{"rendered":"GRANNY\u00b4S WEED Baukreuz aus Nussholz"},"content":{"rendered":"<h2>Granny\u00b4s Weed Baukreuz<\/h2>\n<h3><span class=\"a-list-item\">ENJOY LIFE<\/span><\/h3>\n<p><span class=\"a-list-item\">Granny&#8217;s Baukreuz hilft Dir beim Bauen und Selbstdrehen. Durch die Ablage hast Du beide H\u00e4nde frei.<\/span><\/p>\n<h3><span class=\"a-list-item\">HYGIENISCH<\/span><\/h3>\n<p><span class=\"a-list-item\">Granny&#8217;s Baukreuz kann einfach in zwei Teile zerlegt werden. Dies vereinfacht die Aufbewahrung und die Reinigung.<\/span><\/p>\n<h3><span class=\"a-list-item\">LANGLEBIGKEIT<\/span><\/h3>\n<p><span class=\"a-list-item\">Das Produkt ist vollst\u00e4ndig aus Holz und entsprechend f\u00fcr den Einsatz \u00fcber viele Jahre ausgelegt.<\/span><\/p>\n<h3><span class=\"a-list-item\">GRANNY&#8217;S<\/span><\/h3>\n<p><span class=\"a-list-item\">Dies ist ein weiteres Produkt aus dem Hause. Wir verkaufen handverlesene Produkte und achten stets auf die Qualit\u00e4t. Bei uns stehst Du an erster Stelle.<\/span><\/p>\n<h3><span class=\"a-list-item\">PREIS &amp; LEISTUNG<\/span><\/h3>\n<p><span class=\"a-list-item\">Das Premium Baukreuz aus Holz wird zu einem Preis angeboten, der seinesgleichen sucht. Das Produkt wurde vollst\u00e4ndig in Deutschland hergestellt und ist somit MADE IN GERMANY.<\/span><\/p>\n<h3>\u00dcber GRANNY\u00b4s WEED:<\/h3>\n<p>Moin, wir sind Constantin und Pablo von GRANNY\u2019S WEED! Wir haben dieses Start-Up gegr\u00fcndet, weil wir mit unserer Marke die Entkriminalisierung von Hanf in Deutschland f\u00f6rdern und auf den medizinischen Nutzen aufmerksam machen wollen.<\/p>\n<p>Auch wenn wir bisher nur ein Start-Up sind, m\u00f6chten wir etwas Gutes tun. Wir werden langfristig 5% unseres Gewinns an Organisationen, die sich f\u00fcr die Legalisierung von Hanf in Europa einsetzen, spenden. Auch Organisationen, welche dessen medizinischen Nutzen f\u00f6rdern und vorantreiben, gilt es zu unterst\u00fctzen.<\/p>\n<p>Unsere Produkte werden mit gro\u00dfm\u00fctterlicher F\u00fcrsorge hergestellt und verpackt. Wir arbeiten stets an neuen Produktideen, um euch den positiven Gebrauch und Nutzen von Hanf n\u00e4her zu bringen. Hanf geh\u00f6rt zu den nachhaltigsten Pflanzen, die unsere Erde zu bieten hat.<\/p>\n<p>Wir von GRANNY\u2019S WEED m\u00f6chten euch immer auf dem Laufenden halten. Schaut gerne \u00f6fters hier vorbei oder folgt uns auf Instagram um nichts zu verpassen! Bei Fragen und Anregungen kontaktiert uns gerne!<\/p>\n<p>Stay tuned and enjoy life! ???<\/p>\n<p>&nbsp;<\/p>\n","protected":false},"excerpt":{"rendered":"<p>Granny\u00b4s Weed Baukreuz ENJOY LIFE Granny&#8217;s Baukreuz hilft Dir beim Bauen und Selbstdrehen. Durch die Ablage hast Du beide H\u00e4nde<\/p>\n","protected":false},"featured_media":39827,"comment_status":"open","ping_status":"closed","template":"","meta":{"_acf_changed":false},"product_cat":[2607,2489,3238,2451],"product_tag":[3239],"acf":[],"_links":{"self":[{"href":"https:\/\/donaulife-new.ogrisdigital.at\/en\/wp-json\/wp\/v2\/product\/54679"}],"collection":[{"href":"https:\/\/donaulife-new.ogrisdigital.at\/en\/wp-json\/wp\/v2\/product"}],"about":[{"href":"https:\/\/donaulife-new.ogrisdigital.at\/en\/wp-json\/wp\/v2\/types\/product"}],"replies":[{"embeddable":true,"href":"https:\/\/donaulife-new.ogrisdigital.at\/en\/wp-json\/wp\/v2\/comments?post=54679"}],"wp:featuredmedia":[{"embeddable":true,"href":"https:\/\/donaulife-new.ogrisdigital.at\/en\/wp-json\/wp\/v2\/media\/39827"}],"wp:attachment":[{"href":"https:\/\/donaulife-new.ogrisdigital.at\/en\/wp-json\/wp\/v2\/media?parent=54679"}],"wp:term":[{"taxonomy":"product_cat","embeddable":true,"href":"https:\/\/donaulife-new.ogrisdigital.at\/en\/wp-json\/wp\/v2\/product_cat?post=54679"},{"taxonomy":"product_tag","embeddable":true,"href":"https:\/\/donaulife-new.ogrisdigital.at\/en\/wp-json\/wp\/v2\/product_tag?post=54679"}],"curies":[{"name":"wp","href":"https:\/\/api.w.org\/{rel}","templated":true}]}}