{"id":54668,"date":"2023-06-28T08:13:07","date_gmt":"2023-06-28T08:13:07","guid":{"rendered":"https:\/\/donaulife-new.ogrisdigital.at\/produkt\/ocb-ks-premium-papers-32-blatt\/"},"modified":"2025-01-15T07:07:29","modified_gmt":"2025-01-15T07:07:29","slug":"ocb-ks-premium-papers-32-blatt","status":"publish","type":"product","link":"https:\/\/donaulife-new.ogrisdigital.at\/en\/ocb-ks-premium-papers-32-blatt\/","title":{"rendered":"OCB KS Premium Papers | 32 Blatt"},"content":{"rendered":"<h2>OCB Kingsize Papers<\/h2>\n<p>Die OCB Extra Long Wei\u00df Papers geh\u00f6ren zu den wohl bekanntesten und am meisten gerauchten Long Papers der franz\u00f6sischen Marke. Mit ihrer Gr\u00f6\u00dfe von 98 x 53 Millimetern geh\u00f6rt dieses Deluxe Zigarettenpapier zur Familie der King Size Papers.<\/p>\n<p>Die wei\u00dfen Bl\u00e4ttchen werden aus ultra d\u00fcnn gewalztem Leinen fabriziert und brennen langsam ab. Dabei bleiben sie nat\u00fcrlich absolut geschmacksneutral und beg\u00fcnstigen die Beibehaltung des reinen unverf\u00e4lschten Geschmacks der eingedrehten Tabak- und Kr\u00e4utermischungen.<\/p>\n<p>Sie sind mit einer Gummierung aus organischem Gummi arabicum, dem Saft des afrikanischen Akazienbaums, versehen. Dieser Stoff ist ein \u00fcbliches Mittel zur Gummierung von Zigarettenpapier &#8211; 100% nat\u00fcrlich, vegetarisch und gesundheitlich vollkommen unbedenklich.<\/p>\n<div>\n<p style=\"margin: 0in; font-family: Calibri; font-size: 16.0pt;\"><span style=\"font-weight: bold;\">\u00dcber OCB:<\/span><\/p>\n<p><span style=\"font-family: Calibri; font-size: 11pt;\">OCB steht f\u00fcr Odet Cascadec Bollor\u00e9, heute Bollor\u00e9, dem franz\u00f6sischen Mischkonzern der die Marke bis ins Jahr 2000 herstellte. Aber bis heute wird die Marke nat\u00fcrlich weltweit in jedem gut sortierten Rauch Zubeh\u00f6rhandel gef\u00fchrt. Von den klassischen bekannten blauen regular Papers bis hin zu Kingsize Varianten und nat\u00fcrlich Rolls bietet OCB eine gro\u00dfe Auswahl an Papieren an. Seit kurzem widmet sich die Firma auch vermehrt im Bereich der Aktivkohlefilter und bietet auch dort h\u00f6chste Qualit\u00e4t sehr gute Filterung.<\/span><\/p>\n<\/div>\n<div>\n<p style=\"margin: 0in; font-family: Calibri; font-size: 11.0pt;\">Zuerst produzierte das Unternehmen Kopierpapier f\u00fcr Briefe, Coton-Papier und Musselin-Papier. Mit Beginn des 20. Jahrhunderts eroberte die Zigarettenwelle Frankreich und etablierte sich ebenso am Weltmarkt. Somit wanderte der Fokus weg von Briefpapier und hin zur Herstellung von Zigarettenpapier. 1918 war schlie\u00dflich das Geburtsjahr der Marke OCB und es wurden die ersten Bl\u00e4ttchen produziert und verkauft.<\/p>\n<\/div>\n","protected":false},"excerpt":{"rendered":"<p>OCB Kingsize Papers Die OCB Extra Long Wei\u00df Papers geh\u00f6ren zu den wohl bekanntesten und am meisten gerauchten Long Papers<\/p>\n","protected":false},"featured_media":39769,"comment_status":"open","ping_status":"open","template":"","meta":{"_acf_changed":false},"product_cat":[2489,2451,2453,2752,2452],"product_tag":[],"acf":[],"_links":{"self":[{"href":"https:\/\/donaulife-new.ogrisdigital.at\/en\/wp-json\/wp\/v2\/product\/54668"}],"collection":[{"href":"https:\/\/donaulife-new.ogrisdigital.at\/en\/wp-json\/wp\/v2\/product"}],"about":[{"href":"https:\/\/donaulife-new.ogrisdigital.at\/en\/wp-json\/wp\/v2\/types\/product"}],"replies":[{"embeddable":true,"href":"https:\/\/donaulife-new.ogrisdigital.at\/en\/wp-json\/wp\/v2\/comments?post=54668"}],"wp:featuredmedia":[{"embeddable":true,"href":"https:\/\/donaulife-new.ogrisdigital.at\/en\/wp-json\/wp\/v2\/media\/39769"}],"wp:attachment":[{"href":"https:\/\/donaulife-new.ogrisdigital.at\/en\/wp-json\/wp\/v2\/media?parent=54668"}],"wp:term":[{"taxonomy":"product_cat","embeddable":true,"href":"https:\/\/donaulife-new.ogrisdigital.at\/en\/wp-json\/wp\/v2\/product_cat?post=54668"},{"taxonomy":"product_tag","embeddable":true,"href":"https:\/\/donaulife-new.ogrisdigital.at\/en\/wp-json\/wp\/v2\/product_tag?post=54668"}],"curies":[{"name":"wp","href":"https:\/\/api.w.org\/{rel}","templated":true}]}}