{"id":54654,"date":"2023-06-27T08:16:09","date_gmt":"2023-06-27T08:16:09","guid":{"rendered":"https:\/\/donaulife-new.ogrisdigital.at\/produkt\/black-leaf-bubbler-die-giraffe-39-cm\/"},"modified":"2024-07-01T01:07:47","modified_gmt":"2024-07-01T01:07:47","slug":"black-leaf-bubbler-die-giraffe-39-cm","status":"publish","type":"product","link":"https:\/\/donaulife-new.ogrisdigital.at\/en\/black-leaf-bubbler-die-giraffe-39-cm\/","title":{"rendered":"BLACK LEAF D\u00fcnnhals Bong &#8216;Giraffe&#8217; | 39 cm"},"content":{"rendered":"<h2>Black Leaf Bubbler mit Baumpercolator<\/h2>\n<p>Genie\u00dft den unvergleichlichen Genuss mit dieser absolut beeindruckenden Bong von Black Leaf\u00ae. Ihr werdet sofort von dem unglaublich langen und schmalen Bonghals fasziniert sein, der in einem noch schlankeren und ergonomischen Mundst\u00fcck endet. Dadurch habt ihr einen mega-langen Rauchweg, der daf\u00fcr sorgt, dass der Rauch richtig sch\u00f6n abk\u00fchlen kann.<\/p>\n<p>\u2714\ufe0f Das Raucherlebnis wird euch begeistern.<\/p>\n<p>\u2714\ufe0f Der Rauchweg ist extrem lang, einfach der Hammer!<\/p>\n<p>\u2714\ufe0f Der Bongboden ist mit einem coolen Design bedruckt.<\/p>\n<p>Das Chillum dieser Bong ist perfekt f\u00fcr kleine Mengen, es ist ein Komplettchillum mit einem festen Kopf. Also, Leute, schnappt euch diese Bong und habt eine mega gute Zeit!<\/p>\n<h3><span style=\"font-size: 20.16px;\">\u00dcber Black Leaf:<\/span><\/h3>\n<div>\n<p>In Weed We Trust ? Smoking\u00a0<em>Paraphernalia<\/em> seit 1988: Bongs, Pfeifen, Vaporizer, Grinder, Dabbing Zubeh\u00f6r, Paper &amp; Filter, Lifestyle Produkte. Es gibt viele Innovative Produkte der Marke die auch die ein oder andere Weltneuheit erschaffen haben. Im Shop bieten wir von allen Produkten die beste Auswahl.<\/p>\n<\/div>\n","protected":false},"excerpt":{"rendered":"<p>Black Leaf Bubbler mit Baumpercolator Genie\u00dft den unvergleichlichen Genuss mit dieser absolut beeindruckenden Bong von Black Leaf\u00ae. Ihr werdet sofort<\/p>\n","protected":false},"featured_media":39691,"comment_status":"open","ping_status":"open","template":"","meta":{"_acf_changed":false},"product_cat":[2514,2548,2459,2513,2510,2506,2463,2520],"product_tag":[2521],"acf":[],"_links":{"self":[{"href":"https:\/\/donaulife-new.ogrisdigital.at\/en\/wp-json\/wp\/v2\/product\/54654"}],"collection":[{"href":"https:\/\/donaulife-new.ogrisdigital.at\/en\/wp-json\/wp\/v2\/product"}],"about":[{"href":"https:\/\/donaulife-new.ogrisdigital.at\/en\/wp-json\/wp\/v2\/types\/product"}],"replies":[{"embeddable":true,"href":"https:\/\/donaulife-new.ogrisdigital.at\/en\/wp-json\/wp\/v2\/comments?post=54654"}],"wp:featuredmedia":[{"embeddable":true,"href":"https:\/\/donaulife-new.ogrisdigital.at\/en\/wp-json\/wp\/v2\/media\/39691"}],"wp:attachment":[{"href":"https:\/\/donaulife-new.ogrisdigital.at\/en\/wp-json\/wp\/v2\/media?parent=54654"}],"wp:term":[{"taxonomy":"product_cat","embeddable":true,"href":"https:\/\/donaulife-new.ogrisdigital.at\/en\/wp-json\/wp\/v2\/product_cat?post=54654"},{"taxonomy":"product_tag","embeddable":true,"href":"https:\/\/donaulife-new.ogrisdigital.at\/en\/wp-json\/wp\/v2\/product_tag?post=54654"}],"curies":[{"name":"wp","href":"https:\/\/api.w.org\/{rel}","templated":true}]}}