{"id":54653,"date":"2023-06-27T07:46:56","date_gmt":"2023-06-27T07:46:56","guid":{"rendered":"https:\/\/donaulife-new.ogrisdigital.at\/produkt\/black-leaf-dabrig-turbine-25-cm\/"},"modified":"2025-01-15T07:07:31","modified_gmt":"2025-01-15T07:07:31","slug":"black-leaf-dabrig-turbine-25-cm","status":"publish","type":"product","link":"https:\/\/donaulife-new.ogrisdigital.at\/en\/black-leaf-dabrig-turbine-25-cm\/","title":{"rendered":"BLACK LEAF Dabrig &#8216;Turbine&#8217;| 25 cm"},"content":{"rendered":"<h2>Black Leaf Dab Rig f\u00fcr Extrakte<\/h2>\n<p>Klein aber Oho! Man darf die &#8220;Turbine&#8221; keines Falls untersch\u00e4tzen. Trotz ihrer handlichen Gr\u00f6\u00dfe von nur 25 cm und einen Durchmesser von ca 2,5-8,8 cm, kann sie selbst ge\u00fcbte Smoker aus den Socken haun. Diese spezielle Percolatordabrig mit Dampfturbinenfunktion verf\u00fcgt \u00fcber einen Banger, der den Abstand zwischen der erhitzten \u00d6lpfanne und der Wasserpfeife vergr\u00f6\u00dfert. Dadurch wird es einfacher, den Brenner oder Dabbing-Werkzeuge zu handhaben. Durch diese Anpassung wird der Glask\u00f6rper effektiv vor \u00fcberm\u00e4\u00dfiger Hitze gesch\u00fctzt, und es wird eine verbesserte Sicht auf den richtigen Ansetzpunkt f\u00fcr den Tupfer erm\u00f6glicht.<\/p>\n<h3><span style=\"font-size: 20.16px;\">\u00dcber Black Leaf:<\/span><\/h3>\n<div>\n<p>In Weed We Trust ? Smoking\u00a0<em>Paraphernalia<\/em> seit 1988: Bongs, Pfeifen, Vaporizer, Grinder, Dabbing Zubeh\u00f6r, Paper &amp; Filter, Lifestyle Produkte. Es gibt viele Innovative Produkte der Marke die auch die ein oder andere Weltneuheit erschaffen haben. Im Shop bieten wir von allen Produkten die beste Auswahl.<\/p>\n<\/div>\n","protected":false},"excerpt":{"rendered":"<p>Black Leaf Dab Rig f\u00fcr Extrakte Klein aber Oho! Man darf die &#8220;Turbine&#8221; keines Falls untersch\u00e4tzen. Trotz ihrer handlichen Gr\u00f6\u00dfe<\/p>\n","protected":false},"featured_media":39684,"comment_status":"open","ping_status":"open","template":"","meta":{"_acf_changed":false},"product_cat":[2514,2548,2459,2549,2550,2506,2463,2520,2551],"product_tag":[2521],"acf":[],"_links":{"self":[{"href":"https:\/\/donaulife-new.ogrisdigital.at\/en\/wp-json\/wp\/v2\/product\/54653"}],"collection":[{"href":"https:\/\/donaulife-new.ogrisdigital.at\/en\/wp-json\/wp\/v2\/product"}],"about":[{"href":"https:\/\/donaulife-new.ogrisdigital.at\/en\/wp-json\/wp\/v2\/types\/product"}],"replies":[{"embeddable":true,"href":"https:\/\/donaulife-new.ogrisdigital.at\/en\/wp-json\/wp\/v2\/comments?post=54653"}],"wp:featuredmedia":[{"embeddable":true,"href":"https:\/\/donaulife-new.ogrisdigital.at\/en\/wp-json\/wp\/v2\/media\/39684"}],"wp:attachment":[{"href":"https:\/\/donaulife-new.ogrisdigital.at\/en\/wp-json\/wp\/v2\/media?parent=54653"}],"wp:term":[{"taxonomy":"product_cat","embeddable":true,"href":"https:\/\/donaulife-new.ogrisdigital.at\/en\/wp-json\/wp\/v2\/product_cat?post=54653"},{"taxonomy":"product_tag","embeddable":true,"href":"https:\/\/donaulife-new.ogrisdigital.at\/en\/wp-json\/wp\/v2\/product_tag?post=54653"}],"curies":[{"name":"wp","href":"https:\/\/api.w.org\/{rel}","templated":true}]}}