{"id":54647,"date":"2023-06-23T12:45:53","date_gmt":"2023-06-23T12:45:53","guid":{"rendered":"https:\/\/donaulife-new.ogrisdigital.at\/produkt\/stuendenglass-schlauchschelle-schwarz-gruen-blau\/"},"modified":"2024-07-01T01:07:43","modified_gmt":"2024-07-01T01:07:43","slug":"stuendenglass-schlauchschelle-schwarz-gruen-blau","status":"publish","type":"product","link":"https:\/\/donaulife-new.ogrisdigital.at\/en\/stuendenglass-schlauchschelle-schwarz-gruen-blau\/","title":{"rendered":"ST\u00dcNDENGLASS Schlauchschelle | schwarz\/gr\u00fcn\/blau"},"content":{"rendered":"<h1 class=\"title\">St\u00fcndenglass Schlauchschelle<\/h1>\n<div>\n<div class=\"rey-productSummary\">\n<div class=\"summary entry-summary\">\n<nav class=\"rey-breadcrumbs\">\n<div class=\"rey-breadcrumbs-item\">\n<p>Jetzt gibt es einen Platz f\u00fcr deinen St\u00fcndenglass Schlach &#8211; mit dem neuen Schlauchclip.<\/p>\n<p>* Nicht kompatibel mit Kompakt<\/p>\n<\/div>\n<\/nav>\n<\/div>\n<\/div>\n<\/div>\n<div>\n<h2>Lieferumfang<\/h2>\n<p>1x Schlauchclip<\/p>\n<\/div>\n<p>&nbsp;<\/p>\n","protected":false},"excerpt":{"rendered":"<p>St\u00fcndenglass Schlauchschelle Jetzt gibt es einen Platz f\u00fcr deinen St\u00fcndenglass Schlach &#8211; mit dem neuen Schlauchclip. * Nicht kompatibel mit<\/p>\n","protected":false},"featured_media":39168,"comment_status":"open","ping_status":"open","template":"","meta":{"_acf_changed":false},"product_cat":[2459,2463,3285,2460],"product_tag":[3286],"acf":[],"_links":{"self":[{"href":"https:\/\/donaulife-new.ogrisdigital.at\/en\/wp-json\/wp\/v2\/product\/54647"}],"collection":[{"href":"https:\/\/donaulife-new.ogrisdigital.at\/en\/wp-json\/wp\/v2\/product"}],"about":[{"href":"https:\/\/donaulife-new.ogrisdigital.at\/en\/wp-json\/wp\/v2\/types\/product"}],"replies":[{"embeddable":true,"href":"https:\/\/donaulife-new.ogrisdigital.at\/en\/wp-json\/wp\/v2\/comments?post=54647"}],"wp:featuredmedia":[{"embeddable":true,"href":"https:\/\/donaulife-new.ogrisdigital.at\/en\/wp-json\/wp\/v2\/media\/39168"}],"wp:attachment":[{"href":"https:\/\/donaulife-new.ogrisdigital.at\/en\/wp-json\/wp\/v2\/media?parent=54647"}],"wp:term":[{"taxonomy":"product_cat","embeddable":true,"href":"https:\/\/donaulife-new.ogrisdigital.at\/en\/wp-json\/wp\/v2\/product_cat?post=54647"},{"taxonomy":"product_tag","embeddable":true,"href":"https:\/\/donaulife-new.ogrisdigital.at\/en\/wp-json\/wp\/v2\/product_tag?post=54647"}],"curies":[{"name":"wp","href":"https:\/\/api.w.org\/{rel}","templated":true}]}}