{"id":54641,"date":"2023-06-23T11:13:34","date_gmt":"2023-06-23T11:13:34","guid":{"rendered":"https:\/\/donaulife-new.ogrisdigital.at\/produkt\/ocb-slim-virgin-rolls-4-m\/"},"modified":"2025-01-15T07:07:36","modified_gmt":"2025-01-15T07:07:36","slug":"ocb-slim-virgin-rolls-4-m","status":"publish","type":"product","link":"https:\/\/donaulife-new.ogrisdigital.at\/en\/ocb-slim-virgin-rolls-4-m\/","title":{"rendered":"OCB Slim Virgin Rolls | 4 m"},"content":{"rendered":"<h2>OCB Endlos Papers Slim 4m<\/h2>\n<p>OCB mal ganz naturbelassen! OCB Unbleached Virgin Paper King Size Slim ist ein ungebleichtes Papier, dadurch erh\u00e4lt es seine nat\u00fcrliche, leichte Braunf\u00e4rbung.<\/p>\n<p>Wie alle ultra d\u00fcnnen OCB Papiere ist jedes Blatt mit einem Wasserzeichen und einer Gummierung aus nat\u00fcrlichem Gummi arabicum versehen, welches f\u00fcr seine Zuverl\u00e4ssigkeit bekannt ist.<\/p>\n<ul>\n<li>L\u00e4nge: ca 4m<\/li>\n<li>Breite: 4,4 cm<\/li>\n<\/ul>\n<div>\n<h3 style=\"margin: 0in; font-family: Calibri; font-size: 16.0pt;\">\u00dcber OCB:<\/h3>\n<p>OCB steht f\u00fcr Odet Cascadec Bollor\u00e9, heute Bollor\u00e9, dem franz\u00f6sischen Mischkonzern der die Marke bis ins Jahr 2000 herstellte. Aber bis heute wird die Marke nat\u00fcrlich weltweit in jedem gut sortierten Rauch Zubeh\u00f6rhandel gef\u00fchrt. Von den klassischen bekannten blauen regular Papers bis hin zu Kingsize Varianten und nat\u00fcrlich Rolls bietet OCB eine gro\u00dfe Auswahl an Papieren an. Seit kurzem widmet sich die Firma auch vermehrt im Bereich der Aktivkohlefilter und bietet auch dort h\u00f6chste Qualit\u00e4t sehr gute Filterung.<\/p>\n<p>Zuerst produzierte das Unternehmen Kopierpapier f\u00fcr Briefe, Coton-Papier und Musselin-Papier. Mit Beginn des 20. Jahrhunderts eroberte die Zigarettenwelle Frankreich und etablierte sich ebenso am Weltmarkt. Somit wanderte der Fokus weg von Briefpapier und hin zur Herstellung von Zigarettenpapier. 1918 war schlie\u00dflich das Geburtsjahr der Marke OCB und es wurden die ersten Bl\u00e4ttchen produziert und verkauft.<\/p>\n<\/div>\n","protected":false},"excerpt":{"rendered":"<p>OCB Endlos Papers Slim 4m OCB mal ganz naturbelassen! OCB Unbleached Virgin Paper King Size Slim ist ein ungebleichtes Papier,<\/p>\n","protected":false},"featured_media":39649,"comment_status":"open","ping_status":"open","template":"","meta":{"_acf_changed":false},"product_cat":[2489,2630,2451,2752,2452],"product_tag":[],"acf":[],"_links":{"self":[{"href":"https:\/\/donaulife-new.ogrisdigital.at\/en\/wp-json\/wp\/v2\/product\/54641"}],"collection":[{"href":"https:\/\/donaulife-new.ogrisdigital.at\/en\/wp-json\/wp\/v2\/product"}],"about":[{"href":"https:\/\/donaulife-new.ogrisdigital.at\/en\/wp-json\/wp\/v2\/types\/product"}],"replies":[{"embeddable":true,"href":"https:\/\/donaulife-new.ogrisdigital.at\/en\/wp-json\/wp\/v2\/comments?post=54641"}],"wp:featuredmedia":[{"embeddable":true,"href":"https:\/\/donaulife-new.ogrisdigital.at\/en\/wp-json\/wp\/v2\/media\/39649"}],"wp:attachment":[{"href":"https:\/\/donaulife-new.ogrisdigital.at\/en\/wp-json\/wp\/v2\/media?parent=54641"}],"wp:term":[{"taxonomy":"product_cat","embeddable":true,"href":"https:\/\/donaulife-new.ogrisdigital.at\/en\/wp-json\/wp\/v2\/product_cat?post=54641"},{"taxonomy":"product_tag","embeddable":true,"href":"https:\/\/donaulife-new.ogrisdigital.at\/en\/wp-json\/wp\/v2\/product_tag?post=54641"}],"curies":[{"name":"wp","href":"https:\/\/api.w.org\/{rel}","templated":true}]}}