{"id":54575,"date":"2023-05-22T15:06:45","date_gmt":"2023-05-22T15:06:45","guid":{"rendered":"https:\/\/donaulife-new.ogrisdigital.at\/produkt\/clear-machine-2-0-drink-vanille-15ml\/"},"modified":"2025-01-15T07:07:39","modified_gmt":"2025-01-15T07:07:39","slug":"clear-machine-2-0-drink-vanille-15ml","status":"publish","type":"product","link":"https:\/\/donaulife-new.ogrisdigital.at\/en\/clear-machine-2-0-drink-vanille-15ml\/","title":{"rendered":"CLEAR MACHINE 2.0 Drink Vanille | 15ml"},"content":{"rendered":"<h2>Clear Machine Version 2.0<\/h2>\n<p><strong>CLEAR MACHINE<\/strong>\u00a0Version 2.0 &#8211; Neues, sch\u00f6nes Gewand &#8211; bew\u00e4hrte und von uns getestete Wirksamkeit! F\u00fchlst Du Dich schlapp, ausgelaugt und tr\u00e4ge? Dann g\u00f6nne Deinem Organismus einen Reset mit der erfrischenden Wirkung von\u00a0<strong>CLEAR MACHINE<\/strong>, dem diabetischen Instantgetr\u00e4nkepulver mit Vanillegeschmack. F\u00fcr den schnellen Frischekick enth\u00e4lt es besonders hohe Dosen an B-Vitaminen und Kreatin. Somit ist es auch eine optimale Nahrungserg\u00e4nzung f\u00fcr Sportler und vor allem auch Vegetarier sowie Veganer, da Kreatin so gut wie gar nicht in pflanzlichen Nahrungsmitteln vorkommt.<\/p>\n<p>\u2714\ufe0f der erfrischende Reset f\u00fcr Deinen K\u00f6rper<\/p>\n<p>\u2714\ufe0f um ein Vielfaches h\u00f6her dosiert als Vergleichsprodukte<\/p>\n<p>\u2714\ufe0f einfach und schnell zubereitet in der Dose<\/p>\n<p>\u2714\ufe0f Vitamine B1, B2, B6, Pantothens\u00e4ure und Kreatin schwemmen Giftstoffe aus<\/p>\n<p>\u2714\ufe0f hergestellt und abgef\u00fcllt unter strengen Hygienebestimmungen in Deutschland<\/p>\n<p>\u2714\ufe0f verhindert Kreatinmangel bei Menschen, die keine tierischen Produkte essen<\/p>\n<p>\u2714\ufe0f 5 Stunden lang &#8220;wie neu geboren&#8221; f\u00fchlen<\/p>\n<p>Jede Dose\u00a0<strong>CLEAR MACHINE<\/strong>\u00a0enth\u00e4lt 5 Verzehrportionen a 12g, was 500ml Instantgetr\u00e4nk ergibt. Jede 12g-Portion enth\u00e4lt 4,2mg Vitamin B1, 4,8mg Vitamin B2, 6mg Vitamin B6, 18mg Pantothens\u00e4ure und 2,4g Kreatin. So ist der Tagesbedarf an diesen N\u00e4hrstoffen um ein Vielfaches gedeckt. Und daher reicht eine Dose, auch bei einem K\u00f6rpergewicht von mehr als 80kg!<\/p>\n<p>Damit sich die erfrischende Wirkung von\u00a0<strong>CLEAR MACHINE<\/strong>\u00a0optimal entfalten kann, bitte genau der Anweisung folgen. Diese steht auf der Innenseite des Au\u00dfenaufklebers auf der Dose, siehe brauner Pfeil. Wir empfehlen, nach dem Verzehr von\u00a0<strong>CLEAR MACHINE<\/strong>\u00a0den Reinigungsprozess mit Trinken von 1-1.5l Wasser zu unterst\u00fctzen.<\/p>\n<p><strong>Warnung: Dieses Instantgetr\u00e4nk sollte nicht vor medizinischen Untersuchungen\/Screenings getrunken werden, um eine eventuelle Verf\u00e4lschung der Ergebnisse zu vermeiden.<\/strong><\/p>\n<h2><a href=\"http:\/\/www.neardark.de\/NAVfiles\/513201_de_en-ba.pdf\" target=\"_blank\" rel=\"noopener\"><strong>Gebrauchsanweisung<\/strong><\/a><\/h2>\n","protected":false},"excerpt":{"rendered":"<p>Clear Machine Version 2.0 CLEAR MACHINE\u00a0Version 2.0 &#8211; Neues, sch\u00f6nes Gewand &#8211; bew\u00e4hrte und von uns getestete Wirksamkeit! F\u00fchlst Du<\/p>\n","protected":false},"featured_media":39482,"comment_status":"open","ping_status":"open","template":"","meta":{"_acf_changed":false},"product_cat":[2489,2566,2451],"product_tag":[],"acf":[],"_links":{"self":[{"href":"https:\/\/donaulife-new.ogrisdigital.at\/en\/wp-json\/wp\/v2\/product\/54575"}],"collection":[{"href":"https:\/\/donaulife-new.ogrisdigital.at\/en\/wp-json\/wp\/v2\/product"}],"about":[{"href":"https:\/\/donaulife-new.ogrisdigital.at\/en\/wp-json\/wp\/v2\/types\/product"}],"replies":[{"embeddable":true,"href":"https:\/\/donaulife-new.ogrisdigital.at\/en\/wp-json\/wp\/v2\/comments?post=54575"}],"wp:featuredmedia":[{"embeddable":true,"href":"https:\/\/donaulife-new.ogrisdigital.at\/en\/wp-json\/wp\/v2\/media\/39482"}],"wp:attachment":[{"href":"https:\/\/donaulife-new.ogrisdigital.at\/en\/wp-json\/wp\/v2\/media?parent=54575"}],"wp:term":[{"taxonomy":"product_cat","embeddable":true,"href":"https:\/\/donaulife-new.ogrisdigital.at\/en\/wp-json\/wp\/v2\/product_cat?post=54575"},{"taxonomy":"product_tag","embeddable":true,"href":"https:\/\/donaulife-new.ogrisdigital.at\/en\/wp-json\/wp\/v2\/product_tag?post=54575"}],"curies":[{"name":"wp","href":"https:\/\/api.w.org\/{rel}","templated":true}]}}