{"id":54523,"date":"2023-05-17T11:59:18","date_gmt":"2023-05-17T11:59:18","guid":{"rendered":"https:\/\/donaulife-new.ogrisdigital.at\/produkt\/groove-fritted-pipe-glaspfeife\/"},"modified":"2024-07-01T01:06:24","modified_gmt":"2024-07-01T01:06:24","slug":"groove-fritted-pipe-glaspfeife","status":"publish","type":"product","link":"https:\/\/donaulife-new.ogrisdigital.at\/en\/groove-fritted-pipe-glaspfeife\/","title":{"rendered":"GROOVE Fritted Pipe | Glaspfeife"},"content":{"rendered":"<h2>Groove\u00b4s Glaspfeife<\/h2>\n<div>\n<div>Hochwertige Glasprodukte, die einfach, funktionell und zuverl\u00e4ssig sind. Die Groove Glass Line ist aus hochwertigen Materialien gefertigt und hat ein klares und klassisches Aussehen. Klares Glas mit schwarzen Akzenten macht diese Produkte zeitlos und auf lange Sicht stilvoll.<\/div>\n<div><\/div>\n<div>Die Groove Glass Hand Pipe hat eine ergonomische L\u00f6ffelform, einen 14-mm-Kopf und misst vier Zoll in der L\u00e4nge f\u00fcr ein kompaktes Gef\u00fchl. Klassisch einfach.<\/div>\n<div><\/div>\n<div>Eigenschaften:<\/div>\n<ul>\n<li>Klarglas mit schwarzen Akzenten<\/li>\n<li>Geschliffene Glasanschl\u00fcsse<\/li>\n<li>Einschlie\u00dflich 14-mm-Kopf<\/li>\n<li>L\u00e4nge: 10,15 cm<\/li>\n<li>Kompatibel mit trockenem Kraut<\/li>\n<\/ul>\n<\/div>\n<h3>\u00dcber Groove Glass:<\/h3>\n<p>Hochwertige Glasprodukte, die einfach, funktionell und zuverl\u00e4ssig sind. Die Groove Glass Line besteht aus hochwertigen Materialien mit einem klaren und klassischen Look. Klares Glas mit schwarzen Akzenten macht diese Produkte zeitlos und auf lange Sicht stilvoll.<\/p>\n","protected":false},"excerpt":{"rendered":"<p>Groove\u00b4s Glaspfeife Hochwertige Glasprodukte, die einfach, funktionell und zuverl\u00e4ssig sind. Die Groove Glass Line ist aus hochwertigen Materialien gefertigt und<\/p>\n","protected":false},"featured_media":39157,"comment_status":"open","ping_status":"open","template":"","meta":{"_acf_changed":false},"product_cat":[2502,2451,2501],"product_tag":[3659],"acf":[],"_links":{"self":[{"href":"https:\/\/donaulife-new.ogrisdigital.at\/en\/wp-json\/wp\/v2\/product\/54523"}],"collection":[{"href":"https:\/\/donaulife-new.ogrisdigital.at\/en\/wp-json\/wp\/v2\/product"}],"about":[{"href":"https:\/\/donaulife-new.ogrisdigital.at\/en\/wp-json\/wp\/v2\/types\/product"}],"replies":[{"embeddable":true,"href":"https:\/\/donaulife-new.ogrisdigital.at\/en\/wp-json\/wp\/v2\/comments?post=54523"}],"wp:featuredmedia":[{"embeddable":true,"href":"https:\/\/donaulife-new.ogrisdigital.at\/en\/wp-json\/wp\/v2\/media\/39157"}],"wp:attachment":[{"href":"https:\/\/donaulife-new.ogrisdigital.at\/en\/wp-json\/wp\/v2\/media?parent=54523"}],"wp:term":[{"taxonomy":"product_cat","embeddable":true,"href":"https:\/\/donaulife-new.ogrisdigital.at\/en\/wp-json\/wp\/v2\/product_cat?post=54523"},{"taxonomy":"product_tag","embeddable":true,"href":"https:\/\/donaulife-new.ogrisdigital.at\/en\/wp-json\/wp\/v2\/product_tag?post=54523"}],"curies":[{"name":"wp","href":"https:\/\/api.w.org\/{rel}","templated":true}]}}