{"id":54522,"date":"2023-05-17T11:38:39","date_gmt":"2023-05-17T11:38:39","guid":{"rendered":"https:\/\/donaulife-new.ogrisdigital.at\/produkt\/groove-spark-butan-fackel\/"},"modified":"2024-07-01T01:06:24","modified_gmt":"2024-07-01T01:06:24","slug":"groove-spark-butan-fackel","status":"publish","type":"product","link":"https:\/\/donaulife-new.ogrisdigital.at\/en\/groove-spark-butan-fackel\/","title":{"rendered":"GROOVE Spark | Butan Fackel"},"content":{"rendered":"<h2>Groove\u00b4s Butan Fackel<\/h2>\n<div>\n<div>Wir stellen die Groove Spark vor, eine nachf\u00fcllbare Butanfackel mit einer Kapazit\u00e4t von 10 Gramm. Die Spark ist die zuverl\u00e4ssige Wahl f\u00fcr eine entspannte, luftige Session. Mit einer Z\u00fcndung per Knopfdruck und einer einstellbaren Flamme ist die Spark nicht einsch\u00fcchternd und bequem.<\/div>\n<div><\/div>\n<div>Die saubere, funkenfreie Flamme und die gleichm\u00e4\u00dfige Hitze machen den Spark ideal f\u00fcr die Verwendung mit Quarzknallern und anderen Dabbing-N\u00e4geln.<\/div>\n<div><\/div>\n<div><strong>Eigenschaften<\/strong><\/div>\n<ul>\n<li>Nachf\u00fcllbare Butanfackel<\/li>\n<li>Einstellbare Flamme<\/li>\n<li>10g Fassungsverm\u00f6gen<\/li>\n<li>Druckknopf-Z\u00fcndung<\/li>\n<li>Sicherheitssperre<\/li>\n<\/ul>\n<\/div>\n<h3>\u00dcber Groove Glass:<\/h3>\n<p>Hochwertige Glasprodukte, die einfach, funktionell und zuverl\u00e4ssig sind. Die Groove Glass Line besteht aus hochwertigen Materialien mit einem klaren und klassischen Look. Klares Glas mit schwarzen Akzenten macht diese Produkte zeitlos und auf lange Sicht stilvoll.<\/p>\n","protected":false},"excerpt":{"rendered":"<p>Groove\u00b4s Butan Fackel Wir stellen die Groove Spark vor, eine nachf\u00fcllbare Butanfackel mit einer Kapazit\u00e4t von 10 Gramm. Die Spark<\/p>\n","protected":false},"featured_media":39089,"comment_status":"open","ping_status":"closed","template":"","meta":{"_acf_changed":false},"product_cat":[2494,2549,2743,2451],"product_tag":[3659],"acf":[],"_links":{"self":[{"href":"https:\/\/donaulife-new.ogrisdigital.at\/en\/wp-json\/wp\/v2\/product\/54522"}],"collection":[{"href":"https:\/\/donaulife-new.ogrisdigital.at\/en\/wp-json\/wp\/v2\/product"}],"about":[{"href":"https:\/\/donaulife-new.ogrisdigital.at\/en\/wp-json\/wp\/v2\/types\/product"}],"replies":[{"embeddable":true,"href":"https:\/\/donaulife-new.ogrisdigital.at\/en\/wp-json\/wp\/v2\/comments?post=54522"}],"wp:featuredmedia":[{"embeddable":true,"href":"https:\/\/donaulife-new.ogrisdigital.at\/en\/wp-json\/wp\/v2\/media\/39089"}],"wp:attachment":[{"href":"https:\/\/donaulife-new.ogrisdigital.at\/en\/wp-json\/wp\/v2\/media?parent=54522"}],"wp:term":[{"taxonomy":"product_cat","embeddable":true,"href":"https:\/\/donaulife-new.ogrisdigital.at\/en\/wp-json\/wp\/v2\/product_cat?post=54522"},{"taxonomy":"product_tag","embeddable":true,"href":"https:\/\/donaulife-new.ogrisdigital.at\/en\/wp-json\/wp\/v2\/product_tag?post=54522"}],"curies":[{"name":"wp","href":"https:\/\/api.w.org\/{rel}","templated":true}]}}