{"id":54435,"date":"2023-02-17T16:27:40","date_gmt":"2023-02-17T16:27:40","guid":{"rendered":"https:\/\/donaulife-new.ogrisdigital.at\/produkt\/higher-standards-aluminiumgrinder-by-aerospaced-63-mm\/"},"modified":"2025-01-15T07:01:14","modified_gmt":"2025-01-15T07:01:14","slug":"higher-standards-aluminiumgrinder-by-aerospaced-63-mm","status":"publish","type":"product","link":"https:\/\/donaulife-new.ogrisdigital.at\/en\/higher-standards-aluminiumgrinder-by-aerospaced-63-mm\/","title":{"rendered":"HIGHER STANDARDS Aluminiumgrinder by Aerospaced | 63 mm"},"content":{"rendered":"<h2>Higher Standards 4-Teiliger 63 mm<\/h2>\n<p>Der Aerospaced by Higher Standards 4-Piece 63 mm Grinder verf\u00fcgt \u00fcber scharfe, diamantf\u00f6rmige Z\u00e4hne, die das Material zu einer feinen und gleichm\u00e4\u00dfigen Konsistenz zerkleinern &#8211; und Sie so auf ein un\u00fcbertroffenes Dry Herb Erlebnis vorbereiten.<\/p>\n<p>Aerospaced by Higher Standards bietet eine Reihe von hochwertigen Grindern an, die mit hoher Pr\u00e4zision aus langlebigen Materialien hergestellt werden. Alle Grinder sind aus einem massiven Block Aluminium in Flugzeugqualit\u00e4t gefertigt, um eine zuverl\u00e4ssige Robustheit zu gew\u00e4hrleisten. Die eloxierte Oberfl\u00e4che sorgt daf\u00fcr, dass die Beschichtung nicht in Ihren kostbaren Kr\u00e4utern abbl\u00e4ttert oder wegkratzt wie bei billig hergestellten Grindern.<\/p>\n<p>Alle 4-teiligen Grinder verf\u00fcgen \u00fcber einen integrierten Pollenf\u00e4nger, der die kleinsten Partikel Ihrer gemahlenen Kr\u00e4uter auff\u00e4ngt. Der mitgelieferte Schaber hilft Ihnen, diese aufzufangen, so dass Sie das Beste aus Ihrem Material machen k\u00f6nnen.<\/p>\n<p>Die 4-teiligen 63 mm Grinder von Aerospaced by Higher Standards sind in folgenden Farben erh\u00e4ltlich: Gold<\/p>\n<h2>Features:<\/h2>\n<p>&nbsp;<\/p>\n<ul>\n<li>Alle 4-teiligen Grinder verf\u00fcgen \u00fcber einen integrierten Pollenf\u00e4nger, der die kleinsten Partikel Ihrer gemahlenen Kr\u00e4uter auff\u00e4ngt. Der mitgelieferte Schaber hilft Ihnen, diese aufzufangen, so dass Sie das Beste aus Ihrem Material machen k\u00f6nnen.<\/li>\n<li>Die 4-teiligen 63 mm Grinder von Aerospaced by Higher Standards sind in einer Vielzahl von Farben erh\u00e4ltlich: Schwarz, Gold, Gr\u00fcn, Gun Metal Black, Hellblau, Rasta, Rot, Silber.<\/li>\n<li>Hochwertiges Aluminium aus der Luftfahrt mit eloxierter Oberfl\u00e4che f\u00fcr einen eleganten und langlebigen Look<\/li>\n<li>Scharfe diamantf\u00f6rmige Z\u00e4hne sorgen f\u00fcr einen feinen und gleichm\u00e4\u00dfigen Mahlgrad<\/li>\n<li>Magnetischer Deckel, um den Inhalt sicher aufzubewahren und ein Versch\u00fctten zu verhindern<\/li>\n<li>Pr\u00e4zise ausbalancierter Mahlkopf f\u00fcr ein reibungsloses Mahlen bei jeder Anwendung<\/li>\n<\/ul>\n<h3>\u00dcber Higher Standards:<\/h3>\n<div>Higher Standards wurde gegr\u00fcndet, um echten Kennern die Werkzeuge zu liefern, die sie f\u00fcr das beste Raucherlebnis ben\u00f6tigen, von Premium-Pflegeprodukten, die den besten Geschmack aus Ihrem Material herausholen, bis hin zu Hochleistungsgl\u00e4sern und begehrten limitierten Editionen.<\/div>\n<div><\/div>\n<div>Unsere Kollektion von handgefertigtem High End Glas, erstklassigen Pflege- und Wartungsprodukten und limitierten Kooperationen wurden alle mit dem Gedanken an den wahren Genie\u00dfer geschaffen, der den Geschmack an erste Stelle setzt.<\/div>\n","protected":false},"excerpt":{"rendered":"<p>Higher Standards 4-Teiliger 63 mm Der Aerospaced by Higher Standards 4-Piece 63 mm Grinder verf\u00fcgt \u00fcber scharfe, diamantf\u00f6rmige Z\u00e4hne, die<\/p>\n","protected":false},"featured_media":38826,"comment_status":"open","ping_status":"open","template":"","meta":{"_acf_changed":false},"product_cat":[2481,2482,2489,2480,2451,2483],"product_tag":[3485],"acf":[],"_links":{"self":[{"href":"https:\/\/donaulife-new.ogrisdigital.at\/en\/wp-json\/wp\/v2\/product\/54435"}],"collection":[{"href":"https:\/\/donaulife-new.ogrisdigital.at\/en\/wp-json\/wp\/v2\/product"}],"about":[{"href":"https:\/\/donaulife-new.ogrisdigital.at\/en\/wp-json\/wp\/v2\/types\/product"}],"replies":[{"embeddable":true,"href":"https:\/\/donaulife-new.ogrisdigital.at\/en\/wp-json\/wp\/v2\/comments?post=54435"}],"wp:featuredmedia":[{"embeddable":true,"href":"https:\/\/donaulife-new.ogrisdigital.at\/en\/wp-json\/wp\/v2\/media\/38826"}],"wp:attachment":[{"href":"https:\/\/donaulife-new.ogrisdigital.at\/en\/wp-json\/wp\/v2\/media?parent=54435"}],"wp:term":[{"taxonomy":"product_cat","embeddable":true,"href":"https:\/\/donaulife-new.ogrisdigital.at\/en\/wp-json\/wp\/v2\/product_cat?post=54435"},{"taxonomy":"product_tag","embeddable":true,"href":"https:\/\/donaulife-new.ogrisdigital.at\/en\/wp-json\/wp\/v2\/product_tag?post=54435"}],"curies":[{"name":"wp","href":"https:\/\/api.w.org\/{rel}","templated":true}]}}