{"id":54401,"date":"2023-02-17T13:32:55","date_gmt":"2023-02-17T13:32:55","guid":{"rendered":"https:\/\/donaulife-new.ogrisdigital.at\/produkt\/black-leaf-quarz-banger-mit-farbreaktor\/"},"modified":"2024-07-01T01:05:06","modified_gmt":"2024-07-01T01:05:06","slug":"black-leaf-quarz-banger-mit-farbreaktor","status":"publish","type":"product","link":"https:\/\/donaulife-new.ogrisdigital.at\/en\/black-leaf-quarz-banger-mit-farbreaktor\/","title":{"rendered":"BLACK LEAF Quarz Banger mit Farbreaktor"},"content":{"rendered":"<h2>Black Leaf Dab Nagel aus Quartz Glas<\/h2>\n<p>F\u00fcr den perfekten Genuss von Konzentraten wie \u00d6l oder Wax ist die richtige Temperatur einer der ausschlaggebenden Faktoren. Der \u00d6lbanger mit Farbreaktor von\u00a0<strong>Black Leaf\u00ae<\/strong>\u00a0enth\u00e4lt ein Kadmiumgranulat, dass sich w\u00e4hrend des Erhitzens von gelb zu rot f\u00e4rbt, sobald er hei\u00df ist. Der Reaktor ist ein Hitzeindikator und hilft, Hitze l\u00e4nger zu speichern. Er vergr\u00f6\u00dfert die Oberfl\u00e4che und verbessert die Verteilung der Hitze im Banger, so dass mehr \u00d6l oder Wax verdampfen kann &#8211; f\u00fcr mehr Geschmack und st\u00e4rkere Hits!<\/p>\n<p>Der Banger ist handgefertigt aus sehr hitzebest\u00e4ndigem Quarzglas und l\u00e4sst sich innerhalb k\u00fcrzester Zeit aufheizen, emittiert keine Stoffe und ist lebensmittel- und medizinzertifiziert. Der Kopf wird mit einem Butangas-Brenner erhitzt, erst dann wird das \u00d6l\/Konzentrat in die Pfanne getupft und der entstehende Rauch inhaliert.<\/p>\n<p>F\u00fcr eine noch st\u00e4rkere Rauchentwicklung empfehlen wir die Benutzung einer unserer zahlreichen, separat erh\u00e4ltlichen Carb Caps!<\/p>\n<p><em>Achtung: Der Banger darf nur am Kopf erhitzt werden, da sonst die Gefahr besteht, dass der Schliff der Bong wegen Ausdehnung des Materials bricht.<\/em><\/p>\n<h3><span style=\"font-size: 20.16px;\">\u00dcber Black Leaf:<\/span><\/h3>\n<div>\n<p>In Weed We Trust ? Smoking\u00a0<em>Paraphernalia<\/em> seit 1988: Bongs, Pfeifen, Vaporizer, Grinder, Dabbing Zubeh\u00f6r, Paper &amp; Filter, Lifestyle Produkte. Es gibt viele Innovative Produkte der Marke die auch die ein oder andere Weltneuheit erschaffen haben. Im Shop bieten wir von allen Produkten die beste Auswahl.<\/p>\n<\/div>\n","protected":false},"excerpt":{"rendered":"<p>Black Leaf Dab Nagel aus Quartz Glas F\u00fcr den perfekten Genuss von Konzentraten wie \u00d6l oder Wax ist die richtige<\/p>\n","protected":false},"featured_media":38675,"comment_status":"open","ping_status":"closed","template":"","meta":{"_acf_changed":false},"product_cat":[2459,2552,2549,2578,2460],"product_tag":[2521],"acf":[],"_links":{"self":[{"href":"https:\/\/donaulife-new.ogrisdigital.at\/en\/wp-json\/wp\/v2\/product\/54401"}],"collection":[{"href":"https:\/\/donaulife-new.ogrisdigital.at\/en\/wp-json\/wp\/v2\/product"}],"about":[{"href":"https:\/\/donaulife-new.ogrisdigital.at\/en\/wp-json\/wp\/v2\/types\/product"}],"replies":[{"embeddable":true,"href":"https:\/\/donaulife-new.ogrisdigital.at\/en\/wp-json\/wp\/v2\/comments?post=54401"}],"wp:featuredmedia":[{"embeddable":true,"href":"https:\/\/donaulife-new.ogrisdigital.at\/en\/wp-json\/wp\/v2\/media\/38675"}],"wp:attachment":[{"href":"https:\/\/donaulife-new.ogrisdigital.at\/en\/wp-json\/wp\/v2\/media?parent=54401"}],"wp:term":[{"taxonomy":"product_cat","embeddable":true,"href":"https:\/\/donaulife-new.ogrisdigital.at\/en\/wp-json\/wp\/v2\/product_cat?post=54401"},{"taxonomy":"product_tag","embeddable":true,"href":"https:\/\/donaulife-new.ogrisdigital.at\/en\/wp-json\/wp\/v2\/product_tag?post=54401"}],"curies":[{"name":"wp","href":"https:\/\/api.w.org\/{rel}","templated":true}]}}