{"id":54385,"date":"2023-02-16T14:13:26","date_gmt":"2023-02-16T14:13:26","guid":{"rendered":"https:\/\/donaulife-new.ogrisdigital.at\/produkt\/lauren-rose-the-collection-snapback-flat-cap-og-kush-orange-2\/"},"modified":"2024-07-01T01:04:59","modified_gmt":"2024-07-01T01:04:59","slug":"lauren-rose-the-collection-snapback-flat-cap-og-kush-orange-2","status":"publish","type":"product","link":"https:\/\/donaulife-new.ogrisdigital.at\/en\/lauren-rose-the-collection-snapback-flat-cap-og-kush-orange-2\/","title":{"rendered":"LAUREN ROSE The Collection Snapback Flat Cap | OG Kush Orange"},"content":{"rendered":"<h2>Lauren Rose Flat Snapback Cap<\/h2>\n<p>Lauren Rose hat diese Big Buddha Cheese Snapback in Orange\/schwarz mit Weed Muster entworfen. Das Logo auf der Vorderseite ist in 3D gestickt, innerhalb der OG Kush-Buchstaben ist ein weed muster zu sehen.<br \/>\nDiese M\u00fctze hat eine Besonderheit: eine HIDDEN POCKET! Dein Gras in einer stylischen Tasche verschwinden zu lassen, ist definitiv eine der besten M\u00f6glichkeiten, es zu verstecken. M\u00f6glich wird dies durch die versteckte Tasche im Inneren des Hutes.<\/p>\n<p>Wenn Du ein Cannabis-Sammler oder Kiffer bist, darfst Du Dir diesen tollen Mary-Jane-Hut auf keinen Fall entgehen lassen. Unterst\u00fctze deinen Kiffer-Stil mit diesem coolen OG Kush Cap der 420er-Szene.<br \/>\nAlles in allem ist der Hut eine gro\u00dfartige Erg\u00e4nzung f\u00fcr Laurens 420er Sammlung.<\/p>\n<p><strong>Hut:<\/strong> Gelb\/Gr\u00fcn-Braunes Camo-Muster, normale Passform,<br \/>\n<strong>Vorderes Logo:<\/strong> OG Kush in einer 3D-Stickerei, gef\u00fcllt mit Rauch<br \/>\n<strong>Besonderheit 1:<\/strong> Versteckte Tasche<br \/>\n<strong>R\u00fcckseite der M\u00fctze:<\/strong> Dies ist ein Snapback<br \/>\n<strong>Innenseite der M\u00fctze:<\/strong> Team LR Stoff<br \/>\n<strong>Visier:<\/strong> Gerade Visor black<\/p>\n<h3>\u00dcber Lauren Rose:<\/h3>\n<p>Das Label Lauren Rose wurde in Amsterdam gegr\u00fcndet. Das LR Unternehmen startete eine kleine Eigenmarke. Ihr Ursprung liegt im BMX-, Skateboard- und Snowboard-Lifestyle und sie f\u00fchrten Performance-Basics wie T-Shirts, Crew&#8217;s und Hoody&#8217;s sowie kreative Headwear.<br \/>\nAus diesem Schmelztiegel aus Clubszene, Rennstrecken und Attit\u00fcde entstand 2009 die LR-Bewegung, die den Stil der Lauren Rose Styles entwickelte, wie wir ihn heute kennen.<br \/>\nUm den Erwartungen an hochwertige Kopfbedeckungen gerecht zu werden, gr\u00fcndeten sie eine junge Gruppe von Designern, die ihrem Image gerecht werden und unsere Gesellschaft und gemischten Kulturen widerspiegeln.<br \/>\nDie Designs, die Auswahl der Materialien und die Passform sprechen viele junge Leute an. Die Kollektionen sind vielf\u00e4ltig, wechselnd und richtungsweisend.<\/p>\n","protected":false},"excerpt":{"rendered":"<p>Lauren Rose Flat Snapback Cap Lauren Rose hat diese Big Buddha Cheese Snapback in Orange\/schwarz mit Weed Muster entworfen. Das<\/p>\n","protected":false},"featured_media":38502,"comment_status":"open","ping_status":"open","template":"","meta":{"_acf_changed":false},"product_cat":[3180],"product_tag":[3652],"acf":[],"_links":{"self":[{"href":"https:\/\/donaulife-new.ogrisdigital.at\/en\/wp-json\/wp\/v2\/product\/54385"}],"collection":[{"href":"https:\/\/donaulife-new.ogrisdigital.at\/en\/wp-json\/wp\/v2\/product"}],"about":[{"href":"https:\/\/donaulife-new.ogrisdigital.at\/en\/wp-json\/wp\/v2\/types\/product"}],"replies":[{"embeddable":true,"href":"https:\/\/donaulife-new.ogrisdigital.at\/en\/wp-json\/wp\/v2\/comments?post=54385"}],"wp:featuredmedia":[{"embeddable":true,"href":"https:\/\/donaulife-new.ogrisdigital.at\/en\/wp-json\/wp\/v2\/media\/38502"}],"wp:attachment":[{"href":"https:\/\/donaulife-new.ogrisdigital.at\/en\/wp-json\/wp\/v2\/media?parent=54385"}],"wp:term":[{"taxonomy":"product_cat","embeddable":true,"href":"https:\/\/donaulife-new.ogrisdigital.at\/en\/wp-json\/wp\/v2\/product_cat?post=54385"},{"taxonomy":"product_tag","embeddable":true,"href":"https:\/\/donaulife-new.ogrisdigital.at\/en\/wp-json\/wp\/v2\/product_tag?post=54385"}],"curies":[{"name":"wp","href":"https:\/\/api.w.org\/{rel}","templated":true}]}}