{"id":54365,"date":"2023-02-14T10:26:19","date_gmt":"2023-02-14T10:26:19","guid":{"rendered":"https:\/\/donaulife-new.ogrisdigital.at\/produkt\/rolls-secret-box-rolling-tray\/"},"modified":"2024-07-01T01:04:40","modified_gmt":"2024-07-01T01:04:40","slug":"rolls-secret-box-rolling-tray","status":"publish","type":"product","link":"https:\/\/donaulife-new.ogrisdigital.at\/en\/rolls-secret-box-rolling-tray\/","title":{"rendered":"ROLLS Secret Box | Rolling Tray"},"content":{"rendered":"<h2 class=\"p1\">Rolls Secret Box &#8211; Rolling Tray zum mitnehmen<\/h2>\n<p>Die neue Rolls Secret Box ist da, mit integrierten Aussparungen f\u00fcr Feuerzeuge und Bl\u00e4ttchen. Das Rolling Tray l\u00e4sst sich problemlos mit den beigef\u00fcgten Magneten (Logo rechts unten) herausnehmen. Unter dem Tray befindet sich ein kleines Geheimfach, welches Raum f\u00fcr Kleinigkeiten bietet. Ab jetzt immer alles an einer Stelle, das Suchen hat ein Ende! Die Drehunterlage ist aus massiven und hochwertigen Holz und bietet eine hohe Verarbeitungsqualit\u00e4t: \u201eMADE IN EU\u201c. Die zus\u00e4tzlichen Aussparungen bieten optimale Ablagem\u00f6glichkeiten f\u00fcr fast alle Feuerzeuge und Papers.<\/p>\n<p><strong>Details:<\/strong><br \/>\nDie Box hat die Ma\u00dfe: \u201e16cm x 10cm\u201c und wird in aus hochwertigen Holz hergestellt. Das Tray kann bequem \u00fcber den beiliegenden Magneten herausgenommen werden und bietet dann Platz f\u00fcr Papers oder Filter. Der Deckel der Box wird ebenfalls \u00fcber Magnete verschlossen, damit ist die Box dein perfekter Begleiter f\u00fcr unterwegs.<\/p>\n<h3>\u00dcber Rolls:<\/h3>\n<p>Seit 2010 haben wir von Rolls es uns zur Aufgabe gemacht, das Rauchen von \u201eKr\u00e4utermischungen\u201c schadstofffreier und zugleich genussvoller zu gestalten. Nach jahrelanger Entwicklung und dem Einsatz von modernsten Testverfahren, haben wir schlie\u00dflich unser erstes Produkt, die\u00a0Rolls\u00ae Smart-Filter, auf den Markt gebracht.<\/p>\n","protected":false},"excerpt":{"rendered":"<p>Rolls Secret Box &#8211; Rolling Tray zum mitnehmen Die neue Rolls Secret Box ist da, mit integrierten Aussparungen f\u00fcr Feuerzeuge<\/p>\n","protected":false},"featured_media":38395,"comment_status":"open","ping_status":"open","template":"","meta":{"_acf_changed":false},"product_cat":[3195,2975,2451,2793],"product_tag":[2853],"acf":[],"_links":{"self":[{"href":"https:\/\/donaulife-new.ogrisdigital.at\/en\/wp-json\/wp\/v2\/product\/54365"}],"collection":[{"href":"https:\/\/donaulife-new.ogrisdigital.at\/en\/wp-json\/wp\/v2\/product"}],"about":[{"href":"https:\/\/donaulife-new.ogrisdigital.at\/en\/wp-json\/wp\/v2\/types\/product"}],"replies":[{"embeddable":true,"href":"https:\/\/donaulife-new.ogrisdigital.at\/en\/wp-json\/wp\/v2\/comments?post=54365"}],"wp:featuredmedia":[{"embeddable":true,"href":"https:\/\/donaulife-new.ogrisdigital.at\/en\/wp-json\/wp\/v2\/media\/38395"}],"wp:attachment":[{"href":"https:\/\/donaulife-new.ogrisdigital.at\/en\/wp-json\/wp\/v2\/media?parent=54365"}],"wp:term":[{"taxonomy":"product_cat","embeddable":true,"href":"https:\/\/donaulife-new.ogrisdigital.at\/en\/wp-json\/wp\/v2\/product_cat?post=54365"},{"taxonomy":"product_tag","embeddable":true,"href":"https:\/\/donaulife-new.ogrisdigital.at\/en\/wp-json\/wp\/v2\/product_tag?post=54365"}],"curies":[{"name":"wp","href":"https:\/\/api.w.org\/{rel}","templated":true}]}}