{"id":54343,"date":"2023-02-03T14:58:08","date_gmt":"2023-02-03T14:58:08","guid":{"rendered":"https:\/\/donaulife-new.ogrisdigital.at\/produkt\/heisenberg-glasbong-twentyfour-seven-50-cm\/"},"modified":"2024-07-01T01:04:27","modified_gmt":"2024-07-01T01:04:27","slug":"heisenberg-glasbong-twentyfour-seven-50-cm","status":"publish","type":"product","link":"https:\/\/donaulife-new.ogrisdigital.at\/en\/heisenberg-glasbong-twentyfour-seven-50-cm\/","title":{"rendered":"HEISENBERG Glasbong &#8216;Twentyfour Seven&#8217; | 50 cm"},"content":{"rendered":"<h2>Heisenberg Twentyfour Seven &#8211; Rauchgenuss rund um die Uhr 24\/7<\/h2>\n<div id=\"description\" class=\"data item content\" role=\"tabpanel\" data-role=\"content\" aria-labelledby=\"tab-label-description\" aria-hidden=\"false\">\n<div class=\"product attribute description\">\n<div class=\"value\">\n<p>Mit der Heisenberg Twentyfour Seven stellen wir dir eine krasse Perkolatorbong im Stil einer Zylinder-Bong vor, die sich durch ihren widerstandslosen und smoothen Durchzug bew\u00e4hrt hat und auch alte Hasen mit ihrer Leistung \u00fcberzeugt.<br \/>\nDickes Borosilikatglas formt diese Bong. Die ausgepr\u00e4gte 5mm fette Wandst\u00e4rke zeigt sich insbesondere an der Verarbeitung des gef\u00e4rbten Mundst\u00fccks, dessen Rand volumin\u00f6s nach au\u00dfen geschwungen ist und so einen angenehmen Auflagebereich f\u00fcr die Lippen schafft. Weil die Twentyfour Seven kein Kickloch besitzt, erfolgt das Hitten via Lift Off &#8211; dem Anheben des K\u00f6pfchens.<\/p>\n<h3>Die Highlights der Heisenberg Twentyfour Seven Glasbong<\/h3>\n<h4>Double Disc Perkolator (Stemline)<\/h4>\n<p>Das Chillum m\u00fcndet in der Wasserkammer unmittelbar in einen Double Disc Perkolator, welcher den Rauch einer ersten Verwirbelung unterzieht. Der Perkolator besitzt nur an seiner Unterseite die typischen schlitzf\u00f6rmigen \u00d6ffnungen, um den Rauch m\u00f6glichst effektiv durch das Wasser zu ziehen. Er braucht nur knapp unter Wasser zu stehen, damit man mit m\u00f6glichst geringem Widerstand rauchen kann.<\/p>\n<h4>Double Disc (vertikal)<\/h4>\n<p>Die Bong besitzt oberhalb des Double Disc Perkolators 1 &#8220;normalen&#8221; Double Disc Perc, der den Rauch einer weiteren gr\u00fcndlichen Verwirbelung unterzieht. Beim Rauchen sollten beide Double Disc Perkolatoren nur knapp unter Wasser stehen, damit das Wasser beim Inhalieren nicht zu weit mit hochgezogen wird<\/p>\n<h4>Eiskerben f\u00fcr das kleine bisschen Extrafrische<\/h4>\n<p>Oberhalb des Perkolators befinden sich im Hals der Bong jeweils 3 Eiskerben. Diese machen aus deiner Bong eine Eisbong. Du kannst mit ihrer Hilfe den Bereich oberhalb der Kerben als Eisfach nutzen, indem Du die Bong mit Eisw\u00fcrfeln oder grobem Crushed Eis f\u00fcllst. Das verleiht dem Rauch einen zus\u00e4tzlichen Frischekick. Gleichzeitig agieren die Kerben als Spritzschutz gegen aufsteigendes Wasser.<\/p>\n<h4>18.8 Anschluss mit festem Chillum<\/h4>\n<p>Die Twentyfour Seven geh\u00f6rt zur Gruppe der\u00a0<i>Stemless<\/i>\u00a0Bongs, die ohne zus\u00e4tzliches Chillum geraucht werden. Der 18.8mm Schliff geht unmittelbar in ein bereits fest au\u00dfen an der Bong installiertes Chillum \u00fcber und m\u00fcndet direkt in dem Perkolator im Inneren der Wasserkammer. Um die Stabilit\u00e4t und Bruchsicherheit des Chillums zu erh\u00f6hen, wird es \u00fcber eine zus\u00e4tzliche Glasverbindung (Dewar&#8217;s Joint) gest\u00fctzt.<\/p>\n<\/div>\n<\/div>\n<\/div>\n<div>\n<h3>\u00dcber Heisenberg:<\/h3>\n<div>\n<p>Heisenberg \u2013 nicht nur durch Breaking Bad ein Ph\u00e4nomen. Die Marke Heisenberg ist unter anderem durch ihre Glasbongs bekannt geworden. Keine Bong der Heisenberg Serie ist wie die andere. Hier werden verschiedene Gestaltungselemente geboten, wie beispielsweise poppige Farben oder mit Glow in the dark Funktion, Pl\u00e4tzen zum Einsetzen von LED Beleuchtung und anderen Extras.<\/p>\n<p>Bei dem interessanten Sortiment an Glasbongs, ist mit Sicherheit auch was f\u00fcr dich dabei!<\/p>\n<\/div>\n<\/div>\n","protected":false},"excerpt":{"rendered":"<p>Heisenberg Twentyfour Seven &#8211; Rauchgenuss rund um die Uhr 24\/7 Mit der Heisenberg Twentyfour Seven stellen wir dir eine krasse<\/p>\n","protected":false},"featured_media":38274,"comment_status":"open","ping_status":"open","template":"","meta":{"_acf_changed":false},"product_cat":[2514,2459,2510,2507,3404,2523,2577,2506,2463,2520],"product_tag":[3405,2466],"acf":[],"_links":{"self":[{"href":"https:\/\/donaulife-new.ogrisdigital.at\/en\/wp-json\/wp\/v2\/product\/54343"}],"collection":[{"href":"https:\/\/donaulife-new.ogrisdigital.at\/en\/wp-json\/wp\/v2\/product"}],"about":[{"href":"https:\/\/donaulife-new.ogrisdigital.at\/en\/wp-json\/wp\/v2\/types\/product"}],"replies":[{"embeddable":true,"href":"https:\/\/donaulife-new.ogrisdigital.at\/en\/wp-json\/wp\/v2\/comments?post=54343"}],"wp:featuredmedia":[{"embeddable":true,"href":"https:\/\/donaulife-new.ogrisdigital.at\/en\/wp-json\/wp\/v2\/media\/38274"}],"wp:attachment":[{"href":"https:\/\/donaulife-new.ogrisdigital.at\/en\/wp-json\/wp\/v2\/media?parent=54343"}],"wp:term":[{"taxonomy":"product_cat","embeddable":true,"href":"https:\/\/donaulife-new.ogrisdigital.at\/en\/wp-json\/wp\/v2\/product_cat?post=54343"},{"taxonomy":"product_tag","embeddable":true,"href":"https:\/\/donaulife-new.ogrisdigital.at\/en\/wp-json\/wp\/v2\/product_tag?post=54343"}],"curies":[{"name":"wp","href":"https:\/\/api.w.org\/{rel}","templated":true}]}}