{"id":54138,"date":"2022-11-02T15:53:30","date_gmt":"2022-11-02T15:53:30","guid":{"rendered":"https:\/\/donaulife-new.ogrisdigital.at\/produkt\/k-haring-purpfeife-people-8-cm\/"},"modified":"2024-07-01T01:02:42","modified_gmt":"2024-07-01T01:02:42","slug":"k-haring-purpfeife-people-8-cm","status":"publish","type":"product","link":"https:\/\/donaulife-new.ogrisdigital.at\/en\/k-haring-purpfeife-people-8-cm\/","title":{"rendered":"K. HARING Purpfeife &#8216;people&#8217; | 8 cm"},"content":{"rendered":"<h2>Keith Haring Taster<\/h2>\n<div>\n<p>Inspiriert vom globalen Einfluss des legend\u00e4ren K\u00fcnstlers Keith Haring zeigt der K.Haring-Taster ein tolles Design mit kraftvoller Kunstfertigkeit. Genau wie Harings Kunstwerk ist dieser taster einfach und doch komplex. Zu den strukturellen Details geh\u00f6ren Borosilikatglas, eine gro\u00dfe F\u00fcllkapazit\u00e4t und ein eingebauter Aschef\u00e4nger, der nur reinen, geschmackvollen Rauch liefert.<\/p>\n<p>Um den Taster ist ein hitzebest\u00e4ndiges Design gewickelt, das Harings bahnbrechende Linienf\u00fchrung und k\u00fchne \u00c4sthetik tr\u00e4gt. Dieses St\u00fcck wird mit dem legend\u00e4ren K.Haring-Logo vervollst\u00e4ndigt.<\/p>\n<p>Der Taster ist in einer haltbaren Box mit Schaumstoffeinlagen verpackt. Die W\u00e4nde der Verpackung sind mit Haring&#8217;s Kunstwerken und Unterschriften verziert.<\/p>\n<\/div>\n<div><strong>Abmessungen:<\/strong><\/div>\n<div><\/div>\n<div><span style=\"color: #555555; font-size: 14.4px;\">1.5 x 1.5 x 8.4 cm<\/span><\/div>\n<p><strong>Eigenschaften:<\/strong><\/p>\n<div>\n<ul>\n<li>1.5 x 1.5 x 8.4 cm<\/li>\n<li>Ikonische Keith Haring Kunst<\/li>\n<li>Handaufgetragenes, hitzebest\u00e4ndiges Design<\/li>\n<li>gro\u00dfe F\u00fcllmenge<\/li>\n<li>Eingebauter Aschef\u00e4nger<\/li>\n<li>Borosilikatglas<\/li>\n<\/ul>\n<\/div>\n<h3>\u00dcber Keith Haring:<\/h3>\n<div>Keith Allen Haring war ein US-amerikanischer K\u00fcnstler, dessen Malstil anhand klarer Linien und Fl\u00e4chigkeit erkennbar ist. Einige Methoden seiner Malerei entnahm er der Graffiti-Szene. Haring gilt als Vertreter der Pop Art der 1980er Jahre. Jetzt lebt die Kunst auch in den Wohnzimmern weiter als Bubbler oder high class Pipes.<\/div>\n","protected":false},"excerpt":{"rendered":"<p>Keith Haring Taster Inspiriert vom globalen Einfluss des legend\u00e4ren K\u00fcnstlers Keith Haring zeigt der K.Haring-Taster ein tolles Design mit kraftvoller<\/p>\n","protected":false},"featured_media":37334,"comment_status":"open","ping_status":"open","template":"","meta":{"_acf_changed":false},"product_cat":[2459,2502,2451,3402,2463,2501],"product_tag":[],"acf":[],"_links":{"self":[{"href":"https:\/\/donaulife-new.ogrisdigital.at\/en\/wp-json\/wp\/v2\/product\/54138"}],"collection":[{"href":"https:\/\/donaulife-new.ogrisdigital.at\/en\/wp-json\/wp\/v2\/product"}],"about":[{"href":"https:\/\/donaulife-new.ogrisdigital.at\/en\/wp-json\/wp\/v2\/types\/product"}],"replies":[{"embeddable":true,"href":"https:\/\/donaulife-new.ogrisdigital.at\/en\/wp-json\/wp\/v2\/comments?post=54138"}],"wp:featuredmedia":[{"embeddable":true,"href":"https:\/\/donaulife-new.ogrisdigital.at\/en\/wp-json\/wp\/v2\/media\/37334"}],"wp:attachment":[{"href":"https:\/\/donaulife-new.ogrisdigital.at\/en\/wp-json\/wp\/v2\/media?parent=54138"}],"wp:term":[{"taxonomy":"product_cat","embeddable":true,"href":"https:\/\/donaulife-new.ogrisdigital.at\/en\/wp-json\/wp\/v2\/product_cat?post=54138"},{"taxonomy":"product_tag","embeddable":true,"href":"https:\/\/donaulife-new.ogrisdigital.at\/en\/wp-json\/wp\/v2\/product_tag?post=54138"}],"curies":[{"name":"wp","href":"https:\/\/api.w.org\/{rel}","templated":true}]}}