{"id":54097,"date":"2022-10-14T10:11:13","date_gmt":"2022-10-14T10:11:13","guid":{"rendered":"https:\/\/donaulife-new.ogrisdigital.at\/produkt\/plastic-fantastic-versteck-rasierschaum-dose\/"},"modified":"2024-07-01T01:02:13","modified_gmt":"2024-07-01T01:02:13","slug":"plastic-fantastic-versteck-rasierschaum-dose","status":"publish","type":"product","link":"https:\/\/donaulife-new.ogrisdigital.at\/en\/plastic-fantastic-versteck-rasierschaum-dose\/","title":{"rendered":"PLASTIC FANTASTIC Versteck Rasierschaum Dose"},"content":{"rendered":"<h2>Plastic Fantastic Versteckdose im Rasierschaum Design<\/h2>\n<div class=\"cfmt\">\n<p>f\u00fcr Wertgegenst\u00e4nde greifen ein bew\u00e4hrtes Prinzip der Tarnung auf und verbergen den eigentlichen Charakter des Tresors durch das Erscheinungsbild eines herk\u00f6mmlichen Produktes.<\/p>\n<p>Der Dosensafe-Rasierschaum f\u00e4llt in einem Regal mit Dosen wie z.B. in der Garage, im Keller, in der Abstellkammer oder im Schrank nicht als Tresor auf und wird daher auch nicht als Safe f\u00fcr Wertgegenst\u00e4nde wahrgenommen.<\/p>\n<p>Versteckte Tresore sind einzigartige Sicherheitsprodukte nicht nur f\u00fcr zu Hause.<\/p>\n<p>Im Gegensatz zum herk\u00f6mmlichen Tresor und Beh\u00e4ltnissen, haben sie den Vorteil, auch unterwegs einsetzbar zu sein. Ob Wohnung, Garten, Arbeitsplatz, Hotel, Werkstatt, Camping, Caravan, Boot, Garage, Badezimmer, K\u00fcche:<\/p>\n<p>Dieser Dosentresor hat \u00fcberall seine Einsatzm\u00f6glichkeiten und f\u00fcgt sich in die nat\u00fcrliche Umgebung ein.<\/p>\n<p>Geld, Kreditkarten, Schmuck, Schl\u00fcssel, vertrauliche Dokumente, Medikamente und andere Wertgegenst\u00e4nde oder Geheimnisse: alles kann diskret versteckt werden.<\/p>\n<ul>\n<li>Dosensafe aus Original Shave Cream Spraydose hergestellt<\/li>\n<li>Super Volumen Geheimfach: 22,5 cm H\u00f6he \/ Durchmesser 6 cm<\/li>\n<li>Dose : H\u00f6he insgesamt 28 cm<\/li>\n<li>\u00dcber einen versteckt angebrachten Schraubverschluss l\u00e4sst sich die Dose \u00f6ffnen.<\/li>\n<\/ul>\n<\/div>\n<h3>\u00dcber Plastic Fantastic:<\/h3>\n<p>Plastic Fantastic macht die besten Dosensafes der Welt und bietet eine Variation an verschiedenen Dosen sodass f\u00fcr jeden was dabei ist. Egal ob Getr\u00e4nkedose, Universal\u00f6l oder Dosenravioli. Die Konservenverstecke bieten immer einen sicheren Space f\u00fcr deine wertvollen Gegenst\u00e4nde.<\/p>\n<p>&nbsp;<\/p>\n","protected":false},"excerpt":{"rendered":"<p>Plastic Fantastic Versteckdose im Rasierschaum Design f\u00fcr Wertgegenst\u00e4nde greifen ein bew\u00e4hrtes Prinzip der Tarnung auf und verbergen den eigentlichen Charakter<\/p>\n","protected":false},"featured_media":37140,"comment_status":"open","ping_status":"closed","template":"","meta":{"_acf_changed":false},"product_cat":[2607,2451,2768],"product_tag":[2792],"acf":[],"_links":{"self":[{"href":"https:\/\/donaulife-new.ogrisdigital.at\/en\/wp-json\/wp\/v2\/product\/54097"}],"collection":[{"href":"https:\/\/donaulife-new.ogrisdigital.at\/en\/wp-json\/wp\/v2\/product"}],"about":[{"href":"https:\/\/donaulife-new.ogrisdigital.at\/en\/wp-json\/wp\/v2\/types\/product"}],"replies":[{"embeddable":true,"href":"https:\/\/donaulife-new.ogrisdigital.at\/en\/wp-json\/wp\/v2\/comments?post=54097"}],"wp:featuredmedia":[{"embeddable":true,"href":"https:\/\/donaulife-new.ogrisdigital.at\/en\/wp-json\/wp\/v2\/media\/37140"}],"wp:attachment":[{"href":"https:\/\/donaulife-new.ogrisdigital.at\/en\/wp-json\/wp\/v2\/media?parent=54097"}],"wp:term":[{"taxonomy":"product_cat","embeddable":true,"href":"https:\/\/donaulife-new.ogrisdigital.at\/en\/wp-json\/wp\/v2\/product_cat?post=54097"},{"taxonomy":"product_tag","embeddable":true,"href":"https:\/\/donaulife-new.ogrisdigital.at\/en\/wp-json\/wp\/v2\/product_tag?post=54097"}],"curies":[{"name":"wp","href":"https:\/\/api.w.org\/{rel}","templated":true}]}}