{"id":54078,"date":"2022-09-28T13:59:38","date_gmt":"2022-09-28T13:59:38","guid":{"rendered":"https:\/\/donaulife-new.ogrisdigital.at\/produkt\/bonsanto-usb-ventilator-pro\/"},"modified":"2025-01-15T07:08:50","modified_gmt":"2025-01-15T07:08:50","slug":"bonsanto-usb-ventilator-pro","status":"publish","type":"product","link":"https:\/\/donaulife-new.ogrisdigital.at\/en\/bonsanto-usb-ventilator-pro\/","title":{"rendered":"BONSANTO USB Ventilator | Pro"},"content":{"rendered":"<h2>Bonsanto USB Pro Ventilator<\/h2>\n<p><strong>Der Pro L\u00fcfter Sorgt f\u00fcr Umluft in Eurer Mini-Grow-Box und tr\u00e4gt bedeutend zur Gesundheit der Pflanzen bei!<\/strong><\/p>\n<ul>\n<li>neutralisiert die Schimmelgefahr in Eurem Grow<\/li>\n<li>verhindert Ablagerung der N\u00e4hrstoffe f\u00fcr mehr Effizienz<\/li>\n<li>sorgt f\u00fcr eine ges\u00fcndere Pflanze<\/li>\n<li>starker L\u00fcfter vor allem geeignet f\u00fcr das Bonsanto Grow Zelt<\/li>\n<li>mit USB Verl\u00e4ngerungskabel<\/li>\n<\/ul>\n<p>Beim Home-Growing gibt es f\u00fcr jeden Anbauer einen Angstgegner: Schimmel. Schimmel entsteht durch Feuchtigkeit und stehende Luft. Beides wird mit dem zus\u00e4tzlichen L\u00fcfter kein Thema mehr sein! Er ist in der Lage, die Luft in der Mini-Grow-Box verl\u00e4sslich umzuw\u00e4lzen, sodass auch in der hintersten \u2013 vielleicht schwer zu sehenden \u2013 Ecke\u00a0<strong>keine Feuchtigkeit und somit kein Schimmel mehr entsteht.<\/strong><\/p>\n<p>Nochmal sinnvoller wird Umluft dann, wenn\u00a0<a href=\"https:\/\/bonsanto-mini-grow-box.com\/produkt\/co2-bags\" target=\"_blank\" rel=\"noopener\">unsere CO2-Bags<\/a>\u00a0in eurem Grow Anwendung finden, denn: CO2 ist schwerer als Luft und neigt dazu, sich am Boden abzusetzen. Am Boden hei\u00dft am K\u00fcbel \u2013 davon hat die Pflanze wenig.\u00a0<strong>Bringt die wertvollen N\u00e4hrstoffe mit einem Umluftsystem wieder dahin, wo sie ben\u00f6tigt werden:<\/strong>\u00a0An die Pflanze.<\/p>\n<p>Auch sonst profitiert eure Lieblingspflanze durch die leichten Winde, die durch den L\u00fcfter entstehen: Die Pflanze ist st\u00e4ndig in Bewegung und w\u00e4chst somit st\u00e4rker, um dem Stand zu halten. Zus\u00e4tzlich wird Verdampfungsk\u00e4lte erzeugt, wodurch die Pflanze hitzeresistenter wird.<\/p>\n<h3>Lieferumfang:<\/h3>\n<ul>\n<li>USB L\u00fcfter<\/li>\n<li>1,5 m Kabel<\/li>\n<\/ul>\n<h3>\u00dcber Bonsanto:<\/h3>\n<p>Noch nie war anbauen einfacher. Mit integrierter Bel\u00fcftung und LED Pflanzenlampe. <em>All-in-One Komplettl\u00f6sung \u2013 Getarnt als Koffer<\/em><br \/>\n<em>Kompakt, unauff\u00e4llig und leise. So baut man heute an.<\/em><\/p>\n","protected":false},"excerpt":{"rendered":"<p>Bonsanto USB Pro Ventilator Der Pro L\u00fcfter Sorgt f\u00fcr Umluft in Eurer Mini-Grow-Box und tr\u00e4gt bedeutend zur Gesundheit der Pflanzen<\/p>\n","protected":false},"featured_media":37032,"comment_status":"open","ping_status":"open","template":"","meta":{"_acf_changed":false},"product_cat":[3078,3075],"product_tag":[3616,3135,3136,3137,3138],"acf":[],"_links":{"self":[{"href":"https:\/\/donaulife-new.ogrisdigital.at\/en\/wp-json\/wp\/v2\/product\/54078"}],"collection":[{"href":"https:\/\/donaulife-new.ogrisdigital.at\/en\/wp-json\/wp\/v2\/product"}],"about":[{"href":"https:\/\/donaulife-new.ogrisdigital.at\/en\/wp-json\/wp\/v2\/types\/product"}],"replies":[{"embeddable":true,"href":"https:\/\/donaulife-new.ogrisdigital.at\/en\/wp-json\/wp\/v2\/comments?post=54078"}],"wp:featuredmedia":[{"embeddable":true,"href":"https:\/\/donaulife-new.ogrisdigital.at\/en\/wp-json\/wp\/v2\/media\/37032"}],"wp:attachment":[{"href":"https:\/\/donaulife-new.ogrisdigital.at\/en\/wp-json\/wp\/v2\/media?parent=54078"}],"wp:term":[{"taxonomy":"product_cat","embeddable":true,"href":"https:\/\/donaulife-new.ogrisdigital.at\/en\/wp-json\/wp\/v2\/product_cat?post=54078"},{"taxonomy":"product_tag","embeddable":true,"href":"https:\/\/donaulife-new.ogrisdigital.at\/en\/wp-json\/wp\/v2\/product_tag?post=54078"}],"curies":[{"name":"wp","href":"https:\/\/api.w.org\/{rel}","templated":true}]}}