{"id":54076,"date":"2022-09-28T13:53:30","date_gmt":"2022-09-28T13:53:30","guid":{"rendered":"https:\/\/donaulife-new.ogrisdigital.at\/produkt\/bonsanto-usb-ventilator\/"},"modified":"2024-07-01T01:02:02","modified_gmt":"2024-07-01T01:02:02","slug":"bonsanto-usb-ventilator","status":"publish","type":"product","link":"https:\/\/donaulife-new.ogrisdigital.at\/en\/bonsanto-usb-ventilator\/","title":{"rendered":"BONSANTO USB Ventilator"},"content":{"rendered":"<h2>Bonsanto USB Ventilator<\/h2>\n<p>Sorgt f\u00fcr Umluft in Eurer Mini-Grow-Box und tr\u00e4gt bedeutend zur Gesundheit der Pflanzen bei!<\/p>\n<ul>\n<li>neutralisiert die Schimmelgefahr in Eurem Grow<\/li>\n<li>verhindert Ablagerung der N\u00e4hrstoffe f\u00fcr mehr Effizienz<\/li>\n<li>sorgt f\u00fcr eine ges\u00fcndere Pflanze<\/li>\n<li>extrem leiser Betrieb<\/li>\n<\/ul>\n<p>Der USB L\u00fcfter wird bereits beim Kauf einer Mini-Grow-Box dazugelegt. Dennoch ist er hier separat, als Ersatzteil oder als Zusatz f\u00fcr alternative Home-Grow\u2019s verf\u00fcgbar.<\/p>\n<p>Beim Home-Growing gibt es f\u00fcr jeden Anbauer einen Angstgegner: Schimmel. Schimmel entsteht durch Feuchtigkeit und stehende Luft. Beides wird mit dem zus\u00e4tzlichen L\u00fcfter kein Thema mehr sein! Er ist in der Lage, die Luft in der Mini-Grow-Box verl\u00e4sslich umzuw\u00e4lzen, sodass auch in der hintersten \u2013 vielleicht schwer zu sehenden \u2013 Ecke\u00a0<strong>keine Feuchtigkeit und somit kein Schimmel mehr entsteht.<\/strong><\/p>\n<p>Nochmal sinnvoller wird Umluft dann, wenn\u00a0unsere CO2-Bags\u00a0in eurem Grow Anwendung finden, denn: CO2 ist schwerer als Luft und neigt dazu, sich am Boden abzusetzen. Am Boden hei\u00dft am K\u00fcbel \u2013 davon hat die Pflanze wenig.\u00a0<strong>Bringt die wertvollen N\u00e4hrstoffe mit einem Umluftsystem wieder dahin, wo sie ben\u00f6tigt werden:<\/strong>\u00a0An die Pflanze.<\/p>\n<p>Auch sonst profitiert eure Lieblingspflanze durch die leichten Winde, die durch den L\u00fcfter entstehen: Die Pflanze ist st\u00e4ndig in Bewegung und w\u00e4chst somit st\u00e4rker, um dem Stand zu halten. Zus\u00e4tzlich wird Verdampfungsk\u00e4lte erzeugt, wodurch die Pflanze hitzeresistenter wird.<\/p>\n<p>Es reicht v\u00f6llig, den L\u00fcfter einfach in die Mini-Grow-Box zu h\u00e4ngen oder zu legen. Aber auch f\u00fcr eine feste Montage (bspw. durch Kabelbinder oder Schrauben) sind gen\u00fcgend L\u00f6cher am Geh\u00e4use des L\u00fcfters angebracht. Die L\u00e4nge des USB Kabels betr\u00e4gt 2m und ist somit nicht zu knapp.\u00a0<strong>Nerviges Kabelmanagement oder ein Verl\u00e4ngerungskabel sollten hier kein Thema sein.<\/strong><\/p>\n<h3>Lieferumfang:<\/h3>\n<ul>\n<li>USB L\u00fcfter<\/li>\n<li>2m Kabel<\/li>\n<\/ul>\n<h3>\u00dcber Bonsanto:<\/h3>\n<p>Noch nie war anbauen einfacher. Mit integrierter Bel\u00fcftung und LED Pflanzenlampe. <em>All-in-One Komplettl\u00f6sung \u2013 Getarnt als Koffer<\/em><br \/>\n<em>Kompakt, unauff\u00e4llig und leise. So baut man heute an.<\/em><\/p>\n","protected":false},"excerpt":{"rendered":"<p>Bonsanto USB Ventilator Sorgt f\u00fcr Umluft in Eurer Mini-Grow-Box und tr\u00e4gt bedeutend zur Gesundheit der Pflanzen bei! neutralisiert die Schimmelgefahr<\/p>\n","protected":false},"featured_media":37039,"comment_status":"open","ping_status":"open","template":"","meta":{"_acf_changed":false},"product_cat":[3078,3075],"product_tag":[3616,3135,3136,3137,3138],"acf":[],"_links":{"self":[{"href":"https:\/\/donaulife-new.ogrisdigital.at\/en\/wp-json\/wp\/v2\/product\/54076"}],"collection":[{"href":"https:\/\/donaulife-new.ogrisdigital.at\/en\/wp-json\/wp\/v2\/product"}],"about":[{"href":"https:\/\/donaulife-new.ogrisdigital.at\/en\/wp-json\/wp\/v2\/types\/product"}],"replies":[{"embeddable":true,"href":"https:\/\/donaulife-new.ogrisdigital.at\/en\/wp-json\/wp\/v2\/comments?post=54076"}],"wp:featuredmedia":[{"embeddable":true,"href":"https:\/\/donaulife-new.ogrisdigital.at\/en\/wp-json\/wp\/v2\/media\/37039"}],"wp:attachment":[{"href":"https:\/\/donaulife-new.ogrisdigital.at\/en\/wp-json\/wp\/v2\/media?parent=54076"}],"wp:term":[{"taxonomy":"product_cat","embeddable":true,"href":"https:\/\/donaulife-new.ogrisdigital.at\/en\/wp-json\/wp\/v2\/product_cat?post=54076"},{"taxonomy":"product_tag","embeddable":true,"href":"https:\/\/donaulife-new.ogrisdigital.at\/en\/wp-json\/wp\/v2\/product_tag?post=54076"}],"curies":[{"name":"wp","href":"https:\/\/api.w.org\/{rel}","templated":true}]}}