{"id":54075,"date":"2022-09-28T13:46:00","date_gmt":"2022-09-28T13:46:00","guid":{"rendered":"https:\/\/donaulife-new.ogrisdigital.at\/produkt\/bonsanto-vorgeduengte-premium-erde-100-natuerlich\/"},"modified":"2025-01-15T07:08:54","modified_gmt":"2025-01-15T07:08:54","slug":"bonsanto-vorgeduengte-premium-erde-100-natuerlich","status":"publish","type":"product","link":"https:\/\/donaulife-new.ogrisdigital.at\/en\/bonsanto-vorgeduengte-premium-erde-100-natuerlich\/","title":{"rendered":"BONSANTO Vorged\u00fcngte Premium Erde | 100% Nat\u00fcrlich"},"content":{"rendered":"<h2>Bonsanto Vorged\u00fcngte Premium Erde<\/h2>\n<p>Die perfekt zugeschnittene Grundlage f\u00fcr Eure Mini-Grow-Box!<\/p>\n<ul>\n<li>speziell f\u00fcr den Anbau in der Mini-Grow-Box konzipiert<\/li>\n<li>100% nat\u00fcrlich und auch f\u00fcr bspw. Gem\u00fcsepflanzen geeignet<\/li>\n<li>reich an N\u00e4hrstoffen<\/li>\n<li>stark organisch vorged\u00fcngt<\/li>\n<li>hochwertige, biologisch aktive Vormischung enthalten<\/li>\n<li>im praktischen Zipper-Beutel<\/li>\n<\/ul>\n<p>Die Erde von Bonsanto ist eine aussergew\u00f6hnliche Erde, bei dessen Entwicklung viel Wert daraufgelegt wurde, dem \u00d6kosystem bei Eurem Anbau gerecht zu werden. Die Erde wurde speziell f\u00fcr den Anbau in der Mini-Grow-Box konzipiert. Wer sich auskennt, wei\u00df: Erde ist nicht gleich Erde. Die Erde ist der Grundsatz f\u00fcr Euren Grow und stellt schon vor der Besamung die Weichen f\u00fcr eine starke und gesunde Pflanze.\u00a0<strong>Unsere 100% organische Erde passt perfekt zu den Bedingungen in der Mini-Grow-Box.<\/strong><\/p>\n<p>Die Erde ist stark vorged\u00fcngt und macht so das Verwenden eines D\u00fcngemittels zweitrangig und kann auch \u00fcber lange Zeitr\u00e4ume reichlich N\u00e4hrstoffe bereitstellen. Neben Kompost und Perlit befindet sich eine eigens entwickelte, biologisch-aktive Vormischung in der Erde. Diese lang getestete Kombination\u00a0<strong>stellt die N\u00e4hrstoffversorgung f\u00fcr einen gro\u00dfen Zeitraum sicher.<\/strong><\/p>\n<p>Die Erde wird im wiederverschlie\u00dfbaren 5l-Beutel geliefert und kann so einfach und ohne Dreck zu hinterlassen eingef\u00fcllt werden. \u00dcbrigens: Ein 5l-Beutel ist die perfekte Menge, um einen\u00a0enthaltenen K\u00fcbel in der Mini-Grow-Box zu f\u00fcllen.<\/p>\n<p>Tipp: Bevor Du Deine Pflanze in diese Erde einsetzt, sollte sie ca. 36 Stunden zuvor befeuchtet werden. Dadurch beginnen die enthaltenen Mikroorganismen zu arbeiten.<\/p>\n<p>Wichtig: Nur eine trockene Erde ist in der Lage, Sauerstoff f\u00fcr Eure Pflanze aufzunehmen. Es ist also nicht nur sinnvoll sondern n\u00f6tig, die Erde regelm\u00e4\u00dfig komplett austrocknen zu lassen um ein gesundes Wachstum Eurer Pflanze zu gew\u00e4hrleisten.<\/p>\n<h3>Lieferumfang:<\/h3>\n<ul>\n<li>\n<ul>\n<li>100% organische vorged\u00fcngte premium Erde 5l<\/li>\n<\/ul>\n<\/li>\n<\/ul>\n<h3>\u00dcber Bonsanto:<\/h3>\n<p>Noch nie war anbauen einfacher. Mit integrierter Bel\u00fcftung und LED Pflanzenlampe. <em>All-in-One Komplettl\u00f6sung \u2013 Getarnt als Koffer<\/em><br \/>\n<em>Kompakt, unauff\u00e4llig und leise. So baut man heute an.<\/em><\/p>\n","protected":false},"excerpt":{"rendered":"<p>Bonsanto Vorged\u00fcngte Premium Erde Die perfekt zugeschnittene Grundlage f\u00fcr Eure Mini-Grow-Box! speziell f\u00fcr den Anbau in der Mini-Grow-Box konzipiert 100%<\/p>\n","protected":false},"featured_media":37053,"comment_status":"open","ping_status":"open","template":"","meta":{"_acf_changed":false},"product_cat":[3079,3078,3075],"product_tag":[3616,3135,3136,3137,3138],"acf":[],"_links":{"self":[{"href":"https:\/\/donaulife-new.ogrisdigital.at\/en\/wp-json\/wp\/v2\/product\/54075"}],"collection":[{"href":"https:\/\/donaulife-new.ogrisdigital.at\/en\/wp-json\/wp\/v2\/product"}],"about":[{"href":"https:\/\/donaulife-new.ogrisdigital.at\/en\/wp-json\/wp\/v2\/types\/product"}],"replies":[{"embeddable":true,"href":"https:\/\/donaulife-new.ogrisdigital.at\/en\/wp-json\/wp\/v2\/comments?post=54075"}],"wp:featuredmedia":[{"embeddable":true,"href":"https:\/\/donaulife-new.ogrisdigital.at\/en\/wp-json\/wp\/v2\/media\/37053"}],"wp:attachment":[{"href":"https:\/\/donaulife-new.ogrisdigital.at\/en\/wp-json\/wp\/v2\/media?parent=54075"}],"wp:term":[{"taxonomy":"product_cat","embeddable":true,"href":"https:\/\/donaulife-new.ogrisdigital.at\/en\/wp-json\/wp\/v2\/product_cat?post=54075"},{"taxonomy":"product_tag","embeddable":true,"href":"https:\/\/donaulife-new.ogrisdigital.at\/en\/wp-json\/wp\/v2\/product_tag?post=54075"}],"curies":[{"name":"wp","href":"https:\/\/api.w.org\/{rel}","templated":true}]}}