{"id":54061,"date":"2022-09-26T12:47:40","date_gmt":"2022-09-26T12:47:40","guid":{"rendered":"https:\/\/donaulife-new.ogrisdigital.at\/produkt\/bonsanto-scrog-gitter-xl\/"},"modified":"2025-01-15T07:08:55","modified_gmt":"2025-01-15T07:08:55","slug":"bonsanto-scrog-gitter-xl","status":"publish","type":"product","link":"https:\/\/donaulife-new.ogrisdigital.at\/en\/bonsanto-scrog-gitter-xl\/","title":{"rendered":"BONSANTO SCROG Gitter | XL"},"content":{"rendered":"<h2>Bonsanto Scrog Gitter XL<\/h2>\n<p>Mit dem Bonsanto\u00ae SCROG Anbaugitter ben\u00f6tigst du kein runterbinden der Pflanze, bzw. du kannst mit der SCROG-Methode deinen Ertrag maximieren. Funktioniert mit der Bonsanto LED als auch mit der SANlight LED in dem Mini Grow Box Koffer perfekt.<\/p>\n<p>Das Scrog Gitter von Bonsanto erm\u00f6glicht dir einfaches runterbinden, und damit ein einfaches begrenzen der H\u00f6he deiner Pflanze. F\u00e4del die Pflanze einfach in das Scrog Gitter. Sei dabei dennoch vorsichtig!<br \/>\nNach vielen Tests empfiehlt Bonsanto jegliches beschneiden Pflanze zu vermeiden. Dazu geh\u00f6rt auch das Topping. Lass deine Pflanze einfach wachsen und f\u00e4delt es weiter in das SCROG Gitter.<br \/>\nDas Einflechten ist eine Form von Low Stress Training kurz LST. Bitte vollziehe das Flechten der Zweige in der Wachstumsphase so fr\u00fch wie m\u00f6glich. In der Bl\u00fctephase kann es deinen Ertrag schm\u00e4lern.<br \/>\nDurch das Scrog Gitter wird das relative Licht f\u00fcr die Pflanze erh\u00f6ht. Es entstehen mehrere Bl\u00fcten und damit ein h\u00f6herer Ertrag.<br \/>\nHinweis: Das Scrog Gitter kann auch perfekt zur Trocknung deiner Pflanzen verwendet werden. Am besten 2 Scrog Gitter \u00fcbereinander in die Box platzieren und dein Pflanzenmaterial darauf platzieren. Jetzt 1 Woche mit laufenden Aktivkohlefilter die Pflanzen trocknen lassen. Der richtige Zeitpunkt ist erreicht, wenn die St\u00e4ngel der Pflanze anfangen zu knacken beim biegen.<\/p>\n<p>Mit der dem Bonsanto\u00ae SCROG Anbaugitter ben\u00f6tigt ihr kein runterbinden der Pflanze, bzw. k\u00f6nnt euren Ertrag maximieren. Funktioniert mit der Bonsanto LED als auch mit der SANlight LED in dem Mini Grow Box Koffer perfekt.<\/p>\n<p><img decoding=\"async\" class=\"alignnone size-medium wp-image-41841\" src=\"https:\/\/www.donaulife.com\/wp-content\/uploads\/2022\/09\/SCROG-1024x512-1-300x150.jpg\" alt=\"\" width=\"300\" height=\"150\" \/><\/p>\n<p><img fetchpriority=\"high\" decoding=\"async\" class=\"alignnone size-medium wp-image-41846\" style=\"font-size: 14.4px;\" src=\"https:\/\/www.donaulife.com\/wp-content\/uploads\/2022\/09\/Scrog-Bonsanto-1-1024x1024-1-300x300.jpg\" alt=\"\" width=\"300\" height=\"300\" \/><img decoding=\"async\" class=\"alignnone size-medium wp-image-41845\" style=\"font-size: 14.4px;\" src=\"https:\/\/www.donaulife.com\/wp-content\/uploads\/2022\/09\/Scrog-Bonsanto-2-1024x1024-1-300x300.jpg\" alt=\"\" width=\"300\" height=\"300\" \/><img loading=\"lazy\" decoding=\"async\" class=\"alignnone size-medium wp-image-41844\" style=\"font-size: 14.4px;\" src=\"https:\/\/www.donaulife.com\/wp-content\/uploads\/2022\/09\/Scrog-Bonsanto-3-1024x1024-1-300x300.jpg\" alt=\"\" width=\"300\" height=\"300\" \/><img loading=\"lazy\" decoding=\"async\" class=\"alignnone size-medium wp-image-41843\" style=\"font-size: 14.4px;\" src=\"https:\/\/www.donaulife.com\/wp-content\/uploads\/2022\/09\/Scrog-Bonsanto-4-1024x1024-1-300x300.jpg\" alt=\"\" width=\"300\" height=\"300\" \/><img loading=\"lazy\" decoding=\"async\" class=\"alignnone size-medium wp-image-41842\" style=\"font-size: 14.4px;\" src=\"https:\/\/www.donaulife.com\/wp-content\/uploads\/2022\/09\/Scrog-Bonsanto-5-1024x1024-1-300x300.jpg\" alt=\"\" width=\"300\" height=\"300\" \/> <span style=\"font-size: 14.4px;\">\u00a0<\/span><span style=\"font-size: 14.4px;\">\u00a0<\/span><span style=\"font-size: 14.4px;\">\u00a0<\/span><\/p>\n<h3>\u00dcber Bonsanto:<\/h3>\n<p>Noch nie war anbauen einfacher. Mit integrierter Bel\u00fcftung und LED Pflanzenlampe. <em>All-in-One Komplettl\u00f6sung \u2013 Getarnt als Koffer<\/em><br \/>\n<em>Kompakt, unauff\u00e4llig und leise. So baut man heute an.<\/em><\/p>\n","protected":false},"excerpt":{"rendered":"<p>Bonsanto Scrog Gitter XL Mit dem Bonsanto\u00ae SCROG Anbaugitter ben\u00f6tigst du kein runterbinden der Pflanze, bzw. du kannst mit der<\/p>\n","protected":false},"featured_media":37023,"comment_status":"open","ping_status":"open","template":"","meta":{"_acf_changed":false},"product_cat":[3078,3075],"product_tag":[3616,3135,3136,3137,3138],"acf":[],"_links":{"self":[{"href":"https:\/\/donaulife-new.ogrisdigital.at\/en\/wp-json\/wp\/v2\/product\/54061"}],"collection":[{"href":"https:\/\/donaulife-new.ogrisdigital.at\/en\/wp-json\/wp\/v2\/product"}],"about":[{"href":"https:\/\/donaulife-new.ogrisdigital.at\/en\/wp-json\/wp\/v2\/types\/product"}],"replies":[{"embeddable":true,"href":"https:\/\/donaulife-new.ogrisdigital.at\/en\/wp-json\/wp\/v2\/comments?post=54061"}],"wp:featuredmedia":[{"embeddable":true,"href":"https:\/\/donaulife-new.ogrisdigital.at\/en\/wp-json\/wp\/v2\/media\/37023"}],"wp:attachment":[{"href":"https:\/\/donaulife-new.ogrisdigital.at\/en\/wp-json\/wp\/v2\/media?parent=54061"}],"wp:term":[{"taxonomy":"product_cat","embeddable":true,"href":"https:\/\/donaulife-new.ogrisdigital.at\/en\/wp-json\/wp\/v2\/product_cat?post=54061"},{"taxonomy":"product_tag","embeddable":true,"href":"https:\/\/donaulife-new.ogrisdigital.at\/en\/wp-json\/wp\/v2\/product_tag?post=54061"}],"curies":[{"name":"wp","href":"https:\/\/api.w.org\/{rel}","templated":true}]}}