{"id":54059,"date":"2022-09-23T09:50:22","date_gmt":"2022-09-23T09:50:22","guid":{"rendered":"https:\/\/donaulife-new.ogrisdigital.at\/produkt\/bonsanto-grow-koffer-xl\/"},"modified":"2024-07-01T01:05:31","modified_gmt":"2024-07-01T01:05:31","slug":"bonsanto-grow-koffer-xl","status":"publish","type":"product","link":"https:\/\/donaulife-new.ogrisdigital.at\/en\/bonsanto-grow-koffer-xl\/","title":{"rendered":"BONSANTO Grow Koffer XL"},"content":{"rendered":"<h2>Bonsanto Grow Koffer XL<\/h2>\n<h3>Lieferumfang:<\/h3>\n<ul>\n<li>Bonsanto Mini-Grow-Box XL inkl. Stellpl\u00e4tze f\u00fcr zwei T\u00f6pfe<\/li>\n<li>SANlight Q1W Lampe inkl. Netzteil<\/li>\n<li>L\u00fcftungssystem inkl. Aktivkohlefilter<\/li>\n<li>Vorinstallierte USB L\u00fcfter (f\u00fcr Luftzirkulation in dem Koffer)<\/li>\n<li>2x K\u00fcbel und 2x Unterteller<\/li>\n<li>Kabelbinder zum Runterbinden der Pflanze<\/li>\n<li>Kurzanleitung<\/li>\n<\/ul>\n<p>Die weltweit erste M\u00f6glichkeit f\u00fcr einfaches und schnelles Indoor-Growing.<\/p>\n<p>V\u00f6llig geruchsfrei. Leistungsstarkes, energiesparendes LED-Licht.<br \/>\nOhne kompliziertes Zubeh\u00f6r. Das ist die Mini-Grow-Box von Bonsanto.<\/p>\n<ul>\n<li>Platz f\u00fcr zwei Pflanzet\u00f6pfe (ca. 3,2l\/Topf)<\/li>\n<li>hochleistungsf\u00e4higes LED-Licht von SANlight<\/li>\n<li>L\u00fcftungssystem mit Aktivkohlefilter f\u00fcr geruchlosen Anbau<\/li>\n<li>kompakt, ordentlich, unauff\u00e4llig &amp; mobil<\/li>\n<li>speziell entwickelter D\u00fcnger, CO2-Bags &amp; Erde optional erh\u00e4ltlich<\/li>\n<li>f\u00fcr Pflanzen bis zu 1,80m (mehr Info\u2019s)<\/li>\n<li>Ertr\u00e4ge bis zu 50g m\u00f6glich<\/li>\n<li>ScrOG-Gitter f\u00fcr die ScrOG-Methode optional erh\u00e4ltlich<\/li>\n<\/ul>\n<p><strong>Unauff\u00e4lliger gehts nicht!<\/strong><\/p>\n<p>Die Mini-Grow-Box ist eine absolute Innovation im Bereich Indoor-Growing. Sie ist kompakt, unauff\u00e4llig leise, und eignet sich auch oder speziell f\u00fcr kleine Wohnbereiche. Trotz Ihrer kompakten Baugr\u00f6\u00dfe ist sie f\u00fcr jede Art der Bepflanzung geeignet \u2013 je nachdem, was eure Lieblingspflanze ist. Und die Mini-Grow-Box bietet gleich Platz f\u00fcr zwei davon \u2013 f\u00fcr doppelten Ertrag!<\/p>\n<p>Die Basis f\u00fcr die Mini-Grow-Box stellt ein spezieller Hartschalenkoffer dar, der entsprechend umgebaut wurde. Er kommt auf Rollen, kann somit problemlos hin- und herbewegt werden, und steht so nie im Weg. Die Box verf\u00fcgt \u00fcber ein eigens entwickeltes L\u00fcftungssystem. Dieses ist in der Lage, einen Unterdruck in der Box zu erzeugen, um zu gew\u00e4hrleisten, dass keinerlei Ger\u00fcche nach au\u00dfen treten, welche f\u00fcr Haus- oder Mitbewohner st\u00f6rend sein k\u00f6nnten. Der daf\u00fcr verantwortliche Aktivkohlefilter h\u00e4lt rund 2-3 Monate (je nach Betriebszeit des L\u00fcfters), und kann leicht zug\u00e4nglich und ohne Werkzeug ausgetauscht werden.<\/p>\n<p>Die Geruchsfiltration ist auch bei der Fermentation eurer Pflanze n\u00fctzlich: Falls Ihr vorhabt, die Box zum Trocknen eurer Pflanze zu verwenden, ist das jetzt auch geruchlos zuhause m\u00f6glich.<\/p>\n<p>Das Aush\u00e4ngeschild der Mini-Grow-Box ist ganz klar die Full Spectrum LED Lampe von SANlight. \u201eFull Spectrum\u201c bedeutet, dass Ihr bei der Mini-Grow-Box nicht \u2013 wie bei herk\u00f6mmlichen Indoor-Grow-L\u00f6sungen \u2013 das verwendete Leuchtmedium tauschen m\u00fcsst, sobald Ihr eine andere Pflanzenart anbaut oder Eure Pflanze in die n\u00e4chste Wachstumsphase \u00fcbergeht. Die hier verwendete LED Lampe ist extrem langlebig und eignet sich f\u00fcr jede Pflanzenart und jede Wachstumsphase \u2013 das spart Kosten, Zeit und Aufwand.<\/p>\n<p>Mit einer Nennleistung von lediglich 50W werden erfahrene Indoor-Grower vorschnell dankend abwinken \u2013 aber lasst euch nicht t\u00e4uschen! Die spezielle und in der Herstellung teure LED Lampe von SANlight stellt herk\u00f6mmliche Leuchtmittel mit einer vielfachen Stromaufnahme in den Schatten, und ist somit nicht nur eine perfekte Allround-L\u00f6sung, sondern verbraucht nur einen kleinen Teil des Stroms, der bei anderen Alternativen verbraucht wird.<\/p>\n<p>Die Lampe verbraucht bei einer Leuchtzeit von 18h\/Tag und einem kWh von 0,35\u20ac nur 9,58\u20ac im Monat \u2013 nat\u00fcrlich immer von Eurem Stromtarif abh\u00e4ngig. Nichtsdestotrotz: keine herk\u00f6mmliche Indoor-Grow-Beleuchtung kann hier mithalten. Im Vergleich zu einer 300W NDL entspricht dies einer Kostenersparnis von rund 47,91\u20ac im Monat.<\/p>\n<p>Zu guter Letzt: Keine Lust, dass jemand an euer Pfl\u00e4nzchen geht? Kein Problem \u2013 die Mini-Grow-Box l\u00e4sst sich mit einem Zahlenschloss verriegeln.<\/p>\n<ul>\n<li><span style=\"font-size: 20.16px;\">Technische Daten:<\/span><\/li>\n<\/ul>\n<ul>\n<li>SANlight Q1W (Lampe) 50W \u2013 CE Kennzeichnung \u2013 wasserfest \u2013 90% Lichtoutput nach 100.000 Std<\/li>\n<li>Gewicht des Koffers rund 4000 Gramm<\/li>\n<li>Volumen 95 L<\/li>\n<li>Abma\u00dfe Koffer 74x47x28cm (HxBxT)<\/li>\n<li>Koffer Polycarbonat \u2013 flammenfest<\/li>\n<li>L\u00fcfter 5V \u2013 USB-Anschluss<\/li>\n<li>L\u00fcftungsschlitze Oben und unten (versteckt)<\/li>\n<li>K\u00fcbelvolumen ca. 3,5l (x2)<\/li>\n<li>Temperatur bei Betrieb ca. 20-25\u00b0C<\/li>\n<\/ul>\n<h3>\u00dcber Bonsanto:<\/h3>\n<p>Noch nie war anbauen einfacher. Mit integrierter Bel\u00fcftung und LED Pflanzenlampe. <em>All-in-One Komplettl\u00f6sung \u2013 Getarnt als Koffer<\/em><br \/>\n<em>Kompakt, unauff\u00e4llig und leise. So baut man heute an.<\/em><\/p>\n<p>&nbsp;<\/p>\n","protected":false},"excerpt":{"rendered":"<p>Bonsanto Grow Koffer XL Lieferumfang: Bonsanto Mini-Grow-Box XL inkl. Stellpl\u00e4tze f\u00fcr zwei T\u00f6pfe SANlight Q1W Lampe inkl. Netzteil L\u00fcftungssystem inkl.<\/p>\n","protected":false},"featured_media":36996,"comment_status":"open","ping_status":"open","template":"","meta":{"_acf_changed":false},"product_cat":[3075,3076],"product_tag":[3616,3135,3136,3137,3138],"acf":[],"_links":{"self":[{"href":"https:\/\/donaulife-new.ogrisdigital.at\/en\/wp-json\/wp\/v2\/product\/54059"}],"collection":[{"href":"https:\/\/donaulife-new.ogrisdigital.at\/en\/wp-json\/wp\/v2\/product"}],"about":[{"href":"https:\/\/donaulife-new.ogrisdigital.at\/en\/wp-json\/wp\/v2\/types\/product"}],"replies":[{"embeddable":true,"href":"https:\/\/donaulife-new.ogrisdigital.at\/en\/wp-json\/wp\/v2\/comments?post=54059"}],"wp:featuredmedia":[{"embeddable":true,"href":"https:\/\/donaulife-new.ogrisdigital.at\/en\/wp-json\/wp\/v2\/media\/36996"}],"wp:attachment":[{"href":"https:\/\/donaulife-new.ogrisdigital.at\/en\/wp-json\/wp\/v2\/media?parent=54059"}],"wp:term":[{"taxonomy":"product_cat","embeddable":true,"href":"https:\/\/donaulife-new.ogrisdigital.at\/en\/wp-json\/wp\/v2\/product_cat?post=54059"},{"taxonomy":"product_tag","embeddable":true,"href":"https:\/\/donaulife-new.ogrisdigital.at\/en\/wp-json\/wp\/v2\/product_tag?post=54059"}],"curies":[{"name":"wp","href":"https:\/\/api.w.org\/{rel}","templated":true}]}}