{"id":54022,"date":"2022-09-12T15:42:59","date_gmt":"2022-09-12T15:42:59","guid":{"rendered":"https:\/\/donaulife-new.ogrisdigital.at\/produkt\/black-leaf-bubbler-rauchschwade-mit-2x-trommelpercolator-405-cm\/"},"modified":"2024-07-01T01:01:36","modified_gmt":"2024-07-01T01:01:36","slug":"black-leaf-bubbler-rauchschwade-mit-2x-trommelpercolator-405-cm","status":"publish","type":"product","link":"https:\/\/donaulife-new.ogrisdigital.at\/en\/black-leaf-bubbler-rauchschwade-mit-2x-trommelpercolator-405-cm\/","title":{"rendered":"BLACK LEAF Bubbler &#8216;Rauchschwade&#8217; mit 2x Trommelpercolator | 40,5 cm"},"content":{"rendered":"<h2>Black Leaf Bubbler mit Trommelpercolator<\/h2>\n<p>Die sch\u00f6ne Icebong von Black Leaf\u00ae aus Borosilikatglas hat zwei Drumperkolatoren, die den Rauch kr\u00e4ftig verwirbeln und das Bongwasser ordentlich blubbern lassen. Dies hat eine angenehme Rauchabk\u00fchlung und -filterung zur Folge. Zus\u00e4tzlich gibt es eine Spritzschutzkuppel, so dass kein Wasser inhaliert werden kann. \u00dcber dem Spritzschutz befindet sich noch eine Icekammer f\u00fcr noch mehr K\u00fchlung.<\/p>\n<p>\u2714\ufe0f effiziente Rauchabk\u00fchlung und -filterung<br \/>\n\u2714\ufe0f robuste Qualit\u00e4t<br \/>\n\u2714\ufe0f ansprechendes Design mit farbigen Elementen<\/p>\n<p>Die Glasbong ist aus stabilem, 5mm starken Glasrohr gefertigt und sehr standfest. Der Kr\u00e4uterkopf hat einen bequemen, breiten Griff zum Hochziehen beim letzten Hit. Wir empfehlen Siebchen mit einem Durchmesser von 12-13mm.<\/p>\n<h3><span style=\"font-size: 20.16px;\">\u00dcber Black Leaf:<\/span><\/h3>\n<div>\n<p>In Weed We Trust ? Smoking\u00a0<em>Paraphernalia<\/em> seit 1988: Bongs, Pfeifen, Vaporizer, Grinder, Dabbing Zubeh\u00f6r, Paper &amp; Filter, Lifestyle Produkte. Es gibt viele Innovative Produkte der Marke die auch die ein oder andere Weltneuheit erschaffen haben. Im Shop bieten wir von allen Produkten die beste Auswahl.<\/p>\n<\/div>\n","protected":false},"excerpt":{"rendered":"<p>Black Leaf Bubbler mit Trommelpercolator Die sch\u00f6ne Icebong von Black Leaf\u00ae aus Borosilikatglas hat zwei Drumperkolatoren, die den Rauch kr\u00e4ftig<\/p>\n","protected":false},"featured_media":36908,"comment_status":"open","ping_status":"open","template":"","meta":{"_acf_changed":false},"product_cat":[2514,2548,2459,2513,2515,2577,2506,2463],"product_tag":[2521],"acf":[],"_links":{"self":[{"href":"https:\/\/donaulife-new.ogrisdigital.at\/en\/wp-json\/wp\/v2\/product\/54022"}],"collection":[{"href":"https:\/\/donaulife-new.ogrisdigital.at\/en\/wp-json\/wp\/v2\/product"}],"about":[{"href":"https:\/\/donaulife-new.ogrisdigital.at\/en\/wp-json\/wp\/v2\/types\/product"}],"replies":[{"embeddable":true,"href":"https:\/\/donaulife-new.ogrisdigital.at\/en\/wp-json\/wp\/v2\/comments?post=54022"}],"wp:featuredmedia":[{"embeddable":true,"href":"https:\/\/donaulife-new.ogrisdigital.at\/en\/wp-json\/wp\/v2\/media\/36908"}],"wp:attachment":[{"href":"https:\/\/donaulife-new.ogrisdigital.at\/en\/wp-json\/wp\/v2\/media?parent=54022"}],"wp:term":[{"taxonomy":"product_cat","embeddable":true,"href":"https:\/\/donaulife-new.ogrisdigital.at\/en\/wp-json\/wp\/v2\/product_cat?post=54022"},{"taxonomy":"product_tag","embeddable":true,"href":"https:\/\/donaulife-new.ogrisdigital.at\/en\/wp-json\/wp\/v2\/product_tag?post=54022"}],"curies":[{"name":"wp","href":"https:\/\/api.w.org\/{rel}","templated":true}]}}