{"id":54014,"date":"2022-09-12T15:20:03","date_gmt":"2022-09-12T15:20:03","guid":{"rendered":"https:\/\/donaulife-new.ogrisdigital.at\/produkt\/black-leaf-bubbler-multilevel-mit-3x-8-arm-baumpercolator-39-cm\/"},"modified":"2024-07-01T01:01:32","modified_gmt":"2024-07-01T01:01:32","slug":"black-leaf-bubbler-multilevel-mit-3x-8-arm-baumpercolator-39-cm","status":"publish","type":"product","link":"https:\/\/donaulife-new.ogrisdigital.at\/en\/black-leaf-bubbler-multilevel-mit-3x-8-arm-baumpercolator-39-cm\/","title":{"rendered":"BLACK LEAF Bubbler &#8216;Multilevel&#8217; mit 3x 8-Arm Baumpercolator | 39 cm"},"content":{"rendered":"<h2>Black Leaf Bubbler mit Baumpercolator<\/h2>\n<p>Diese krasse Multilevel-Glasblubber von Black Leaf\u00ae bietet dem Benutzer maximale Diffusion durch das 3-Kammer-System mit 3x 8-Arm-Baumperkolatoren. Das heftige Geblubber im Pfeifeninnere sieht nicht nur cool aus, sondern sorgt auch f\u00fcr eine ordentliche Abk\u00fchlung des Rauches.<\/p>\n<p>Und smootherer, reinerer Genuss optimiert den Rauchspa\u00df. Daf\u00fcr sorgt auch die gem\u00fctlichere Haltung, die der Bongraucher dank des gebogenen Mundst\u00fccks einnehmen kann \u2013 f\u00fcr alle, die sich lieber schon VOR der ersten Z\u00fcndung bequem zur\u00fccklehnen\u2026<\/p>\n<p>Der Lift-off Kopf f\u00fcr Kr\u00e4uter hat einen gro\u00dfen Durchlass. Der senkrechte Schliff NS 19 ist ebenfalls perfekt f\u00fcr Vaporizer mit Bongadapter. Hergestellt aus langlebigem und 5mm dickem Borosilikatglas, hat dieses St\u00fcck mit dem stabilen Bongfu\u00df eine lange Lebensdauer.<\/p>\n<h3><span style=\"font-size: 20.16px;\">\u00dcber Black Leaf:<\/span><\/h3>\n<div>\n<p>In Weed We Trust ? Smoking\u00a0<em>Paraphernalia<\/em> seit 1988: Bongs, Pfeifen, Vaporizer, Grinder, Dabbing Zubeh\u00f6r, Paper &amp; Filter, Lifestyle Produkte. Es gibt viele Innovative Produkte der Marke die auch die ein oder andere Weltneuheit erschaffen haben. Im Shop bieten wir von allen Produkten die beste Auswahl.<\/p>\n<\/div>\n","protected":false},"excerpt":{"rendered":"<p>Black Leaf Bubbler mit Baumpercolator Diese krasse Multilevel-Glasblubber von Black Leaf\u00ae bietet dem Benutzer maximale Diffusion durch das 3-Kammer-System mit<\/p>\n","protected":false},"featured_media":36862,"comment_status":"open","ping_status":"open","template":"","meta":{"_acf_changed":false},"product_cat":[2514,2548,2459,2513,2577,2506,2463,2520],"product_tag":[2521],"acf":[],"_links":{"self":[{"href":"https:\/\/donaulife-new.ogrisdigital.at\/en\/wp-json\/wp\/v2\/product\/54014"}],"collection":[{"href":"https:\/\/donaulife-new.ogrisdigital.at\/en\/wp-json\/wp\/v2\/product"}],"about":[{"href":"https:\/\/donaulife-new.ogrisdigital.at\/en\/wp-json\/wp\/v2\/types\/product"}],"replies":[{"embeddable":true,"href":"https:\/\/donaulife-new.ogrisdigital.at\/en\/wp-json\/wp\/v2\/comments?post=54014"}],"wp:featuredmedia":[{"embeddable":true,"href":"https:\/\/donaulife-new.ogrisdigital.at\/en\/wp-json\/wp\/v2\/media\/36862"}],"wp:attachment":[{"href":"https:\/\/donaulife-new.ogrisdigital.at\/en\/wp-json\/wp\/v2\/media?parent=54014"}],"wp:term":[{"taxonomy":"product_cat","embeddable":true,"href":"https:\/\/donaulife-new.ogrisdigital.at\/en\/wp-json\/wp\/v2\/product_cat?post=54014"},{"taxonomy":"product_tag","embeddable":true,"href":"https:\/\/donaulife-new.ogrisdigital.at\/en\/wp-json\/wp\/v2\/product_tag?post=54014"}],"curies":[{"name":"wp","href":"https:\/\/api.w.org\/{rel}","templated":true}]}}