{"id":54012,"date":"2022-09-12T15:11:27","date_gmt":"2022-09-12T15:11:27","guid":{"rendered":"https:\/\/donaulife-new.ogrisdigital.at\/produkt\/black-leaf-eisbong-blue-ocean-2x-10-arm-percolator-46-cm\/"},"modified":"2025-01-15T07:09:00","modified_gmt":"2025-01-15T07:09:00","slug":"black-leaf-eisbong-blue-ocean-2x-10-arm-percolator-46-cm","status":"publish","type":"product","link":"https:\/\/donaulife-new.ogrisdigital.at\/en\/black-leaf-eisbong-blue-ocean-2x-10-arm-percolator-46-cm\/","title":{"rendered":"BLACK LEAF Eisbong &#8216;Blue Ocean&#8217; 2x 10-Arm Percolator | 46 cm"},"content":{"rendered":"<h2>Black Leaf Eisbong mit 2x 10-Arm Percolator<\/h2>\n<p>Rauchabk\u00fchlung und Rauchfilterung wird bei dieser coolen Glasbong von\u00a0<strong>Black Leaf\u00ae<\/strong>\u00a0gro\u00df geschrieben. Daf\u00fcr sorgen direkt zwei 10-armige Baumperkolatoren, die das Wasser und den Rauch kr\u00e4ftig verwirbeln. Ist noch mehr Rauchabk\u00fchlung gew\u00fcnscht, einfach die Icekammer mit Eisw\u00fcrfeln bef\u00fcllen. Eiskalte, aber wirkungsvolle Hits sind garantiert.<\/p>\n<p>\u2714\ufe0f 2x 10-Arm-Perkolator f\u00fcr absolute Rauchk\u00fchlung und -filterung<br \/>\n\u2714\ufe0f straighter Durchzug, h\u00f6llisch gute Hits<br \/>\n\u2714\ufe0f robuste, standfeste Qualit\u00e4t<\/p>\n<p>Ausgestattet ist die Multiperkolatorbong mit einem Lift-off-Kr\u00e4uterkopf mit gro\u00dfem Fassungsverm\u00f6gen. Der Durchlass ist ebenfalls eher gro\u00df, so dass wir die Verwendung von Siebchen empfehlen.<\/p>\n<p>Das komfortabel abgerundete Mundst\u00fcck, der stabile Standfu\u00df, fette 5mm Wandst\u00e4rke und nicht zuletzt der gute Durchzug lassen bei dieser Bong aus bestem Borosilikatglas bestimmt keine W\u00fcnsche offen.<\/p>\n<h3><span style=\"font-size: 20.16px;\">\u00dcber Black Leaf:<\/span><\/h3>\n<div>\n<p>In Weed We Trust? Smoking <em>Paraphernalia<\/em> seit 1988: Bongs, Pfeifen, Vaporizer, Grinder, Dabbing Zubeh\u00f6r, Paper &amp; Filter, Lifestyle Produkte. Es gibt viele Innovative Produkte der Marke die auch die ein oder andere Weltneuheit erschaffen haben. Im Shop bieten wir von allen Produkten die beste Auswahl.<\/p>\n<\/div>\n","protected":false},"excerpt":{"rendered":"<p>Black Leaf Eisbong mit 2x 10-Arm Percolator Rauchabk\u00fchlung und Rauchfilterung wird bei dieser coolen Glasbong von\u00a0Black Leaf\u00ae\u00a0gro\u00df geschrieben. Daf\u00fcr sorgen<\/p>\n","protected":false},"featured_media":36842,"comment_status":"open","ping_status":"open","template":"","meta":{"_acf_changed":false},"product_cat":[2514,2548,2459,2510,2523,2577,2506,2463,2520],"product_tag":[2521],"acf":[],"_links":{"self":[{"href":"https:\/\/donaulife-new.ogrisdigital.at\/en\/wp-json\/wp\/v2\/product\/54012"}],"collection":[{"href":"https:\/\/donaulife-new.ogrisdigital.at\/en\/wp-json\/wp\/v2\/product"}],"about":[{"href":"https:\/\/donaulife-new.ogrisdigital.at\/en\/wp-json\/wp\/v2\/types\/product"}],"replies":[{"embeddable":true,"href":"https:\/\/donaulife-new.ogrisdigital.at\/en\/wp-json\/wp\/v2\/comments?post=54012"}],"wp:featuredmedia":[{"embeddable":true,"href":"https:\/\/donaulife-new.ogrisdigital.at\/en\/wp-json\/wp\/v2\/media\/36842"}],"wp:attachment":[{"href":"https:\/\/donaulife-new.ogrisdigital.at\/en\/wp-json\/wp\/v2\/media?parent=54012"}],"wp:term":[{"taxonomy":"product_cat","embeddable":true,"href":"https:\/\/donaulife-new.ogrisdigital.at\/en\/wp-json\/wp\/v2\/product_cat?post=54012"},{"taxonomy":"product_tag","embeddable":true,"href":"https:\/\/donaulife-new.ogrisdigital.at\/en\/wp-json\/wp\/v2\/product_tag?post=54012"}],"curies":[{"name":"wp","href":"https:\/\/api.w.org\/{rel}","templated":true}]}}